{"id":16784,"date":"2026-02-11T12:02:15","date_gmt":"2026-02-11T11:02:15","guid":{"rendered":"https:\/\/rahtek-dz.com\/product\/biscuits-taranis\/"},"modified":"2026-02-11T12:02:15","modified_gmt":"2026-02-11T11:02:15","slug":"biscuits-taranis","status":"publish","type":"product","link":"https:\/\/rahtek-dz.com\/ar\/product\/biscuits-taranis\/","title":{"rendered":"\u0628\u0633\u0643\u0648\u064a\u062a \u062a\u0627\u0631\u0627\u0646\u0650\u0633"},"content":{"rendered":"<p>Les biscuits Taranis \u00e0 faible teneur en prot\u00e9ines sont destin\u00e9s aux personnes n\u00e9cessitant un r\u00e9gime hypoprotidique , notamment en cas de maladies du catabolisme des acides amin\u00e9s ou d&rsquo;insuffisance r\u00e9nale. Leur texture moelleuse et leur format pratique en font une option id\u00e9ale, que ce soit pour une collation rapide ou un en-cas \u00e0 emporter. Biscuits Taranis : parfait pour un go\u00fbter faible en prot\u00e9ine \u00e0 emporter Les biscuits hypoprotidiques Taranis se d\u00e9clinent en quatre saveurs diff\u00e9rentes , parfaits pour un go\u00fbter savoureux sans prise de t\u00eate. Vous appr\u00e9cierez la texture friable et le go\u00fbt d\u00e9licat des biscuits sabl\u00e9s Taranis tandis que les biscuits \u00e0 la framboise vous raviront avec leur croquant et la douceur fruit\u00e9e de la framboise. Les gourmands se r\u00e9galeront avec les biscuits aux p\u00e9pites de chocolat Taranis , ou encore les biscuits aux \u00e9clats de caramel , qui offriront une explosion de saveur dans une pause sucr\u00e9e \u00e0 faible teneur en prot\u00e9ine. Ingr\u00e9dients Biscuits Taranis Sabl\u00e9s :\u00a0Amidons de ma\u00efs*, huile de palme*, sucre*, sirop de glucose*, extrait de vanille*, \u00e9mulsifiant (l\u00e9cithine de tournesol*), caramel* (sucre*, eau), poudre \u00e0 lever (carbonate d&rsquo;ammonium). Biscuits Taranis Framboise : Amidons de ma\u00efs*, huile de palme*, sucre*, sirop de glucose*, ar\u00f4me naturel de framboise *, \u00e9mulsifiant (l\u00e9cithine de tournesol*), sucre de canne*, framboises* (0,32%), caramel* (sucre*, eau), poudre \u00e0 lever (carbonate d&rsquo;ammonium). Biscuits Taranis P\u00e9pites de Chocolat :\u00a0Amidons de ma\u00efs*, huile de palme*, sucre*, sirop de glucose*, p\u00e9pites de chocolat noir * (4,1%), (sucre de canne*, p\u00e2te de cacao *, beurre de cacao *), extrait de vanille *, \u00e9mulsifiant (l\u00e9cithine de tournesol*), caramel* (sucre*, eau), poudre \u00e0 lever (carbonate d&rsquo;ammonium). Biscuits Taranis \u00c9clats de Caramel : Amidons de ma\u00efs*, huile de palme*, sucre*, sirop de glucose*, \u00e9clats de caramel * (3%) (sucre*, sirop de glucose*, cr\u00e8me * ( lait ), beurre * ( lait ), eau, sel), ar\u00f4me naturel de caramel *, \u00e9mulsifiant (l\u00e9cithine de tournesol*), caramel* (sucre*, eau), poudre \u00e0 lever (carbonate d&rsquo;ammonium). Pr\u00e9sence possible de fruits \u00e0 coque, \u0153ufs, lait. Sans gluten. *ingr\u00e9dients issus de l&rsquo; agriculture biologique . VALEURS NUTRITIONNELLES BISCUITS HYPOPROTIDIQUES TARANIS Biscuits Sabl\u00e9s Bio Valeurs nutritionnelles moyennes Pour 100 g de produit Valeur \u00e9nerg\u00e9tique 2038 kJ (485 kcal) Mati\u00e8res grasses 19.0 g Dont acides gras satur\u00e9s 9.0 g Glucides 78.0 g Dont sucres 18.0 g Prot\u00e9ines 0.5 g Dont Ph\u00e9nylalanine 9.0 mg M\u00e9thionine 6.0 mg Leucine 19.0 mg Thr\u00e9onine 9.0 mg Isoleucine 8.0 mg Lysine 5.0 mg Valine 12.2 mg Cystine <4.0 mg Tyrosine 7.0 mg Arginine 8.8 mg Sel 0.02 g Sels min\u00e9raux Sodium 8.0 mg Potassium 17.0 mg Chlorure 60.0 mg Calcium 12.3 mg Phosphore 22.5 mg Magn\u00e9sium 6.7 mg Biscuits Framboises Bio Valeurs nutritionnelles moyennes Pour 100 g de produit Valeur \u00e9nerg\u00e9tique 2047 kJ (487 kcal) Mati\u00e8res grasses 19.0 g Dont acides gras satur\u00e9s 9.0 g Glucides 78.0 g Dont sucres 18.0 g Fibres alimentaires 1.0 g Prot\u00e9ines 0.6 g Dont Ph\u00e9nylalanine 9.0 mg M\u00e9thionine 6.0 mg Leucine 19.0 mg Thr\u00e9onine 9.0 mg Isoleucine 8.0 mg Lysine 5.0 mg Valine 12.2 mg Cystine <4.0 mg Tyrosine 7.0 mg Arginine 8.8 mg Sel 0.02 g Sels min\u00e9raux Sodium 8.0 mg Potassium 24.0 mg Chlorure <50 mg Calcium 12.3 mg Phosphore 22.5 mg Magn\u00e9sium 6.7 mg Biscuits P\u00e9pites de chocolat Bio Valeurs nutritionnelles moyennes Pour 100 g de produit Valeur \u00e9nerg\u00e9tique 2078 kJ (495 kcal) Mati\u00e8res grasses 20.0 g Dont acides gras satur\u00e9s 9.5 g Glucides 78.0 g Dont sucres 18.0 g Prot\u00e9ines 0.7 g Dont Ph\u00e9nylalanine 20.0 mg M\u00e9thionine 12.0 mg Leucine 34.0 mg Thr\u00e9onine 14.5 mg Isoleucine 15.5 mg Lysine 13.0 mg Valine 24.0 mg Cystine 17.5 mg Tyrosine 12.5 mg Arginine 21.0 mg Sel 0.02 g Sels min\u00e9raux Sodium 8.0 mg Potassium 36.0 mg Chlorure <50 mg Calcium 12.3 mg Phosphore 30.0 mg Magn\u00e9sium 12.0 mg Biscuits \u00e9clats de caramel bio Valeurs nutritionnelles moyennes Pour 100 g de produit Valeur \u00e9nerg\u00e9tique 2033 kJ (484 kcal) Mati\u00e8res grasses 18.0 g Dont acides gras satur\u00e9s 8.5 g Glucides 80.0 g Dont sucres 19.5 g Prot\u00e9ines 0.4 g Dont Ph\u00e9nylalanine 11.0 mg M\u00e9thionine 7.0 mg Leucine 23.0 mg Thr\u00e9onine 8.0 mg Isoleucine 8.6 mg Lysine 5.0 mg Valine 12.6 mg Cystine <4.0 mg Tyrosine 7.0 mg Arginine 8.0 mg Sel 0.03 g Sels min\u00e9raux Sodium 11.0 mg Potassium 17.0 mg Chlorure 50.0 mg Calcium 12.3 mg Phosphore 22.5 mg Magn\u00e9sium 6.7 mg Avis du \t\t\t\t\t\t\t                                                                                pharmacien \t\t\t\t\t\t\t                                                                                sur Biscuits Taranis Pr\u00e9cautions : les biscuits Taranis sont adapt\u00e9es pour les besoins nutritionnels en cas de r\u00e9gime\u00a0\u00e0 teneur r\u00e9duite en protides . Aliment di\u00e9t\u00e9tique destin\u00e9 \u00e0 des fins m\u00e9dicales sp\u00e9ciales, pauvre en prot\u00e9ines . Aliment incomplet , ne peut \u00eatre utilis\u00e9 comme seule source d\u2019alimentation. A utiliser sous contr\u00f4le m\u00e9dical . Ne convient pas aux enfants et adultes en bonne sant\u00e9, ni aux enfants de moins de 3 ans .  Conserver dans un endroit sec et \u00e0 temp\u00e9rature ambiante avant ouverture. \u00c0 consommer dans les 24 heures apr\u00e8s ouverture du sachet.\u00a0Dur\u00e9e de vie : 14 mois Conditionnement propos\u00e9 par votre pharmacie en ligne : Etui 120 g (4 sachets de 4 biscuits) ; saveur\u00a0sabl\u00e9s, framboise, p\u00e9pites de chocolat ou \u00e9clats de caramel.  Retrouvez touts les produits hypoprotidiques Taranis sur notre Pharmacie en ligne. Vous aimerez peut-\u00eatre aussi les pauses dessert\u00a0Taranis go\u00fbt caramel ou fraise. Marque Taranis R\u00e9f\u00e9rence(s) 3551101982421, 3551101982438, 3551101982445, 3551101982452 Mis \u00e0 jour le : 09\/10\/2024\n<\/p>","protected":false},"excerpt":{"rendered":"<p>Les biscuits Taranis \u00e0 faible teneur en prot\u00e9ines sont destin\u00e9s aux personnes n\u00e9cessitant un r\u00e9gime hypoprotidique , notamment en cas<\/p>","protected":false},"featured_media":16783,"comment_status":"open","ping_status":"closed","template":"","meta":{"_acf_changed":false},"product_brand":[],"product_cat":[275],"product_tag":[],"class_list":{"0":"post-16784","1":"product","2":"type-product","3":"status-publish","4":"has-post-thumbnail","6":"product_cat-aide-technique","8":"first","9":"instock","10":"shipping-taxable","11":"product-type-simple"},"acf":[],"df_price":"","df_sale_price":"","df_regular_price":"","df_image_link":"https:\/\/rahtek-dz.com\/wp-content\/uploads\/2026\/02\/w-501-h-501-zc-2-biscuits-taranis-taranis11-1729520890.jpg-300x300.webp","_links":{"self":[{"href":"https:\/\/rahtek-dz.com\/ar\/wp-json\/wp\/v2\/product\/16784","targetHints":{"allow":["GET"]}}],"collection":[{"href":"https:\/\/rahtek-dz.com\/ar\/wp-json\/wp\/v2\/product"}],"about":[{"href":"https:\/\/rahtek-dz.com\/ar\/wp-json\/wp\/v2\/types\/product"}],"replies":[{"embeddable":true,"href":"https:\/\/rahtek-dz.com\/ar\/wp-json\/wp\/v2\/comments?post=16784"}],"wp:featuredmedia":[{"embeddable":true,"href":"https:\/\/rahtek-dz.com\/ar\/wp-json\/wp\/v2\/media\/16783"}],"wp:attachment":[{"href":"https:\/\/rahtek-dz.com\/ar\/wp-json\/wp\/v2\/media?parent=16784"}],"wp:term":[{"taxonomy":"product_brand","embeddable":true,"href":"https:\/\/rahtek-dz.com\/ar\/wp-json\/wp\/v2\/product_brand?post=16784"},{"taxonomy":"product_cat","embeddable":true,"href":"https:\/\/rahtek-dz.com\/ar\/wp-json\/wp\/v2\/product_cat?post=16784"},{"taxonomy":"product_tag","embeddable":true,"href":"https:\/\/rahtek-dz.com\/ar\/wp-json\/wp\/v2\/product_tag?post=16784"}],"curies":[{"name":"wp","href":"https:\/\/api.w.org\/{rel}","templated":true}]}}