{"id":16792,"date":"2026-02-11T12:02:15","date_gmt":"2026-02-11T11:02:15","guid":{"rendered":"https:\/\/rahtek-dz.com\/product\/oral-b-io-kids-brosse-a-dents-electrique\/"},"modified":"2026-02-11T12:02:15","modified_gmt":"2026-02-11T11:02:15","slug":"oral-b-io-kids-brosse-a-dents-electrique","status":"publish","type":"product","link":"https:\/\/rahtek-dz.com\/ar\/product\/oral-b-io-kids-brosse-a-dents-electrique\/","title":{"rendered":"Oral B iO Kids Brosse \u00e0 Dents \u00e9lectrique"},"content":{"rendered":"<p>La brosse \u00e0 dents \u00e9lectrique\u00a0iO Kids\u00a0propos\u00e9e par\u00a0Oral B a \u00e9t\u00e9 sp\u00e9cifiquement con\u00e7ue le nettoyage des dents des enfants \u00e2g\u00e9s de\u00a06 ans et plus, et est disponible en versions\u00a0Spiderman\u00a0ou Stitch. Sp\u00e9cialement pens\u00e9e pour apporter un nettoyage doux et efficace de leurs dents \u00e0 vos enfants, la brosse \u00e0 dents \u00e9lectrique\u00a0iO Kids Oral B est une solution id\u00e9ale pour l&rsquo;\u00e9tape de l&rsquo; apprentissage du brossage des dents , une p\u00e9riode tr\u00e8s importante pour le d\u00e9veloppement de votre enfant. Elle\u00a0a ainsi \u00e9t\u00e9 sp\u00e9cifiquement \u00e9labor\u00e9e pour transformer ce moment pas toujours agr\u00e9able\u00a0en un instant plus ludique, notamment gr\u00e2ce \u00e0 ses jolis motifs et \u00e0 ses diff\u00e9rentes fonctionnalit\u00e9s .\u00a0Fruit d&rsquo;une collaboration \u00e9troite avec des experts dentaires, ce mod\u00e8le est \u00e9galement recommand\u00e9 par les dentistes pour les enfants de plus de 6 ans. Elle a \u00e9t\u00e9 pens\u00e9e pour aider les plus jeunes \u00e0 prendre de bonnes habitudes quant \u00e0 leur hygi\u00e8ne bucco-dentaire . Quels sont les int\u00e9r\u00eats de la\u00a0brosse \u00e0 dents \u00e9lectrique\u00a0iO Kids Oral B pour votre enfant ? Contrairement aux brosses manuelles classiques, la brosse \u00e0 dents \u00e9lectrique\u00a0iO Kids permet d&rsquo; \u00e9liminer bien plus de plaque dentaire . Elle dispose de 3 modes de brossage personnalisables, notamment un programme douceur unique. Ce dernier est essentiel pour nettoyer efficacement les dents des enfants\u00a0tout en respectant la fragilit\u00e9 de leurs gencives et des dents de lait qui commencent \u00e0 bouger.\u00a0La conception de la t\u00eate de cette brosse a elle aussi \u00e9t\u00e9 pens\u00e9e pour prendre soin de la bouche des tout petits : Une petite t\u00eate ronde , id\u00e9ale pour atteindre facilement chaque recoin de la dentition . Des brins extra-souples , pour un contact d\u00e9licat sur les gencives qui \u00e9vite les irritations. Une protection anti-caries : cette brosse est tr\u00e8s efficace pour maintenir une dentition saine . Pour encourager les enfants \u00e0 se brosser les dents r\u00e9guli\u00e8rement, Oral-B s\u2019est associ\u00e9 avec Disney pour proposer 2 mod\u00e8les pour sa brosse iO Kids\u00a0: Spiderman ou Stitch . La brosse est \u00e9galement dot\u00e9e d&rsquo;un minuteur musical de 2 minutes , pour les inciter \u00e0 respecter les recommandations des dentistes. De plus, la brosse peut \u00eatre utilis\u00e9e avec l\u2019application Disney Magic Timer . Celle-ci permet de transformer le brossage en un jeu interactif. Enfin, vous pourrez aussi retrouver des brossettes de rechange en lots de 3, \u00e9galement aux th\u00e8mes de Stitch ou de Spider-Man, pour prolonger la dur\u00e9e de vie de la brosse iO Kids. Vous pourrez s\u00e9lectionner la\u00a0brosse \u00e0 dents \u00e9lectrique\u00a0iO Kids\u00a0Oral B et ses accessoires parmi les pr\u00e9sentations suivantes\u00a0chez Pharmacie des Drakkars : 1 brosse \u00e0 dents \u00e9lectrique\u00a0iO Kids\u00a0Spider-Man 1 brosse\u00a0\u00e0 dents \u00e9lectrique\u00a0iO Kids\u00a0Stitch Lot de 3 brossettes de rechange Spider-Man Lot de 3 brossettes de rechange Stitch Avis du \t\t\t\t\t\t\t                                                                                pharmacien \t\t\t\t\t\t\t                                                                                sur Oral B iO Kids Brosse \u00e0 Dents \u00e9lectrique Il est recommand\u00e9 d\u2019inciter votre enfant \u00e0 se brosser les dents au moins 2 fois par jour, mais \u00e9galement de remplacer la t\u00eate de brosse tous les 3 mois environ. Marque Oral-B iO R\u00e9f\u00e9rence(s) 8700216930604, 8700216930666, 8700216931380, 8700216931533 Mis \u00e0 jour le : 21\/01\/2026<\/p>","protected":false},"excerpt":{"rendered":"<p>La brosse \u00e0 dents \u00e9lectrique\u00a0iO Kids\u00a0propos\u00e9e par\u00a0Oral B a \u00e9t\u00e9 sp\u00e9cifiquement con\u00e7ue le nettoyage des dents des enfants \u00e2g\u00e9s de\u00a06<\/p>","protected":false},"featured_media":16791,"comment_status":"open","ping_status":"closed","template":"","meta":{"_acf_changed":false},"product_brand":[],"product_cat":[275],"product_tag":[],"class_list":{"0":"post-16792","1":"product","2":"type-product","3":"status-publish","4":"has-post-thumbnail","6":"product_cat-aide-technique","8":"first","9":"instock","10":"shipping-taxable","11":"product-type-simple"},"acf":[],"df_price":"","df_sale_price":"","df_regular_price":"","df_image_link":"https:\/\/rahtek-dz.com\/wp-content\/uploads\/2026\/02\/w-501-h-501-zc-2-oral-b-io-kids-brosse-a-dents-electrique-oral-b-io16-1769000061.jpg-300x300.webp","_links":{"self":[{"href":"https:\/\/rahtek-dz.com\/ar\/wp-json\/wp\/v2\/product\/16792","targetHints":{"allow":["GET"]}}],"collection":[{"href":"https:\/\/rahtek-dz.com\/ar\/wp-json\/wp\/v2\/product"}],"about":[{"href":"https:\/\/rahtek-dz.com\/ar\/wp-json\/wp\/v2\/types\/product"}],"replies":[{"embeddable":true,"href":"https:\/\/rahtek-dz.com\/ar\/wp-json\/wp\/v2\/comments?post=16792"}],"wp:featuredmedia":[{"embeddable":true,"href":"https:\/\/rahtek-dz.com\/ar\/wp-json\/wp\/v2\/media\/16791"}],"wp:attachment":[{"href":"https:\/\/rahtek-dz.com\/ar\/wp-json\/wp\/v2\/media?parent=16792"}],"wp:term":[{"taxonomy":"product_brand","embeddable":true,"href":"https:\/\/rahtek-dz.com\/ar\/wp-json\/wp\/v2\/product_brand?post=16792"},{"taxonomy":"product_cat","embeddable":true,"href":"https:\/\/rahtek-dz.com\/ar\/wp-json\/wp\/v2\/product_cat?post=16792"},{"taxonomy":"product_tag","embeddable":true,"href":"https:\/\/rahtek-dz.com\/ar\/wp-json\/wp\/v2\/product_tag?post=16792"}],"curies":[{"name":"wp","href":"https:\/\/api.w.org\/{rel}","templated":true}]}}