{"id":16794,"date":"2026-02-11T12:02:15","date_gmt":"2026-02-11T11:02:15","guid":{"rendered":"https:\/\/rahtek-dz.com\/product\/lehning-l72\/"},"modified":"2026-02-11T12:02:15","modified_gmt":"2026-02-11T11:02:15","slug":"lehning-l72","status":"publish","type":"product","link":"https:\/\/rahtek-dz.com\/ar\/product\/lehning-l72\/","title":{"rendered":"\u0644\u064a\u0646\u064a\u0646\u062c L72"},"content":{"rendered":"<p>Lehning L72 Troubles du Sommeil est un m\u00e9dicament hom\u00e9opathique sous forme de comprim\u00e9s orodispersibles, utilis\u00e9 en cas de troubles mineurs du sommeil li\u00e9s \u00e0 la nervosit\u00e9 et \u00e0 l&rsquo;anxi\u00e9t\u00e9. Pourquoi utiliser Lehning L72 Troubles du Sommeil\u00a0? Le m\u00e9dicament hom\u00e9opathique L72 de Lehning est traditionnellement utilis\u00e9 dans les troubles du sommeil li\u00e9s \u00e0 : la nervosit\u00e9 : \u00e9motivit\u00e9, stress un \u00e9tat anxieux Comment prendre les comprim\u00e9s orodispersibles Lehning L72 ? Ce m\u00e9dicament est r\u00e9serv\u00e9 \u00e0 l&rsquo;adulte et \u00e0 l&rsquo;enfant de plus de 30 mois. Prenez L72 Troubles du Sommeil de pr\u00e9f\u00e9rence en dehors du repas : Adulte et enfant de plus de 12 ans : 2 comprim\u00e9s \u00e0 midi, avant le d\u00eener au coucher, pendant maximum 2 semaines. Enfant de plus de 30 mois : 1 comprim\u00e9 \u00e0 midi, avant le d\u00eener et au coucher, pendant maximum 10 jours. Pour les enfants de 30 mois \u00e0 6 ans, diluez le comprim\u00e9 dans un peu d&rsquo;eau avant la prise pour \u00e9viter tout risque de fausse route. Comment prendre les gouttes de L72 Lehning ? Dans le traitement des troubles mineurs du sommeil prendre 30 gouttes de Lehning L72 avant le d\u00eener et 60 gouttes au coucher. En cas de nervosit\u00e9 : 30 gouttes suppl\u00e9mentaires de L72 pourront \u00eatre prises matin et midi. Les gouttes de L72 sont \u00e0 mettre dans un peu d&rsquo;eau, la prise se fait de pr\u00e9f\u00e9rence en dehors des repas,\u00a0garder quelques instants sous la langue avant d&rsquo;avaler. Chez les enfants\u00a0\u00e0 partir de 2\u00a0ans\u00a0: \u00bc\u00a0dose ou \u00bd\u00a0dose selon l&rsquo;\u00e2ge. A prendre dans un peu d&rsquo;eau, de pr\u00e9f\u00e9rence en dehors des repas. Les conditionnements propos\u00e9s sur notre pharmacie en ligne pour Lehning L72 Troubles du Sommeil : bo\u00eete de 40 comprim\u00e9s orodispersibles bo\u00eete de 100 comprim\u00e9s orodispersibles Solution buvable en\u00a0flacon compte-gouttes de 30\u00a0ml (1200\u00a0gouttes). Avis du \t\t\t\t\t\t\t                                                                                pharmacien \t\t\t\t\t\t\t                                                                                sur Lehning L72 Les troubles du sommeil et la nervosit\u00e9 Les troubles du sommeil sont souvent associ\u00e9s \u00e0 la nervosit\u00e9 et au stress. Un \u00e9tat anxieux , une hyper\u00e9motivit\u00e9 et une tension psychologique entra\u00eenent souvent une perturbation du sommeil.  Si vous passez par une p\u00e9riode de nervosit\u00e9, pensez \u00e0 faire une cure de magn\u00e9sium. Cela vous aidera \u00e0 r\u00e9\u00e9quilibrer le syst\u00e8me nerveux et aura un impact positif sur le sommeil.  Vous serez peut \u00eatre int\u00e9rress\u00e9 par Donormyl\u00a0en comprim\u00e9s , Spasmine , Doxylamine ou encore Euphytose\u00a0Stress . Guides \t\t\t\t\t\t                                                                                      de Lehning L72 Sant\u00e9 Conseils de vie pour mieux dormir Le traitement de l\u2019insomnie passe avant tout par l\u2019observance de quelques r\u00e8gles d\u2019hygi\u00e8ne de vie. En cas &#8230; Marque Lehning R\u00e9f\u00e9rence(s) 3400930124079, 3400930192337, 3400930192368 Aromatisant triac\u00e9tine &#8211; inuline &#8211; camomille essence &#8211; camomille ar\u00f4me naturel Substance Active valeriana officinalis [H] &#8211; sumbulus moschatus [H] &#8211; staphysagria [H] &#8211; nux vomica [H] &#8211; ignatia amara [H] &#8211; hyoscyamus niger [H] &#8211; cicuta virosa [H] &#8211; chamomilla vulgaris [H] &#8211; avena sativa teinture [H] &#8211; asa foetida [H] Excipient camomille ar\u00f4me naturel &#8211; camomille essence &#8211; triac\u00e9tine &#8211; mannitol &#8211; magn\u00e9sium st\u00e9arate &#8211; inuline &#8211; croscarmellose sel de Na Excipient \u00e0 effet notoire lactose Mol\u00e9cules valeriana officinalis [H] (3.75 mg) &#8211; cicuta virosa [H] (3.75 mg) &#8211; chamomilla vulgaris [H] (3.75 mg) &#8211; camomille essence &#8211; camomille ar\u00f4me naturel &#8211; avena sativa teinture [H] (3.75 mg) &#8211; asa foetida [H] (3.75 mg) &#8211; croscarmellose sel de Na &#8211; hyoscyamus niger [H] (3.75 mg) &#8211; triac\u00e9tine &#8211; sumbulus moschatus [H] (3.75 mg) &#8211; staphysagria [H] (3.75 mg) &#8211; nux vomica [H] (3.75 mg) &#8211; mannitol &#8211; magn\u00e9sium st\u00e9arate &#8211; lactose &#8211; inuline &#8211; ignatia amara [H] (3.75 mg) Indications Troubles psychiques mineurs &#8211; Insomnie &#8211; Hom\u00e9opathie &#8211; Anxi\u00e9t\u00e9 Mis \u00e0 jour le : 20\/08\/2025<\/p>\n","protected":false},"excerpt":{"rendered":"<p>Lehning L72 Troubles du Sommeil est un m\u00e9dicament hom\u00e9opathique sous forme de comprim\u00e9s orodispersibles, utilis\u00e9 en cas de troubles mineurs<\/p>","protected":false},"featured_media":16793,"comment_status":"open","ping_status":"closed","template":"","meta":{"_acf_changed":false},"product_brand":[],"product_cat":[275],"product_tag":[],"class_list":{"0":"post-16794","1":"product","2":"type-product","3":"status-publish","4":"has-post-thumbnail","6":"product_cat-aide-technique","8":"first","9":"instock","10":"shipping-taxable","11":"product-type-simple"},"acf":[],"df_price":"","df_sale_price":"","df_regular_price":"","df_image_link":"https:\/\/rahtek-dz.com\/wp-content\/uploads\/2026\/02\/w-501-h-501-zc-2-lehning-l72-troubles-du-sommeil-comprims-orodispersibles-lehning9-1670407236.png-300x300.webp","_links":{"self":[{"href":"https:\/\/rahtek-dz.com\/ar\/wp-json\/wp\/v2\/product\/16794","targetHints":{"allow":["GET"]}}],"collection":[{"href":"https:\/\/rahtek-dz.com\/ar\/wp-json\/wp\/v2\/product"}],"about":[{"href":"https:\/\/rahtek-dz.com\/ar\/wp-json\/wp\/v2\/types\/product"}],"replies":[{"embeddable":true,"href":"https:\/\/rahtek-dz.com\/ar\/wp-json\/wp\/v2\/comments?post=16794"}],"wp:featuredmedia":[{"embeddable":true,"href":"https:\/\/rahtek-dz.com\/ar\/wp-json\/wp\/v2\/media\/16793"}],"wp:attachment":[{"href":"https:\/\/rahtek-dz.com\/ar\/wp-json\/wp\/v2\/media?parent=16794"}],"wp:term":[{"taxonomy":"product_brand","embeddable":true,"href":"https:\/\/rahtek-dz.com\/ar\/wp-json\/wp\/v2\/product_brand?post=16794"},{"taxonomy":"product_cat","embeddable":true,"href":"https:\/\/rahtek-dz.com\/ar\/wp-json\/wp\/v2\/product_cat?post=16794"},{"taxonomy":"product_tag","embeddable":true,"href":"https:\/\/rahtek-dz.com\/ar\/wp-json\/wp\/v2\/product_tag?post=16794"}],"curies":[{"name":"wp","href":"https:\/\/api.w.org\/{rel}","templated":true}]}}