{"id":16796,"date":"2026-02-11T12:02:16","date_gmt":"2026-02-11T11:02:16","guid":{"rendered":"https:\/\/rahtek-dz.com\/product\/humex-conjonctivite-allergique\/"},"modified":"2026-02-11T12:02:16","modified_gmt":"2026-02-11T11:02:16","slug":"humex-conjonctivite-allergique","status":"publish","type":"product","link":"https:\/\/rahtek-dz.com\/ar\/product\/humex-conjonctivite-allergique\/","title":{"rendered":"Humex Conjonctivite Allergique"},"content":{"rendered":"<p>Le collyre Humex Conjonctivite Allergique est un m\u00e9dicament sous forme de solution ophtalmique\u00a0destin\u00e9 \u00e0 traiter les conjonctivites allergiques. Utilisable chez l&rsquo;adulte et l&rsquo;enfant \u00e0 partir de 15 ans, Humex Conjonctivite Allergique est un collyre antiallergique destin\u00e9 \u00e0 traiter les sympt\u00f4mes tels que l&rsquo;\u00e9coulement de larmes, les rougeurs oculaires ou encore les d\u00e9mangeaisons au niveau des yeux Pr\u00e9sent\u00e9 sous une forme pratique de r\u00e9cipients unidoses, Humex Conjonctivite Allergique est dos\u00e9 \u00e0 2% en cromoglicate de sodium. Il convient pour les conjonctivites allergiques li\u00e9es \u00e0 la saison ou non. Comment bien utiliser les unidoses d&rsquo;Humex Conjonctivite Allergique ? Les unidoses de collyre Humex Conjonctivite Allergique sont r\u00e9serv\u00e9es \u00e0 un usage unique : ne jamais r\u00e9utiliser une unidose pour 2 applications diff\u00e9rentes. Faites attention \u00e0 ne pas faire entrer en contact l&#8217;embout du flacon unidose d&rsquo;Humex Conjonctivite Allergique avec votre oeil. Il est conseill\u00e9 d&rsquo;instiller 1 goutte de collyre Humex Conjonctivite Allergique dans chaque \u0153il, de 2 \u00e0 6 fois par jour en fonction de la gravit\u00e9 des sympt\u00f4mes, et en respectant des intervalles r\u00e9guliers. Chez l&rsquo;enfant de moins de 15 ans un avis m\u00e9dical est n\u00e9cessaire avant d&rsquo;utiliser Humex Conjonctivite Allergique. Attention : lavez-vous toujours les mains avant de proc\u00e9der \u00e0 l&rsquo;application du collyre Humex Conjonctivite Allergique. Si vous utilisez un autre collyre comme traitement concomitant, patientez toujours au moins 15 minutes entre les instillations des 2 produits. Les conditionnements \u00e0 retrouver chez Pharmacie des Drakkars pour Humex Conjonctivite Allergique Collyre 2% : boite de 10 r\u00e9cipients unidoses de 0,3 mL Vous pourriez \u00e9galement \u00eatre interess\u00e9s par Humex Allergie Cetirizine ,\u00a0le spray nasal Humex Rhume des foins ou encore Humex Allergie Loratadine. Avis du \t\t\t\t\t\t\t                                                                                pharmacien \t\t\t\t\t\t\t                                                                                sur Humex Conjonctivite Allergique Mettez une goutte de collyre Humex Conjonctivite Allergique dans l&rsquo;angle de l&rsquo;\u0153il affect\u00e9. Pour cela, regardez vers le haut et tirez doucement sur la paupi\u00e8re inf\u00e9rieure.  D\u00e9couvrez toute\u00a0la gamme Humex Allergie sur la Pharmacie des Drakkars. Marque Humex R\u00e9f\u00e9rence(s) 3400935673398 Forme gal\u00e9nique collyre en solution Indications Conjonctivite allergique Mol\u00e9cules acide cromoglicique sel de Na (1.0 mg) &#8211; eau purifi\u00e9e &#8211; sodium chlorure Substance Active acide cromoglicique sel de Na Excipient eau purifi\u00e9e &#8211; sodium chlorure Mis \u00e0 jour le : 18\/09\/2025<\/p>","protected":false},"excerpt":{"rendered":"<p>Le collyre Humex Conjonctivite Allergique est un m\u00e9dicament sous forme de solution ophtalmique\u00a0destin\u00e9 \u00e0 traiter les conjonctivites allergiques. Utilisable chez<\/p>","protected":false},"featured_media":16795,"comment_status":"open","ping_status":"closed","template":"","meta":{"_acf_changed":false},"product_brand":[],"product_cat":[275],"product_tag":[],"class_list":{"0":"post-16796","1":"product","2":"type-product","3":"status-publish","4":"has-post-thumbnail","6":"product_cat-aide-technique","8":"first","9":"instock","10":"shipping-taxable","11":"product-type-simple"},"acf":[],"df_price":"","df_sale_price":"","df_regular_price":"","df_image_link":"https:\/\/rahtek-dz.com\/wp-content\/uploads\/2026\/02\/w-501-h-501-zc-2-humex-conjonctivite-allergique-collyre-2-humex5-1709119288.jpg-300x300.webp","_links":{"self":[{"href":"https:\/\/rahtek-dz.com\/ar\/wp-json\/wp\/v2\/product\/16796","targetHints":{"allow":["GET"]}}],"collection":[{"href":"https:\/\/rahtek-dz.com\/ar\/wp-json\/wp\/v2\/product"}],"about":[{"href":"https:\/\/rahtek-dz.com\/ar\/wp-json\/wp\/v2\/types\/product"}],"replies":[{"embeddable":true,"href":"https:\/\/rahtek-dz.com\/ar\/wp-json\/wp\/v2\/comments?post=16796"}],"wp:featuredmedia":[{"embeddable":true,"href":"https:\/\/rahtek-dz.com\/ar\/wp-json\/wp\/v2\/media\/16795"}],"wp:attachment":[{"href":"https:\/\/rahtek-dz.com\/ar\/wp-json\/wp\/v2\/media?parent=16796"}],"wp:term":[{"taxonomy":"product_brand","embeddable":true,"href":"https:\/\/rahtek-dz.com\/ar\/wp-json\/wp\/v2\/product_brand?post=16796"},{"taxonomy":"product_cat","embeddable":true,"href":"https:\/\/rahtek-dz.com\/ar\/wp-json\/wp\/v2\/product_cat?post=16796"},{"taxonomy":"product_tag","embeddable":true,"href":"https:\/\/rahtek-dz.com\/ar\/wp-json\/wp\/v2\/product_tag?post=16796"}],"curies":[{"name":"wp","href":"https:\/\/api.w.org\/{rel}","templated":true}]}}