{"id":16798,"date":"2026-02-11T12:02:16","date_gmt":"2026-02-11T11:02:16","guid":{"rendered":"https:\/\/rahtek-dz.com\/product\/lohmann-boules-de-coton\/"},"modified":"2026-02-11T12:02:16","modified_gmt":"2026-02-11T11:02:16","slug":"lohmann-boules-de-coton","status":"publish","type":"product","link":"https:\/\/rahtek-dz.com\/ar\/product\/lohmann-boules-de-coton\/","title":{"rendered":"Lohmann Boules de Coton"},"content":{"rendered":"<p>Les boules de coton hydrophiles du laboratoire Lohmann &#038; Rauscher sont \u00e0 usage unique, et adapt\u00e9es \u00e0 divers utilisations, du d\u00e9maquillage \u00e0 la maison au nettoyage et badigeonnage pour des soins infirmiers. Fabriqu\u00e9es \u00e0 100% en pur coton hydrophile de couleur blanche , les boules de coton hydrophiles Lohmann peuvent \u00eatre utilis\u00e9es dans de nombreuses situations, par les particuliers comme dans le monde m\u00e9dical. Elles pourront par exemple servir au nettoyage de la peau , pour appliquer une pommade ou une cr\u00e8me, ou encore pour l&rsquo; absorption des fluides corporels , uniquement en cas d&rsquo;absence de plaie ouverte sur la zone o\u00f9 elles sont utilis\u00e9es. Pourquoi utiliser les boules de coton hydrophiles Lohmann ? Utiles \u00e9galement pour la d\u00e9sinfection puis le recouvrement des sites d&rsquo;injections (piq\u00fbres, prises de sang par exemple), les boules de coton hydrophiles de Lohmann peuvent servir \u00e0 nettoyer la peau en vue de soins. Elles peuvent aussi jouer un r\u00f4le de barri\u00e8re m\u00e9canique, pour la compression et pour absorber des exsudats. Pratique : vous pourrez \u00e9galement retrouver des rectangles de coton chez Pharmacie des Drakkars, ainsi que les carr\u00e9s de coton Cotopads , \u00e0 usage similaire. Vous pourrez retrouver les boules de coton de Lohmann &#038; Rauscher dans les pr\u00e9sentations suivantes sur notre pharmacie en ligne : sachet de 450 g soit environ 700 boules de coton hydrophiles. Avis du \t\t\t\t\t\t\t                                                                                pharmacien \t\t\t\t\t\t\t                                                                                sur Lohmann Boules de Coton Jetez syst\u00e9matiquement la boule de coton apr\u00e8s utilisation, et veillez \u00e0 conserver les boules \u00e0 l&rsquo;abri des contaminations ext\u00e9rieures. Marque Lohmann R\u00e9f\u00e9rence(s) 4056649511793 Mis \u00e0 jour le : 24\/09\/2025<\/p>","protected":false},"excerpt":{"rendered":"<p>Les boules de coton hydrophiles du laboratoire Lohmann &#038; Rauscher sont \u00e0 usage unique, et adapt\u00e9es \u00e0 divers utilisations, du<\/p>","protected":false},"featured_media":16797,"comment_status":"open","ping_status":"closed","template":"","meta":{"_acf_changed":false},"product_brand":[],"product_cat":[275],"product_tag":[],"class_list":{"0":"post-16798","1":"product","2":"type-product","3":"status-publish","4":"has-post-thumbnail","6":"product_cat-aide-technique","8":"first","9":"instock","10":"shipping-taxable","11":"product-type-simple"},"acf":[],"df_price":"","df_sale_price":"","df_regular_price":"","df_image_link":"https:\/\/rahtek-dz.com\/wp-content\/uploads\/2026\/02\/w-501-h-501-zc-2-lohmann-boules-de-coton-lohmann1-1734690481.jpg-300x300.webp","_links":{"self":[{"href":"https:\/\/rahtek-dz.com\/ar\/wp-json\/wp\/v2\/product\/16798","targetHints":{"allow":["GET"]}}],"collection":[{"href":"https:\/\/rahtek-dz.com\/ar\/wp-json\/wp\/v2\/product"}],"about":[{"href":"https:\/\/rahtek-dz.com\/ar\/wp-json\/wp\/v2\/types\/product"}],"replies":[{"embeddable":true,"href":"https:\/\/rahtek-dz.com\/ar\/wp-json\/wp\/v2\/comments?post=16798"}],"wp:featuredmedia":[{"embeddable":true,"href":"https:\/\/rahtek-dz.com\/ar\/wp-json\/wp\/v2\/media\/16797"}],"wp:attachment":[{"href":"https:\/\/rahtek-dz.com\/ar\/wp-json\/wp\/v2\/media?parent=16798"}],"wp:term":[{"taxonomy":"product_brand","embeddable":true,"href":"https:\/\/rahtek-dz.com\/ar\/wp-json\/wp\/v2\/product_brand?post=16798"},{"taxonomy":"product_cat","embeddable":true,"href":"https:\/\/rahtek-dz.com\/ar\/wp-json\/wp\/v2\/product_cat?post=16798"},{"taxonomy":"product_tag","embeddable":true,"href":"https:\/\/rahtek-dz.com\/ar\/wp-json\/wp\/v2\/product_tag?post=16798"}],"curies":[{"name":"wp","href":"https:\/\/api.w.org\/{rel}","templated":true}]}}