{"id":16830,"date":"2026-02-11T12:02:18","date_gmt":"2026-02-11T11:02:18","guid":{"rendered":"https:\/\/rahtek-dz.com\/product\/ricola-bonbons\/"},"modified":"2026-02-11T12:02:18","modified_gmt":"2026-02-11T11:02:18","slug":"ricola-bonbons","status":"publish","type":"product","link":"https:\/\/rahtek-dz.com\/ar\/product\/ricola-bonbons\/","title":{"rendered":"Ricola Bonbons"},"content":{"rendered":"<p>Les\u00a0bonbons\u00a0Ricola\u00a0sont recommand\u00e9s pour soulager votre gorge, notamment au cours des mois les plus froids de l&rsquo;ann\u00e9e. Disponibles en versions Classique ou R\u00e9confort (qui adoucit la gorge), les bonbons\u00a0Ricola sont des pastilles \u00e0 sucer sans sucres qui sont aujourd&rsquo;hui encore fabriqu\u00e9es en Suisse .\u00a0\u00c9dulcor\u00e9s \u00e0 la st\u00e9via, et contenant uniquement des ar\u00f4mes d&rsquo;origine naturelle , ces bonbons sont propos\u00e9s dans de nombreux parfums, pour plaire au plus grand nombre et s&rsquo;adapter aux diff\u00e9rentes p\u00e9riodes de l&rsquo;ann\u00e9e. Zoom sur les\u00a0bonbons Ricola Bonbons\u00a0Ricola\u00a0L&rsquo;Original : entre fra\u00eecheur, douceur et r\u00e9confort Les bonbons Ricola\u00a0L&rsquo;Original sont les toutes premi\u00e8res pastilles propos\u00e9es par la marque, qui ont certainement contribu\u00e9 \u00e0 sa renomm\u00e9e ! Parfaits pour combler vos papilles tout en rafra\u00eechissant vos sens, ils vous feront profiter de la fra\u00eecheur d&rsquo;une brise alpine associ\u00e9e au r\u00e9confort procur\u00e9 par une tasse de th\u00e9 . Elles renferment notamment de la menthe, de la primev\u00e8re, de la sauge, de la guimauve, du plantain ou de la mauve, ainsi que\u00a03,5 mg de menthol par bonbon, qui contribue \u00e0 apaiser la gorge d\u00e8s la premi\u00e8re pastille ! Bonbons\u00a0Ricola Gingembre Orange Menthe : des notes \u00e9pic\u00e9es et acidul\u00e9es Les pastilles\u00a0Ricola Gingembre Orange Menthe renferment une association unique de plantes et d&rsquo;\u00e9pices pour un r\u00e9sultat \u00e0 la fois frais, fruit\u00e9, mais aussi herbac\u00e9 et subtilement relev\u00e9 . Vous appr\u00e9cierez leur saveur rafra\u00eechissante (gr\u00e2ce \u00e0 la menthe) et p\u00e9tillante (gr\u00e2ce \u00e0 l&rsquo;orange), qui se conclue par le piquant doux et chaleureux du gingembre. Garanties vegan et sans sucres, ces pastilles sont \u00e0 la fois gourmandes, r\u00e9confortantes et originales ! Bonbons\u00a0Ricola\u00a0R\u00e9confort &#8211; Citron Menthol : plantes des Alpes suisses,\u00a0fra\u00eecheur et piquant du citron Aussi frais que la glace des Alpes, ces bonbons\u00a0Ricola\u00a0R\u00e9confort &#8211; Citron Menthol sont parfaits pour b\u00e9n\u00e9ficier d&rsquo;un petit coup de boost rafra\u00eechissant au cours des froides journ\u00e9es de l&rsquo;hiver. Contenant de la menthe, du sureau, de la sauge et du plantain, ces pastilles associent le frais du menthol et l&rsquo;acidit\u00e9 du citron, pour un fini \u00e0 la fois fort et plein de saveurs compl\u00e9mentaires . 1 seul de ces\u00a0bonbons\u00a0contient 10,9 mg de menthol, pour aide \u00e0 apaiser votre gorge \u00e0 chaque fois que vous en d\u00e9gustez un ! Bonbons\u00a0Ricola\u00a0R\u00e9confort &#8211; Menthe Douce : pour une touche menthol\u00e9e plus subtile Pour toutes les amatrices et les amateurs de pastilles au bon go\u00fbt de plantes, les bonbons\u00a0Ricola\u00a0R\u00e9confort &#8211; Menthe Douce sont la solution ! Chaque pastille vous donnera la sensation d&rsquo;une douce brise renfermant la fra\u00eecheur et la puret\u00e9 des Alpes . Dans leur composition, la menthe douce aromatique est associ\u00e9e aux nombreuses saveurs de c\u00e9l\u00e8bre m\u00e9lange signature de 13 plantes de la marque Ricola, le tout dans une formule sans sucres, vegan, halal et kosher. Bonbons\u00a0Ricola\u00a0R\u00e9confort &#8211; Miel Citron :\u00a0b\u00e9n\u00e9ficiez des bienfaits du miel pour votre gorge Les bonbons\u00a0Ricola\u00a0R\u00e9confort &#8211; Miel Citron renferment une association parfaite de ce que l\u2019on retrouve de meilleur dans la nature. Seule version contenant du sucre , ces pastilles sont id\u00e9ales pour aider votre gorge \u00e0 retrouver de la douceur gr\u00e2ce aux 13 plantes, au miel et \u00e0 la vitamine C qu\u2019elles contiennent. On y retrouve \u00e9galement une touche de m\u00e9lisse citronn\u00e9e , ainsi que de l\u2019\u00e9chinac\u00e9e pour une pointe plus douce et un fini menthol\u00e9 agr\u00e9ablement rafra\u00eechissant. Les bonbons Ricola sont \u00e0 retrouver en bo\u00eete de 50 g, et dans les parfums suivants sur notre pharmacie en ligne : L&rsquo;Original Gingembre Orange Menthe R\u00e9confort &#8211; Citron Menthol R\u00e9confort &#8211; Menthe Douce R\u00e9confort &#8211; Miel Citron Avis du \t\t\t\t\t\t\t                                                                                pharmacien \t\t\t\t\t\t\t                                                                                sur Ricola Bonbons Vous pouvez prendre un bonbon Ricola \u00e0 tout moment de la journ\u00e9e, quand vous le souhaitez. Ces pastilles sont d\u00e9conseill\u00e9es aux enfants de moins de 6 ans. Marque Ricola R\u00e9f\u00e9rence(s) 7610700019634, 7610700021149, 7610700021163, 7610700021187, 7610700026885 Mis \u00e0 jour le : 28\/01\/2026<\/p>","protected":false},"excerpt":{"rendered":"<p>Les\u00a0bonbons\u00a0Ricola\u00a0sont recommand\u00e9s pour soulager votre gorge, notamment au cours des mois les plus froids de l&rsquo;ann\u00e9e. Disponibles en versions Classique<\/p>","protected":false},"featured_media":16829,"comment_status":"open","ping_status":"closed","template":"","meta":{"_acf_changed":false},"product_brand":[],"product_cat":[275],"product_tag":[],"class_list":{"0":"post-16830","1":"product","2":"type-product","3":"status-publish","4":"has-post-thumbnail","6":"product_cat-aide-technique","8":"first","9":"instock","10":"shipping-taxable","11":"product-type-simple"},"acf":[],"df_price":"","df_sale_price":"","df_regular_price":"","df_image_link":"https:\/\/rahtek-dz.com\/wp-content\/uploads\/2026\/02\/w-501-h-501-zc-2-ricola-bonbons-ricola25-1768997280.jpg-300x300.webp","_links":{"self":[{"href":"https:\/\/rahtek-dz.com\/ar\/wp-json\/wp\/v2\/product\/16830","targetHints":{"allow":["GET"]}}],"collection":[{"href":"https:\/\/rahtek-dz.com\/ar\/wp-json\/wp\/v2\/product"}],"about":[{"href":"https:\/\/rahtek-dz.com\/ar\/wp-json\/wp\/v2\/types\/product"}],"replies":[{"embeddable":true,"href":"https:\/\/rahtek-dz.com\/ar\/wp-json\/wp\/v2\/comments?post=16830"}],"wp:featuredmedia":[{"embeddable":true,"href":"https:\/\/rahtek-dz.com\/ar\/wp-json\/wp\/v2\/media\/16829"}],"wp:attachment":[{"href":"https:\/\/rahtek-dz.com\/ar\/wp-json\/wp\/v2\/media?parent=16830"}],"wp:term":[{"taxonomy":"product_brand","embeddable":true,"href":"https:\/\/rahtek-dz.com\/ar\/wp-json\/wp\/v2\/product_brand?post=16830"},{"taxonomy":"product_cat","embeddable":true,"href":"https:\/\/rahtek-dz.com\/ar\/wp-json\/wp\/v2\/product_cat?post=16830"},{"taxonomy":"product_tag","embeddable":true,"href":"https:\/\/rahtek-dz.com\/ar\/wp-json\/wp\/v2\/product_tag?post=16830"}],"curies":[{"name":"wp","href":"https:\/\/api.w.org\/{rel}","templated":true}]}}