{"id":16842,"date":"2026-02-11T12:02:19","date_gmt":"2026-02-11T11:02:19","guid":{"rendered":"https:\/\/rahtek-dz.com\/product\/garancia-coffret-larmes-de-fantome\/"},"modified":"2026-02-11T12:02:19","modified_gmt":"2026-02-11T11:02:19","slug":"garancia-coffret-larmes-de-fantome","status":"publish","type":"product","link":"https:\/\/rahtek-dz.com\/ar\/product\/garancia-coffret-larmes-de-fantome\/","title":{"rendered":"Garancia Coffret Larmes de Fant\u00f4me"},"content":{"rendered":"<p>Le coffret larmes de fant\u00f4me Garancia est un rituel complet d\u00e9di\u00e9 \u00e0 la beaut\u00e9 du regard . Il associe le\u00a0roll-on multi-actions pour le contour des yeux Garancia \u00e0 deux patchs yeux en silicone r\u00e9utilisables et con\u00e7us pour optimiser l&rsquo;efficacit\u00e9 du soin. Jour apr\u00e8s jour, ce duo agit visiblement sur les cernes, les poches, les signes de fatigue et le manque d&rsquo;\u00e9clat. Le regard para\u00eet plus lumineux, repos\u00e9 et d\u00e9fatigu\u00e9 tandis que la peau du contour des yeux est plus lisse et intens\u00e9ment hydrat\u00e9e. Soin du contour des yeux : pourquoi choisir le coffret larmes de fant\u00f4me Garancia ? Pens\u00e9 pour devenir l&rsquo;alli\u00e9 de votre regard, le coffret Garancia larmes de fant\u00f4me offre une action anti-cernes et anti-poches \u00e0 tous les types de peau. Il hydrate, d\u00e9fatigue et sublime la zone d\u00e9licate du contour de l&rsquo;\u0153il souvent marqu\u00e9e par les signes de fatigue et de stress. Gr\u00e2ce \u00e0 cette routine simple, la peau retrouve confort et souplesse tandis que le regard gagne en \u00e9clat. Les cernes et les poches sont visiblement r\u00e9duits et le contour de l&rsquo;\u0153il appara\u00eet plus lisse et lumineux. Facile \u00e0 appliquer gr\u00e2ce \u00e0 son format, le roll-on multi-actions larmes de fant\u00f4me Garancia procure une sensation de fra\u00eecheur imm\u00e9diate pour un effet d\u00e9fatiguant instantan\u00e9. Il agit sur l&rsquo;ensemble des probl\u00e9matiques du contour des yeux : cernes, poches, rides d&rsquo;expression et manque d&rsquo;\u00e9clat. Sa formule enrichie du complexe LUMINEYE\u00ae aide \u00e0 r\u00e9duire visiblement l&rsquo;apparence des cernes et des poches gr\u00e2ce \u00e0 des poudres high-tech r\u00e9flectrices de lumi\u00e8re. Mis au point pour compl\u00e9ter et optimiser l&rsquo;action du roll-on, les patchs yeux en silicone larmes de fant\u00f4me by Garancia \u00e9pousent parfaitement le contour de l&rsquo;\u0153\u200bil. R\u00e9utilisables et faciles \u00e0 appliquer, ils maintiennent le soin en place et favorisent une meilleure diffusion des actifs sur cette zone d\u00e9licate. Ces patchs yeux r\u00e9utilisables maximisent les b\u00e9n\u00e9fices de la routine pour un regard visiblement plus frais et repos\u00e9. Le coffret larmes de fant\u00f4me Garancia propos\u00e9 sur notre pharmacie en ligne contient : 1 roll-on multi-actions paupi\u00e8res et yeux larmes de fant\u00f4me Garancia ; 2 patchs yeux en silicone r\u00e9utilisables larmes de fant\u00f4me by Garancia. Avis du \t\t\t\t\t\t\t                                                                                pharmacien \t\t\t\t\t\t\t                                                                                sur Garancia Coffret Larmes de Fant\u00f4me Passez la bille du roll-on sur le contour des yeux, les cernes et les poches. Tapotez l\u00e9g\u00e8rement pour faire p\u00e9n\u00e9trer puis appliquez les patchs r\u00e9utilisables sous les yeux.  Retrouvez une large gamme de soins Garancia sur notre pharmacie en ligne. Marque Garancia R\u00e9f\u00e9rence(s) 3700928803581 Mis \u00e0 jour le : 15\/01\/2026<\/p>","protected":false},"excerpt":{"rendered":"<p>Le coffret larmes de fant\u00f4me Garancia est un rituel complet d\u00e9di\u00e9 \u00e0 la beaut\u00e9 du regard . Il associe le\u00a0roll-on<\/p>","protected":false},"featured_media":16841,"comment_status":"open","ping_status":"closed","template":"","meta":{"_acf_changed":false},"product_brand":[],"product_cat":[275],"product_tag":[],"class_list":{"0":"post-16842","1":"product","2":"type-product","3":"status-publish","4":"has-post-thumbnail","6":"product_cat-aide-technique","8":"first","9":"instock","10":"shipping-taxable","11":"product-type-simple"},"acf":[],"df_price":"","df_sale_price":"","df_regular_price":"","df_image_link":"https:\/\/rahtek-dz.com\/wp-content\/uploads\/2026\/02\/w-501-h-501-zc-2-garancia-coffret-larmes-de-fantome-garancia4-1768479650.jpg-300x300.webp","_links":{"self":[{"href":"https:\/\/rahtek-dz.com\/ar\/wp-json\/wp\/v2\/product\/16842","targetHints":{"allow":["GET"]}}],"collection":[{"href":"https:\/\/rahtek-dz.com\/ar\/wp-json\/wp\/v2\/product"}],"about":[{"href":"https:\/\/rahtek-dz.com\/ar\/wp-json\/wp\/v2\/types\/product"}],"replies":[{"embeddable":true,"href":"https:\/\/rahtek-dz.com\/ar\/wp-json\/wp\/v2\/comments?post=16842"}],"wp:featuredmedia":[{"embeddable":true,"href":"https:\/\/rahtek-dz.com\/ar\/wp-json\/wp\/v2\/media\/16841"}],"wp:attachment":[{"href":"https:\/\/rahtek-dz.com\/ar\/wp-json\/wp\/v2\/media?parent=16842"}],"wp:term":[{"taxonomy":"product_brand","embeddable":true,"href":"https:\/\/rahtek-dz.com\/ar\/wp-json\/wp\/v2\/product_brand?post=16842"},{"taxonomy":"product_cat","embeddable":true,"href":"https:\/\/rahtek-dz.com\/ar\/wp-json\/wp\/v2\/product_cat?post=16842"},{"taxonomy":"product_tag","embeddable":true,"href":"https:\/\/rahtek-dz.com\/ar\/wp-json\/wp\/v2\/product_tag?post=16842"}],"curies":[{"name":"wp","href":"https:\/\/api.w.org\/{rel}","templated":true}]}}