{"id":16852,"date":"2026-02-11T12:02:20","date_gmt":"2026-02-11T11:02:20","guid":{"rendered":"https:\/\/rahtek-dz.com\/product\/scholl-semelles-de-confort-chaussures-professionnelles\/"},"modified":"2026-02-11T12:02:20","modified_gmt":"2026-02-11T11:02:20","slug":"scholl-semelles-de-confort-chaussures-professionnelles","status":"publish","type":"product","link":"https:\/\/rahtek-dz.com\/ar\/product\/scholl-semelles-de-confort-chaussures-professionnelles\/","title":{"rendered":"Scholl Semelles de Confort Chaussures Professionnelles"},"content":{"rendered":"<p>Ces semelles de confort Scholl sont sp\u00e9cialement d\u00e9di\u00e9es au maintien\u00a0de pieds confortables dans les chaussures professionnelles . Elles sont propos\u00e9es en taille 1 pour femmes (pointures 35,5 \u00e0 40,5) et en taille 2 pour hommes (pointure 41,5 \u00e0 46,5). LA SOLUTION POUR PLUS DE CONFORT DANS SES CHAUSSURES de travail Vous travaillez en position debout ? Vous portez des chaussures sp\u00e9ciales pour le travail ?\u00a0Scholl a trouv\u00e9 la solution pour vous permettre de porter vos chaussures de travail, toute la journ\u00e9e, sans avoir mal aux pieds, gr\u00e2ce aux semelles de confort sp\u00e9cialement d\u00e9velopp\u00e9es pour les chaussures de travail. Gr\u00e2ce \u00e0 la technologie Scholl ActivGel TM offre une absorption des chocs deux fois plus importante qu&rsquo;un port de chaussures sans semelles et elle vous garantit un amorti haute performance tout au long de la journ\u00e9e. La technologie anti-odeurs dont sont dot\u00e9es ces semelles repose sur des micro-perforations capables d&rsquo;\u00e9vacuer la transpiration tout en laissant parfaitement respirer les pieds. Ces semelles Scholl ont \u00e9t\u00e9 con\u00e7ues avec une mati\u00e8re destin\u00e9e \u00e0 maintenir le pied bien au chaud . Par ailleurs, leur forme est parfaitement adapt\u00e9e aux chaussures de travail.\u00a0Vos pieds sont au chaud, respirent normalement et sont confortables toute la journ\u00e9e. Conditionnement propos\u00e9 par la Pharmacie des Drakkars pour les semelles de confort pour chaussures professionnelles Scholl : 1 paire de semelles &#8211; taille au choix. Avis du \t\t\t\t\t\t\t                                                                                pharmacien \t\t\t\t\t\t\t                                                                                sur Scholl Semelles de Confort Chaussures Professionnelles Placez les semelles dans des chaussures propres et s\u00e8ches. Les semelles sont \u00e0 renouveler tous les 6 mois environ ou d\u00e8s les premiers signes d&rsquo;usure.  Pour entretenir les semelles, il vous suffit de les essuyer avec un chiffon imbib\u00e9 d&rsquo;eau ti\u00e8de savonneuse. Pr\u00e9cautions d&#8217;emploi : En cas d&rsquo;inconfort ou d&rsquo;irritation, cesser l&rsquo;utilisation du produit. Ne pas utiliser sur une peau ab\u00eem\u00e9e ou irrit\u00e9e. Ne pas faire tremper. Marque Scholl R\u00e9f\u00e9rence(s) 5056585802756, 5056585802763 Ancienne(s) d\u00e9signation(s) produit 3059949933471 Partie du corps Pieds Pour qui ? Hommes &#8211; Femmes Mis \u00e0 jour le : 13\/10\/2025<\/p>","protected":false},"excerpt":{"rendered":"<p>Ces semelles de confort Scholl sont sp\u00e9cialement d\u00e9di\u00e9es au maintien\u00a0de pieds confortables dans les chaussures professionnelles . Elles sont propos\u00e9es<\/p>","protected":false},"featured_media":16851,"comment_status":"open","ping_status":"closed","template":"","meta":{"_acf_changed":false},"product_brand":[],"product_cat":[275],"product_tag":[],"class_list":{"0":"post-16852","1":"product","2":"type-product","3":"status-publish","4":"has-post-thumbnail","6":"product_cat-aide-technique","8":"first","9":"instock","10":"shipping-taxable","11":"product-type-simple"},"acf":[],"df_price":"","df_sale_price":"","df_regular_price":"","df_image_link":"https:\/\/rahtek-dz.com\/wp-content\/uploads\/2026\/02\/w-501-h-501-zc-2-scholl-semelles-de-confort-chaussures-professionnelles-scholl3-1720704848.jpg-300x300.webp","_links":{"self":[{"href":"https:\/\/rahtek-dz.com\/ar\/wp-json\/wp\/v2\/product\/16852","targetHints":{"allow":["GET"]}}],"collection":[{"href":"https:\/\/rahtek-dz.com\/ar\/wp-json\/wp\/v2\/product"}],"about":[{"href":"https:\/\/rahtek-dz.com\/ar\/wp-json\/wp\/v2\/types\/product"}],"replies":[{"embeddable":true,"href":"https:\/\/rahtek-dz.com\/ar\/wp-json\/wp\/v2\/comments?post=16852"}],"wp:featuredmedia":[{"embeddable":true,"href":"https:\/\/rahtek-dz.com\/ar\/wp-json\/wp\/v2\/media\/16851"}],"wp:attachment":[{"href":"https:\/\/rahtek-dz.com\/ar\/wp-json\/wp\/v2\/media?parent=16852"}],"wp:term":[{"taxonomy":"product_brand","embeddable":true,"href":"https:\/\/rahtek-dz.com\/ar\/wp-json\/wp\/v2\/product_brand?post=16852"},{"taxonomy":"product_cat","embeddable":true,"href":"https:\/\/rahtek-dz.com\/ar\/wp-json\/wp\/v2\/product_cat?post=16852"},{"taxonomy":"product_tag","embeddable":true,"href":"https:\/\/rahtek-dz.com\/ar\/wp-json\/wp\/v2\/product_tag?post=16852"}],"curies":[{"name":"wp","href":"https:\/\/api.w.org\/{rel}","templated":true}]}}