{"id":16868,"date":"2026-02-11T12:02:22","date_gmt":"2026-02-11T11:02:22","guid":{"rendered":"https:\/\/rahtek-dz.com\/product\/strantel-vermifuge-chien\/"},"modified":"2026-02-11T12:02:22","modified_gmt":"2026-02-11T11:02:22","slug":"strantel-vermifuge-chien","status":"publish","type":"product","link":"https:\/\/rahtek-dz.com\/ar\/product\/strantel-vermifuge-chien\/","title":{"rendered":"Strantel Vermifuge Chien"},"content":{"rendered":"<p>Strantel de Cl\u00e9ment Th\u00e9kan est un vermifuge pour chien destin\u00e9 au traitement des infestations mixtes par les vers. Mode d&rsquo;action de Cl\u00e9ment Th\u00e9kan Strantel Vermifuge Chien Le vermifuge Strantel de Cl\u00e9ment Th\u00e9kan est un m\u00e9dicament v\u00e9t\u00e9rinaire \u00e0 base de praziquantel, pyrantel et f\u00e9bantel, destin\u00e9 au traitement des infestations mixtes par les vers ronds et vers plats chez le chien.\u00a0Ces comprim\u00e9s s\u00e9cables ont un ar\u00f4me de viande.\u00a0Le vermifuge pour chien Strantel Cl\u00e9ment Th\u00e9kan traite les infestations par les n\u00e9matodes ainsi que les cestodes. Pr\u00e9parations propos\u00e9es par votre pharmacien en ligne pour le vermifuge pour chien Strantel Cl\u00e9ment Th\u00e9kan :\u00a02 comprim\u00e9s pour chiens ;\u00a04 comprim\u00e9s pour chiens ;\u00a02 comprim\u00e9s pour chien XL. Avis du \t\t\t\t\t\t\t                                                                                pharmacien \t\t\t\t\t\t\t                                                                                sur Strantel Vermifuge Chien Administrez le comprim\u00e9 Strantel par voie orale. Ils peuvent \u00eatre donn\u00e9s directement au chien ou m\u00e9lang\u00e9s \u00e0 la nourriture. Vous n&rsquo;avez pas besoin de laisser votre animal \u00e0 jeun avant de lui administrer le vermifuge. Pr\u00e9cautions d&#8217;emploi : Ne pas utiliser en cas d&rsquo;hypersensibilit\u00e9 \u00e0 l&rsquo;un des principes actifs ou des excipients. Ne pas utiliser au courant des 4 premi\u00e8res semaines de gestation. En cas d&rsquo;ingestion accidentelle, consulter la notice et demander l&rsquo;avis d&rsquo;un m\u00e9decin. Pour des raisons d&rsquo;hygi\u00e8ne, il est recommand\u00e9 de se laver les mains apr\u00e8s l&rsquo;administration du vermifuge. Guides \t\t\t\t\t\t                                                                                      de Strantel Vermifuge Chien Guides pratiques Puces, tiques chez le chat et le chien Nos chats et nos chiens sont susceptibles d\u2019\u00eatre victimes de\u00a0parasites. Il en existe deux grands types : les parasites internes et &#8230; Guides pratiques Vermifuge du chien Le vermifuge chien est un\u00a0produit antiparasitaire\u00a0qui prot\u00e8ge votre animal contre les vers intestinaux ronds (les n\u00e9matodes) &#8230; Marque Cl\u00e9ment Th\u00e9kan R\u00e9f\u00e9rence(s) 3595890212901, 3595892140615, 3595892140622 Animal Chien Mis \u00e0 jour le : 02\/02\/2026<\/p>","protected":false},"excerpt":{"rendered":"<p>Strantel de Cl\u00e9ment Th\u00e9kan est un vermifuge pour chien destin\u00e9 au traitement des infestations mixtes par les vers. Mode d&rsquo;action<\/p>","protected":false},"featured_media":16867,"comment_status":"open","ping_status":"closed","template":"","meta":{"_acf_changed":false},"product_brand":[],"product_cat":[275],"product_tag":[],"class_list":{"0":"post-16868","1":"product","2":"type-product","3":"status-publish","4":"has-post-thumbnail","6":"product_cat-aide-technique","8":"first","9":"instock","10":"shipping-taxable","11":"product-type-simple"},"acf":[],"df_price":"","df_sale_price":"","df_regular_price":"","df_image_link":"https:\/\/rahtek-dz.com\/wp-content\/uploads\/2026\/02\/w-501-h-501-zc-2-strantel-vermifuge-chien-clement-thekan21-1767009562.jpg-300x300.webp","_links":{"self":[{"href":"https:\/\/rahtek-dz.com\/ar\/wp-json\/wp\/v2\/product\/16868","targetHints":{"allow":["GET"]}}],"collection":[{"href":"https:\/\/rahtek-dz.com\/ar\/wp-json\/wp\/v2\/product"}],"about":[{"href":"https:\/\/rahtek-dz.com\/ar\/wp-json\/wp\/v2\/types\/product"}],"replies":[{"embeddable":true,"href":"https:\/\/rahtek-dz.com\/ar\/wp-json\/wp\/v2\/comments?post=16868"}],"wp:featuredmedia":[{"embeddable":true,"href":"https:\/\/rahtek-dz.com\/ar\/wp-json\/wp\/v2\/media\/16867"}],"wp:attachment":[{"href":"https:\/\/rahtek-dz.com\/ar\/wp-json\/wp\/v2\/media?parent=16868"}],"wp:term":[{"taxonomy":"product_brand","embeddable":true,"href":"https:\/\/rahtek-dz.com\/ar\/wp-json\/wp\/v2\/product_brand?post=16868"},{"taxonomy":"product_cat","embeddable":true,"href":"https:\/\/rahtek-dz.com\/ar\/wp-json\/wp\/v2\/product_cat?post=16868"},{"taxonomy":"product_tag","embeddable":true,"href":"https:\/\/rahtek-dz.com\/ar\/wp-json\/wp\/v2\/product_tag?post=16868"}],"curies":[{"name":"wp","href":"https:\/\/api.w.org\/{rel}","templated":true}]}}