{"id":16872,"date":"2026-02-11T12:02:22","date_gmt":"2026-02-11T11:02:22","guid":{"rendered":"https:\/\/rahtek-dz.com\/product\/bd-connecta-bouchon-luer-lock-sans-membrane\/"},"modified":"2026-02-11T12:02:22","modified_gmt":"2026-02-11T11:02:22","slug":"bd-connecta-bouchon-luer-lock-sans-membrane","status":"publish","type":"product","link":"https:\/\/rahtek-dz.com\/ar\/product\/bd-connecta-bouchon-luer-lock-sans-membrane\/","title":{"rendered":"BD Connecta Bouchon Luer-lock sans Membrane"},"content":{"rendered":"<p>Le bouchon Luer Lock sans membrane BD Connecta est un bouchon verrouillable permettant de s\u00e9curiser la fermeture de sites d\u2019injection. Description du bouchon Luer Lock sans membrane BD Connecta Le bouchon Luer Lock sans membrane BD Connecta permet une fermeture s\u00e9curis\u00e9e des sites d\u2019injections , tels que l\u2019extr\u00e9mit\u00e9 d\u2019une tubulure, un cath\u00e9ter, une aiguille, etc. Sa vis verrouillable favorise la s\u00e9curit\u00e9 du verrouillage. Il peut \u00eatre utilis\u00e9 pour la pose d\u2019une perfusion \u00e0 travers un site implantable. Le bouchon Luer Lock sans membrane BD Connecta doit cependant \u00eatre manipul\u00e9 \u00e0 l\u2019aide de compresses st\u00e9riles , afin d\u2019\u00e9viter le risque de contamination et d\u2019infection du patient. Sa conception sans membrane et sans latex permet une tol\u00e9rance optimale et une minimisation des risques d\u2019allergie du patient. Ce bouchon Luer Lock sans membrane BD Connecta tire son nom du syst\u00e8me permettant la s\u00e9curisation du verrouillage. De cette fa\u00e7on, la manipulation m\u00e9dicale dans le cadre hospitalier est totalement s\u00e9curis\u00e9e et saine, tant pour le patient que pour le praticien. Enfin, les bouchons Luer Lock sans membrane BD Connecta sont de couleur blanche. Pr\u00e9sentation disponible pour le bouchon Luer Lock sans membrane BD Connecta sur votre pharmacie en ligne : bo\u00eete de 200 bouchons. Retrouvez les produits BD Medical sur le site de votre pharmacie en ligne Pharmacie des Drakkars . Marque BD Medical R\u00e9f\u00e9rence(s) 2000093005836 Mis \u00e0 jour le : 21\/02\/2025<\/p>","protected":false},"excerpt":{"rendered":"<p>Le bouchon Luer Lock sans membrane BD Connecta est un bouchon verrouillable permettant de s\u00e9curiser la fermeture de sites d\u2019injection.<\/p>","protected":false},"featured_media":16871,"comment_status":"open","ping_status":"closed","template":"","meta":{"_acf_changed":false},"product_brand":[],"product_cat":[275],"product_tag":[],"class_list":{"0":"post-16872","1":"product","2":"type-product","3":"status-publish","4":"has-post-thumbnail","6":"product_cat-aide-technique","8":"first","9":"instock","10":"shipping-taxable","11":"product-type-simple"},"acf":[],"df_price":"","df_sale_price":"","df_regular_price":"","df_image_link":"https:\/\/rahtek-dz.com\/wp-content\/uploads\/2026\/02\/w-501-h-501-zc-2-bd-connecta-bouchon-luer-lock-sans-membrane-x200-1-1599038802.jpg-300x300.webp","_links":{"self":[{"href":"https:\/\/rahtek-dz.com\/ar\/wp-json\/wp\/v2\/product\/16872","targetHints":{"allow":["GET"]}}],"collection":[{"href":"https:\/\/rahtek-dz.com\/ar\/wp-json\/wp\/v2\/product"}],"about":[{"href":"https:\/\/rahtek-dz.com\/ar\/wp-json\/wp\/v2\/types\/product"}],"replies":[{"embeddable":true,"href":"https:\/\/rahtek-dz.com\/ar\/wp-json\/wp\/v2\/comments?post=16872"}],"wp:featuredmedia":[{"embeddable":true,"href":"https:\/\/rahtek-dz.com\/ar\/wp-json\/wp\/v2\/media\/16871"}],"wp:attachment":[{"href":"https:\/\/rahtek-dz.com\/ar\/wp-json\/wp\/v2\/media?parent=16872"}],"wp:term":[{"taxonomy":"product_brand","embeddable":true,"href":"https:\/\/rahtek-dz.com\/ar\/wp-json\/wp\/v2\/product_brand?post=16872"},{"taxonomy":"product_cat","embeddable":true,"href":"https:\/\/rahtek-dz.com\/ar\/wp-json\/wp\/v2\/product_cat?post=16872"},{"taxonomy":"product_tag","embeddable":true,"href":"https:\/\/rahtek-dz.com\/ar\/wp-json\/wp\/v2\/product_tag?post=16872"}],"curies":[{"name":"wp","href":"https:\/\/api.w.org\/{rel}","templated":true}]}}