{"id":16880,"date":"2026-02-11T12:02:23","date_gmt":"2026-02-11T11:02:23","guid":{"rendered":"https:\/\/rahtek-dz.com\/product\/berocca-energie-pro-b12\/"},"modified":"2026-02-11T12:02:23","modified_gmt":"2026-02-11T11:02:23","slug":"berocca-energie-pro-b12","status":"publish","type":"product","link":"https:\/\/rahtek-dz.com\/ar\/product\/berocca-energie-pro-b12\/","title":{"rendered":"Berocca \u00c9nergie Pro B12"},"content":{"rendered":"<p>Berocca Energie Pro B12 est un compl\u00e9ment alimentaire pour l&rsquo;\u00e9nergie et les fonctions c\u00e9r\u00e9brales . Id\u00e9al pour les personnes de\u00a050 ans ou plus sujettes \u00e0 la fatigue et souhaitant renforcer leur concentration ainsi que leur m\u00e9moire, il se compose de probiotiques et de vitamine B12 hautement dos\u00e9e dont l&rsquo;absorption est optimis\u00e9e. Ce compl\u00e9ment alimentaire Berocca \u00c9nergie se pr\u00e9sente sous la forme d&rsquo;une solution buvable. Quelles sont les caract\u00e9ristiques de Berocca Energie Pro B12 ? Au fil des ann\u00e9es, la capacit\u00e9 de l&rsquo;organisme \u00e0 absorber les nutriments diminue physiologiquement. En effet, des modifications de l&rsquo;estomac et du microbiote intestinal impactent l&rsquo;absorption et\/ou la synth\u00e8se de vitamines. Apr\u00e8s l&rsquo;\u00e2ge de 50 ans, c&rsquo;est particuli\u00e8rement le cas de la vitamine B12 , vitamine essentielle pour l&rsquo;\u00e9nergie et les fonctions psychologiques. Berocca\u00a0\u00c9nergie Pro B12 est un compl\u00e9ment alimentaire sp\u00e9cifiquement formul\u00e9 pour soutenir l&rsquo; \u00e9nergie et les fonctions c\u00e9r\u00e9brales et notamment apr\u00e8s l&rsquo;\u00e2ge de 50 ans gr\u00e2ce \u00e0 : Une forte concentration en vitamine B12 qui contribue \u00e0 un m\u00e9tabolisme \u00e9nerg\u00e9tique normal et \u00e0 des fonctions psychologiques normales ; L&rsquo;apporte d&rsquo;une souche probiotique : bifidobacterium lactis HN019 qui contribue \u00e0 l&rsquo;\u00e9quilibre de la flore intestinale ; Le zinc qui contribue aux fonctions cognitives normales. Conditionnement disponible sur notre pharmacie en ligne pour Berocca \u00c9nergie Pro B12 : bo\u00eete de 10 flacons \u00e0 boire de 10 ml, go\u00fbt caramel (pour un programme de 10 jours). Avis du \t\t\t\t\t\t\t                                                                                pharmacien \t\t\t\t\t\t\t                                                                                sur Berocca \u00c9nergie Pro B12 Prendre un flacon par jour de Berocca Energie Pro B12 en suivant les instructions ci-dessous : Visser le bouchon dans le sens des aiguilles d&rsquo;une montre jusqu&rsquo;\u00e0 la rupture du joint de s\u00e9curit\u00e9. Continuer \u00e0 visser dans le sens des aiguilles d&rsquo;une montre jusqu&rsquo;\u00e0 la but\u00e9e pour permettre \u00e0 la poudre contenant les probiotiques de tomber dans le liquide. Bien agiter le flacon jusqu&rsquo;\u00e0 dissolution compl\u00e8te de la poudre. D\u00e9visser le bouchon dans le sens inverse des aiguilles d&rsquo;une montre et pr\u00e9lever le contenu. Le liquide peut \u00eatre bu tel quel. Pr\u00e9cautions d&#8217;emploi : R\u00e9serv\u00e9 \u00e0 l&rsquo;adulte. Berocca\u00a0Energie Pro B12 est un compl\u00e9ment alimentaire avec \u00e9dulcorant \u00e0 utiliser en compl\u00e9ment d&rsquo;une alimentation vari\u00e9e et \u00e9quilibr\u00e9e et d&rsquo;un mode de vie sain. Tenir hors de port\u00e9e des jeunes enfants. Ne pas d\u00e9passer la dose journali\u00e8re recommand\u00e9e. Ne pas utiliser en cas d&rsquo;hypersensibilit\u00e9 \u00e0 l&rsquo;un des ingr\u00e9dients. Conserver \u00e0 une temp\u00e9rature ne d\u00e9passant pas 25\u00b0C, \u00e0 l&rsquo;abri de la lumi\u00e8re et de l&rsquo;humidit\u00e9. Marque Berocca R\u00e9f\u00e9rence(s) 3534510002355 Mis \u00e0 jour le : 04\/02\/2026<\/p>","protected":false},"excerpt":{"rendered":"<p>Berocca Energie Pro B12 est un compl\u00e9ment alimentaire pour l&rsquo;\u00e9nergie et les fonctions c\u00e9r\u00e9brales . Id\u00e9al pour les personnes de\u00a050<\/p>","protected":false},"featured_media":16879,"comment_status":"open","ping_status":"closed","template":"","meta":{"_acf_changed":false},"product_brand":[],"product_cat":[275],"product_tag":[],"class_list":{"0":"post-16880","1":"product","2":"type-product","3":"status-publish","4":"has-post-thumbnail","6":"product_cat-aide-technique","8":"first","9":"instock","10":"shipping-taxable","11":"product-type-simple"},"acf":[],"df_price":"","df_sale_price":"","df_regular_price":"","df_image_link":"https:\/\/rahtek-dz.com\/wp-content\/uploads\/2026\/02\/w-501-h-501-zc-2-berocca-energie-pro-b12-berocca4-1770280678.jpg-300x300.webp","_links":{"self":[{"href":"https:\/\/rahtek-dz.com\/ar\/wp-json\/wp\/v2\/product\/16880","targetHints":{"allow":["GET"]}}],"collection":[{"href":"https:\/\/rahtek-dz.com\/ar\/wp-json\/wp\/v2\/product"}],"about":[{"href":"https:\/\/rahtek-dz.com\/ar\/wp-json\/wp\/v2\/types\/product"}],"replies":[{"embeddable":true,"href":"https:\/\/rahtek-dz.com\/ar\/wp-json\/wp\/v2\/comments?post=16880"}],"wp:featuredmedia":[{"embeddable":true,"href":"https:\/\/rahtek-dz.com\/ar\/wp-json\/wp\/v2\/media\/16879"}],"wp:attachment":[{"href":"https:\/\/rahtek-dz.com\/ar\/wp-json\/wp\/v2\/media?parent=16880"}],"wp:term":[{"taxonomy":"product_brand","embeddable":true,"href":"https:\/\/rahtek-dz.com\/ar\/wp-json\/wp\/v2\/product_brand?post=16880"},{"taxonomy":"product_cat","embeddable":true,"href":"https:\/\/rahtek-dz.com\/ar\/wp-json\/wp\/v2\/product_cat?post=16880"},{"taxonomy":"product_tag","embeddable":true,"href":"https:\/\/rahtek-dz.com\/ar\/wp-json\/wp\/v2\/product_tag?post=16880"}],"curies":[{"name":"wp","href":"https:\/\/api.w.org\/{rel}","templated":true}]}}