{"id":16884,"date":"2026-02-11T12:02:23","date_gmt":"2026-02-11T11:02:23","guid":{"rendered":"https:\/\/rahtek-dz.com\/product\/onetouch-select-plus-bandelettes-reactives\/"},"modified":"2026-02-11T12:02:23","modified_gmt":"2026-02-11T11:02:23","slug":"onetouch-select-plus-bandelettes-reactives","status":"publish","type":"product","link":"https:\/\/rahtek-dz.com\/ar\/product\/onetouch-select-plus-bandelettes-reactives\/","title":{"rendered":"OneTouch Select Plus Bandelettes R\u00e9actives"},"content":{"rendered":"<p>Les bandelettes r\u00e9actives OneTouch Select Plus sont une recharge de bandelettes \u00e0 utiliser avec les lecteurs de glyc\u00e9mie de la gamme OneTouch Select Plus. Elles permettent aux personnes diab\u00e9tiques de surveiller \u00e0 la maison leur taux de sucre dans le sang. Le diab\u00e8te est une maladie chronique qui se contr\u00f4le. Elle se caract\u00e9rise par une glyc\u00e9mie, soit un taux de sucre dans le sang qui s&rsquo;\u00e9l\u00e8ve au-dessus des valeurs normales. Il existe 3 types de diab\u00e8tes, souvent favoris\u00e9s par une pr\u00e9disposition g\u00e9n\u00e9tique. Mode d&rsquo;action de OneTouch Select Plus Bandelettes R\u00e9actives Ces bandelettes r\u00e9actives s&rsquo;utilisent uniquement avec le lecteur de glyc\u00e9mie OneTouch Select Plus , pour vous permettre de mesurer la quantit\u00e9 de glucose dans votre sang de fa\u00e7on autonome. Ce lecteur de glyc\u00e9mie vous indique via un syst\u00e8me de couleurs si vous vous trouvez au-dessus, en-dessous ou au sein de votre objectif glyc\u00e9mique. Les bandelettes OneTouch Select Plus sont tr\u00e8s r\u00e9actives, le sang est aspir\u00e9\u00a0automatiquement par capillarit\u00e9 \u00e0 l&rsquo;extr\u00eamit\u00e9 de la bandelette. La fen\u00eatre de confirmation vous signale quand il y a suffisamment de sang pr\u00e9lev\u00e9, et vous offre un r\u00e9sultat en seulement 5 secondes. Conditionnement disponible sur notre pharmacie en ligne pour les\u00a0bandelettes r\u00e9actives OneTouch Select Plus : bo\u00eete de 100 bandelettes r\u00e9actives. Avis du \t\t\t\t\t\t\t                                                                                pharmacien \t\t\t\t\t\t\t                                                                                sur OneTouch Select Plus Bandelettes R\u00e9actives Lisez attentivement le manuel d&rsquo;utilisation de votre lecteur de glyc\u00e9mie ainsi que les notices des bandelettes r\u00e9actives OneTouch Select Plus. Pr\u00e9cautions d&#8217;emploi : N&rsquo;utilisez pas le syst\u00e8me OneTouch Select Plus en pr\u00e9sence connue ou suspect\u00e9e de iodure de pralidoxime (PAM) dans l&rsquo;\u00e9chantillon de sang total, sous peine d&rsquo;obtenir des r\u00e9sultats erron\u00e9s. Ne pas utiliser pour d\u00e9pister ou diagnostiquer le diab\u00e8te ou chez les nouveaux-n\u00e9s. Utilisable pour un intervalle de mesure de 20 \u00e0 600 mg\/dL et pour un h\u00e9matocrite compris entre 30 et 55%. Marque OneTouch R\u00e9f\u00e9rence(s) 7613427024233 Mis \u00e0 jour le : 27\/02\/2025<\/p>","protected":false},"excerpt":{"rendered":"<p>Les bandelettes r\u00e9actives OneTouch Select Plus sont une recharge de bandelettes \u00e0 utiliser avec les lecteurs de glyc\u00e9mie de la<\/p>","protected":false},"featured_media":16883,"comment_status":"open","ping_status":"closed","template":"","meta":{"_acf_changed":false},"product_brand":[],"product_cat":[275],"product_tag":[],"class_list":{"0":"post-16884","1":"product","2":"type-product","3":"status-publish","4":"has-post-thumbnail","6":"product_cat-aide-technique","8":"first","9":"instock","10":"shipping-taxable","11":"product-type-simple"},"acf":[],"df_price":"","df_sale_price":"","df_regular_price":"","df_image_link":"https:\/\/rahtek-dz.com\/wp-content\/uploads\/2026\/02\/w-501-h-501-zc-2-onetouch-select-plus-bandelettes-reactives-onetouch6-1747730089.jpg-300x300.webp","_links":{"self":[{"href":"https:\/\/rahtek-dz.com\/ar\/wp-json\/wp\/v2\/product\/16884","targetHints":{"allow":["GET"]}}],"collection":[{"href":"https:\/\/rahtek-dz.com\/ar\/wp-json\/wp\/v2\/product"}],"about":[{"href":"https:\/\/rahtek-dz.com\/ar\/wp-json\/wp\/v2\/types\/product"}],"replies":[{"embeddable":true,"href":"https:\/\/rahtek-dz.com\/ar\/wp-json\/wp\/v2\/comments?post=16884"}],"wp:featuredmedia":[{"embeddable":true,"href":"https:\/\/rahtek-dz.com\/ar\/wp-json\/wp\/v2\/media\/16883"}],"wp:attachment":[{"href":"https:\/\/rahtek-dz.com\/ar\/wp-json\/wp\/v2\/media?parent=16884"}],"wp:term":[{"taxonomy":"product_brand","embeddable":true,"href":"https:\/\/rahtek-dz.com\/ar\/wp-json\/wp\/v2\/product_brand?post=16884"},{"taxonomy":"product_cat","embeddable":true,"href":"https:\/\/rahtek-dz.com\/ar\/wp-json\/wp\/v2\/product_cat?post=16884"},{"taxonomy":"product_tag","embeddable":true,"href":"https:\/\/rahtek-dz.com\/ar\/wp-json\/wp\/v2\/product_tag?post=16884"}],"curies":[{"name":"wp","href":"https:\/\/api.w.org\/{rel}","templated":true}]}}