{"id":16886,"date":"2026-02-11T12:02:23","date_gmt":"2026-02-11T11:02:23","guid":{"rendered":"https:\/\/rahtek-dz.com\/product\/cytocore-fatigue-intense\/"},"modified":"2026-02-11T12:02:23","modified_gmt":"2026-02-11T11:02:23","slug":"cytocore-fatigue-intense","status":"publish","type":"product","link":"https:\/\/rahtek-dz.com\/ar\/product\/cytocore-fatigue-intense\/","title":{"rendered":"\u0625\u0631\u0647\u0627\u0642 \u0634\u062f\u064a\u062f \u0641\u064a \u0627\u0644\u062e\u0644\u0627\u064a\u0627 \u0627\u0644\u0639\u0635\u0628\u064a\u0629"},"content":{"rendered":"<p>Cytocore est un compl\u00e9ment alimentaire pour soutenir les capacit\u00e9s physiques et mentales dans des situations de fatigue intense et d&rsquo; \u00e9puisement . Cytocore est recommand\u00e9 pour les personnes qui ont besoin de soutien dans une phase de fatigue intense , ne disparaissant pas avec le repos. Cela peut faire\u00a0suite \u00e0 un surmenage, une convalescence ou\u00a0un surentrainement sportif par exemple. Formul\u00e9 sans caf\u00e9ine, ce compl\u00e9ment alimentaire\u00a0conviendra m\u00eame si vous ne supportez pas cette derni\u00e8re. Mode d&rsquo;action de Cytocore Form\u00e9 de deux complexes exclusifs d\u00e9velopp\u00e9s par NHCO , Cytocore participe au soutien de l&rsquo;organisme : INERGIUM-Kr est une association d&rsquo;un extrait brevet\u00e9 de Quercus robur (Robuvit\u00ae) et de Mangifera indica . Associ\u00e9s \u00e0 la de la vitamine C, \u00e0 de la cr\u00e9atine et \u00e0 de\u00a0l\u2019ac\u00e9tyl-L-Carnitine, ces deux actifs interviennent dans la r\u00e9duction de la fatigue . La vitamine B6 qui compl\u00e8te la formule soutient quant \u00e0 elle le m\u00e9tabolisme \u00e9nerg\u00e9tique normal . CORT-700 forme un complexe de deux acides amin\u00e9s et de\u00a0Magn\u00e9sium Amino-ch\u00e9lat\u00e9\u2122. Ce dernier contribue au fonctionnement normal du syst\u00e8me nerveux . On y retrouve \u00e9galement un extrait de rhodiola qui joue un r\u00f4le dans la r\u00e9duction de la fatigue li\u00e9e au stress , mais aussi un\u00a0extrait d\u2019\u00e9leuth\u00e9rocoque qui soutient les capacit\u00e9s mentales et physiques dans les p\u00e9riodes de fragilit\u00e9, d&rsquo;\u00e9puisement, de fatigue ou encore de convalescence. Pr\u00e9sentation propos\u00e9e par votre pharmacie en ligne : boite de 56 g\u00e9lules v\u00e9g\u00e9tales vertes GreenCaps pour un programme de 3 \u00e0 4 semaines renouvelable. Avis du \t\t\t\t\t\t\t                                                                                pharmacien \t\t\t\t\t\t\t                                                                                sur Cytocore Fatigue Intense Questions les plus souvent pos\u00e9es par nos patients \u00e0 nos pharmaciens : Comment utiliser\u00a0Cytocore ? Le programme fix\u00e9 par NHCO se d\u00e9roule en 2 \u00e9tapes : la 1\u00e8re semaine constitue la phase d&rsquo;attaque, au cours de laquelle il est indiqu\u00e9 de consommer 2 g\u00e9lules le matin et 2 g\u00e9lules le soir pendant un repas ou une collation. les 14 jours suivants, la prise doit \u00eatre r\u00e9duite \u00e0 2 g\u00e9lules dans la journ\u00e9e, de pr\u00e9f\u00e9rence le matin pendant le petit-d\u00e9jeuner. Cette compl\u00e9mentation peut \u00eatre renouvel\u00e9e si le besoin s&rsquo;en fait sentir. Si vous encha\u00eenez 3 mois de prise, faites une pause d&rsquo;un mois minimum.  Si la fatigue persiste de fa\u00e7on inexpliqu\u00e9e, consultez un m\u00e9decin. Quelles sont les pr\u00e9cautions d&rsquo;usage ? Cytocore est un compl\u00e9ment alimentaire r\u00e9serv\u00e9 \u00e0 l&rsquo;adulte, mais est contre-indiqu\u00e9 pour les femmes enceintes ou allaitantes. Il doit \u00eatre utilis\u00e9 dans le cadre d&rsquo;une alimentation saine et vari\u00e9e ainsi que d&rsquo;un mode de vie sain, et le dosage journalier recommand\u00e9 doit \u00eatre scrupuleusement respect\u00e9. La bo\u00eete doit \u00eatre tenue hors de la port\u00e9e des jeunes enfants et entrepos\u00e9e dans un endroit qui soit abrit\u00e9 de la chaleur et de l&rsquo;humidit\u00e9.  Pour d\u00e9couvrir ou retrouver davantage de produits NHCO , n&rsquo;h\u00e9sitez pas \u00e0 explorer le site de notre Pharmacie des Drakkars. Vous pourriez aussi aimer Synapsyl pour la relaxation et le bien-\u00eatre mental , ou TagviC, un stimulant et dynamisant utilisable en cas de\u00a0fatigue l\u00e9g\u00e8re li\u00e9e\u00a0\u00e0 une activit\u00e9\u00a0d\u2019intensit\u00e9 inhabituelle.  Notre pharmacie en ligne est un distributeur agr\u00e9\u00e9 NHCO. Marque NHCO R\u00e9f\u00e9rence(s) 3760196531104 Mis \u00e0 jour le : 10\/11\/2025<\/p>","protected":false},"excerpt":{"rendered":"<p>Cytocore est un compl\u00e9ment alimentaire pour soutenir les capacit\u00e9s physiques et mentales dans des situations de fatigue intense et d&rsquo;<\/p>","protected":false},"featured_media":16885,"comment_status":"open","ping_status":"closed","template":"","meta":{"_acf_changed":false},"product_brand":[],"product_cat":[275],"product_tag":[],"class_list":{"0":"post-16886","1":"product","2":"type-product","3":"status-publish","4":"has-post-thumbnail","6":"product_cat-aide-technique","8":"first","9":"instock","10":"shipping-taxable","11":"product-type-simple"},"acf":[],"df_price":"","df_sale_price":"","df_regular_price":"","df_image_link":"https:\/\/rahtek-dz.com\/wp-content\/uploads\/2026\/02\/w-501-h-501-zc-2-cytocore-fatigue-intense-nhco4-1719566748.jpg-300x300.webp","_links":{"self":[{"href":"https:\/\/rahtek-dz.com\/ar\/wp-json\/wp\/v2\/product\/16886","targetHints":{"allow":["GET"]}}],"collection":[{"href":"https:\/\/rahtek-dz.com\/ar\/wp-json\/wp\/v2\/product"}],"about":[{"href":"https:\/\/rahtek-dz.com\/ar\/wp-json\/wp\/v2\/types\/product"}],"replies":[{"embeddable":true,"href":"https:\/\/rahtek-dz.com\/ar\/wp-json\/wp\/v2\/comments?post=16886"}],"wp:featuredmedia":[{"embeddable":true,"href":"https:\/\/rahtek-dz.com\/ar\/wp-json\/wp\/v2\/media\/16885"}],"wp:attachment":[{"href":"https:\/\/rahtek-dz.com\/ar\/wp-json\/wp\/v2\/media?parent=16886"}],"wp:term":[{"taxonomy":"product_brand","embeddable":true,"href":"https:\/\/rahtek-dz.com\/ar\/wp-json\/wp\/v2\/product_brand?post=16886"},{"taxonomy":"product_cat","embeddable":true,"href":"https:\/\/rahtek-dz.com\/ar\/wp-json\/wp\/v2\/product_cat?post=16886"},{"taxonomy":"product_tag","embeddable":true,"href":"https:\/\/rahtek-dz.com\/ar\/wp-json\/wp\/v2\/product_tag?post=16886"}],"curies":[{"name":"wp","href":"https:\/\/api.w.org\/{rel}","templated":true}]}}