{"id":16912,"date":"2026-02-11T12:02:25","date_gmt":"2026-02-11T11:02:25","guid":{"rendered":"https:\/\/rahtek-dz.com\/product\/arkogelules-valeriane\/"},"modified":"2026-02-11T12:02:25","modified_gmt":"2026-02-11T11:02:25","slug":"arkogelules-valeriane","status":"publish","type":"product","link":"https:\/\/rahtek-dz.com\/ar\/product\/arkogelules-valeriane\/","title":{"rendered":"Arkog\u00e9lules Val\u00e9riane"},"content":{"rendered":"<p>Arkog\u00e9lules Val\u00e9riane est un m\u00e9dicament traditionnel \u00e0 base de plantes des laboratoires Arkopharma, utilis\u00e9 dans les \u00e9tats de tension nerveuse l\u00e9g\u00e8re et les troubles mineurs du sommeil. Arkopharma Arkogelules Val\u00e9riane : troubles mineurs du sommeil et nervosit\u00e9 Ce m\u00e9dicament de phytoth\u00e9rapie est traditionnellement utilis\u00e9 pour r\u00e9duire la nervosit\u00e9 des adultes et des adolescents, notamment en cas de troubles mineurs du sommeil . Arkog\u00e9lules Val\u00e9riane\u00a0est r\u00e9serv\u00e9 \u00e0 l&rsquo;indication sp\u00e9cifi\u00e9e sur la base exclusive de l&rsquo;anciennet\u00e9 de l&rsquo;usage. Ces g\u00e9lules contiennent un extrait de Val\u00e9riane \u00e0 vis\u00e9e s\u00e9dative. Pr\u00e9sentation propos\u00e9e par votre pharmacie en ligne : bo\u00eete de 45 g\u00e9lules ou bo\u00eete de 150 g\u00e9lules. Mode d&#8217;emploi et posologie des g\u00e9lules de\u00a0Val\u00e9riane Arkopharma R\u00e9serv\u00e9 \u00e0 l&rsquo;adultes et \u00e0 l&rsquo;adolescent\u00a0de plus de 12\u00a0ans. La val\u00e9riane est pr\u00e9sum\u00e9e sans danger pendant la grossesse et l&rsquo;allaitement. Toutefois, par mesure de prudence, n&rsquo;utilisez pas sans prendre l&rsquo;avis d&rsquo;un professionnel de sant\u00e9. Tension nerveuse\u00a0: 2\u00a0g\u00e9lules le soir au moment du repas et 2\u00a0g\u00e9lules au coucher. La posologie peut \u00eatre port\u00e9e \u00e0 6\u00a0g\u00e9lules par jour si n\u00e9cessaire. Troubles mineurs du sommeil\u00a0: 2\u00a0g\u00e9lules une demi-heure avant le coucher et 2\u00a0g\u00e9lules le soir au moment du repas si n\u00e9cessaire. Enfant de 12 \u00e0 15 ans : 1 g\u00e9lule au d\u00eener et 1 g\u00e9lule au coucher. Voie orale. Avaler la g\u00e9lule avec un grand verre d&rsquo;eau.\u00a0Dur\u00e9e du traitement :\u00a01\u00a0mois. Si les sympt\u00f4mes persistent pendant l&rsquo;utilisation de ce m\u00e9dicament, un m\u00e9decin ou un pharmacien doit \u00eatre consult\u00e9. Avis du \t\t\t\t\t\t\t                                                                                pharmacien \t\t\t\t\t\t\t                                                                                sur Arkog\u00e9lules Val\u00e9riane Conseils en cas de troubles du sommeil Les m\u00e9dicaments ne sont pas la seule solution aux troubles du sommeil. Pour vous aider \u00e0 am\u00e9liorer la qualit\u00e9 du sommeil, adopter une meilleure hygi\u00e8ne de vie, une consommation mod\u00e9r\u00e9e d&rsquo;excitants et de boissons alcoolis\u00e9es, insonoriser la chambre ou porter des bouchons auriculaires peuvent vous aider. La val\u00e9riane, une plante aux vertus s\u00e9datives et relaxantes La Val\u00e9riane ( Valeriana officinalis ) est une plante herbac\u00e9e qui se rencontre fr\u00e9quemment dans les pr\u00e9s et terrains humides de France. Cette plante poss\u00e8de une racine fibreuse et des fleurs roses tr\u00e8s parfum\u00e9es qui \u00e9closent d&rsquo;avril \u00e0 ao\u00fbt. Son parfum caract\u00e9ristique attire les chats qui aiment s&rsquo;y frotter, expliquant son surnom de \u00ab\u00a0herbe \u00e0 chats\u00a0\u00bb.  La Val\u00e9riane est utilis\u00e9e depuis l&rsquo;Antiquit\u00e9 pour ses vertus relaxantes et s\u00e9datives . Elle est traditionnellement utilis\u00e9e pour la r\u00e9duction de la nervosit\u00e9 chez l&rsquo;adulte, en particulier dans le cas de troubles du sommeil mineurs. Guides \t\t\t\t\t\t                                                                                      de Arkog\u00e9lules Val\u00e9riane Sant\u00e9 Conseils de vie pour mieux dormir Le traitement de l\u2019insomnie passe avant tout par l\u2019observance de quelques r\u00e8gles d\u2019hygi\u00e8ne de vie. En cas &#8230; Marque Arkog\u00e9lules R\u00e9f\u00e9rence(s) 3400933119997, 3400933643980 Forme gal\u00e9nique g\u00e9lule Indications Insomnie &#8211; Troubles psychiques mineurs Mol\u00e9cules hypromellose &#8211; val\u00e9riane racine (350.0 mg) Substance Active val\u00e9riane racine Excipient hypromellose Mis \u00e0 jour le : 17\/11\/2025<\/p>","protected":false},"excerpt":{"rendered":"<p>Arkog\u00e9lules Val\u00e9riane est un m\u00e9dicament traditionnel \u00e0 base de plantes des laboratoires Arkopharma, utilis\u00e9 dans les \u00e9tats de tension nerveuse<\/p>","protected":false},"featured_media":16911,"comment_status":"open","ping_status":"closed","template":"","meta":{"_acf_changed":false},"product_brand":[],"product_cat":[275],"product_tag":[],"class_list":{"0":"post-16912","1":"product","2":"type-product","3":"status-publish","4":"has-post-thumbnail","6":"product_cat-aide-technique","8":"first","9":"instock","10":"shipping-taxable","11":"product-type-simple"},"acf":[],"df_price":"","df_sale_price":"","df_regular_price":"","df_image_link":"https:\/\/rahtek-dz.com\/wp-content\/uploads\/2026\/02\/w-501-h-501-zc-2-arkogelules-valeriane-2-1606385606.png-300x300.webp","_links":{"self":[{"href":"https:\/\/rahtek-dz.com\/ar\/wp-json\/wp\/v2\/product\/16912","targetHints":{"allow":["GET"]}}],"collection":[{"href":"https:\/\/rahtek-dz.com\/ar\/wp-json\/wp\/v2\/product"}],"about":[{"href":"https:\/\/rahtek-dz.com\/ar\/wp-json\/wp\/v2\/types\/product"}],"replies":[{"embeddable":true,"href":"https:\/\/rahtek-dz.com\/ar\/wp-json\/wp\/v2\/comments?post=16912"}],"wp:featuredmedia":[{"embeddable":true,"href":"https:\/\/rahtek-dz.com\/ar\/wp-json\/wp\/v2\/media\/16911"}],"wp:attachment":[{"href":"https:\/\/rahtek-dz.com\/ar\/wp-json\/wp\/v2\/media?parent=16912"}],"wp:term":[{"taxonomy":"product_brand","embeddable":true,"href":"https:\/\/rahtek-dz.com\/ar\/wp-json\/wp\/v2\/product_brand?post=16912"},{"taxonomy":"product_cat","embeddable":true,"href":"https:\/\/rahtek-dz.com\/ar\/wp-json\/wp\/v2\/product_cat?post=16912"},{"taxonomy":"product_tag","embeddable":true,"href":"https:\/\/rahtek-dz.com\/ar\/wp-json\/wp\/v2\/product_tag?post=16912"}],"curies":[{"name":"wp","href":"https:\/\/api.w.org\/{rel}","templated":true}]}}