{"id":16918,"date":"2026-02-11T12:02:26","date_gmt":"2026-02-11T11:02:26","guid":{"rendered":"https:\/\/rahtek-dz.com\/product\/ristabil-anti-fatigue\/"},"modified":"2026-02-11T12:02:26","modified_gmt":"2026-02-11T11:02:26","slug":"ristabil-anti-fatigue","status":"publish","type":"product","link":"https:\/\/rahtek-dz.com\/ar\/product\/ristabil-anti-fatigue\/","title":{"rendered":"Ristabil Anti-Fatigue"},"content":{"rendered":"<p>Ristabil est un\u00a0compl\u00e9ment alimentaire naturel\u00a0indiqu\u00e9 dans la r\u00e9duction de la fatigue chez l&rsquo;adulte\u00a0et l&rsquo;enfant d\u00e8s 3 ans. Ce compl\u00e9ment alimentaire \u00e0 boire est formul\u00e9 \u00e0 base de gel\u00e9e royale et de\u00a0nutriments, dont les\u00a0vitamines B1, B2 et B6. Ristabil : Un compl\u00e9ment alimentaire anti-fatigue et reconstituant naturel Enfants comme adultes peuvent ressentir une grande fatigue \u00e0 certaines p\u00e9riodes en particulier, par exemple : Pendant les p\u00e9riodes de fortes sollicitation physiques et intellectuelles, notamment scolaire lors de la rentr\u00e9e ou des p\u00e9riodes d&rsquo;examens. Lors de changements de saison. Pour fournir un apport compl\u00e9mentaire de ces nutriments en pr\u00e9sence de d\u00e9ficit en apport alimentaire \u00e0 cause d&rsquo;une alimentation d\u00e9s\u00e9quilibr\u00e9e, ou d&rsquo;une augmentation des besoins de l&rsquo;organisme, lors de carences en vitamines B par exemple. L&rsquo;organisme peut alors avoir besoin d&rsquo;un coup de boost, pour soutenir le fonctionnement des d\u00e9fenses naturelles et r\u00e9duire la fatigue .\u00a0Le compl\u00e9ment alimentaire Ristabil va permettre \u00e0 l&rsquo;enfant et \u00e0 l&rsquo;adulte de retrouver un fonctionnement normal du syst\u00e8me immunitaire et du syst\u00e8me nerveux , r\u00e9duire la fatigue et le stress , prot\u00e9ger les cellules du stress oxydatif, afin de retrouver \u00e9nergie et vitalit\u00e9.\u00a0Ristabil est compos\u00e9 de gel\u00e9e royale et d&rsquo;extraits d&rsquo;\u00e9leuth\u00e9rocoque, de myrtille et d&rsquo;\u00e9glantier associ\u00e9s \u00e0 des vitamines du groupe B, destin\u00e9s \u00e0 r\u00e9duire la fatigue\u00a0et\u00a0contribuer au bon fonctionnement des d\u00e9fenses immunitaires\u00a0au quotidien. Vous pourriez aussi \u00eatre int\u00e9ress\u00e9 par les ampoules\u00a0Quinton Hypertonic . Pr\u00e9sentation propos\u00e9e par votre pharmacie en ligne : Bo\u00eete de 10 flacons de 10 ml. Avis du \t\t\t\t\t\t\t                                                                                pharmacien \t\t\t\t\t\t\t                                                                                sur Ristabil Anti-Fatigue Cure de 10 jours, \u00e0 renouveler si n\u00e9cessaire. Bien agiter le flacon unidose de Ristabil.\u00a0Avalez pur, ou versez\u00a0le contenu du flacon dans un verre d&rsquo;eau, de pr\u00e9f\u00e9rence le matin. Chez l&rsquo;enfant de 3 \u00e0 10 ans : 1 flacon par jour. Chez l&rsquo;adulte et l&rsquo;enfant de plus de 10 ans : 1 \u00e0 2 flacons par jour en cure de 10 jours \u00e0 renouveler d\u00e9s que n\u00e9cessaire. Pr\u00e9cautions d&#8217;emploi : Ne pas d\u00e9passer la dose journali\u00e8re indiqu\u00e9e. Peut \u00eatre utilis\u00e9 pendant la p\u00e9riode d&rsquo;allaitement. Tenir hors de la port\u00e9e des jeunes enfants. Marque Mediolanum R\u00e9f\u00e9rence(s) 3401553519396 Pour qui? Toute la famille Mis \u00e0 jour le : 26\/01\/2026<\/p>","protected":false},"excerpt":{"rendered":"<p>Ristabil est un\u00a0compl\u00e9ment alimentaire naturel\u00a0indiqu\u00e9 dans la r\u00e9duction de la fatigue chez l&rsquo;adulte\u00a0et l&rsquo;enfant d\u00e8s 3 ans. Ce compl\u00e9ment alimentaire<\/p>","protected":false},"featured_media":16917,"comment_status":"open","ping_status":"closed","template":"","meta":{"_acf_changed":false},"product_brand":[],"product_cat":[275],"product_tag":[],"class_list":{"0":"post-16918","1":"product","2":"type-product","3":"status-publish","4":"has-post-thumbnail","6":"product_cat-aide-technique","8":"first","9":"instock","10":"shipping-taxable","11":"product-type-simple"},"acf":[],"df_price":"","df_sale_price":"","df_regular_price":"","df_image_link":"https:\/\/rahtek-dz.com\/wp-content\/uploads\/2026\/02\/w-501-h-501-zc-2-ristabil-anti-fatigue-10-flacons-de-10-ml-mediolanum4-1674812491.jpg-300x300.webp","_links":{"self":[{"href":"https:\/\/rahtek-dz.com\/ar\/wp-json\/wp\/v2\/product\/16918","targetHints":{"allow":["GET"]}}],"collection":[{"href":"https:\/\/rahtek-dz.com\/ar\/wp-json\/wp\/v2\/product"}],"about":[{"href":"https:\/\/rahtek-dz.com\/ar\/wp-json\/wp\/v2\/types\/product"}],"replies":[{"embeddable":true,"href":"https:\/\/rahtek-dz.com\/ar\/wp-json\/wp\/v2\/comments?post=16918"}],"wp:featuredmedia":[{"embeddable":true,"href":"https:\/\/rahtek-dz.com\/ar\/wp-json\/wp\/v2\/media\/16917"}],"wp:attachment":[{"href":"https:\/\/rahtek-dz.com\/ar\/wp-json\/wp\/v2\/media?parent=16918"}],"wp:term":[{"taxonomy":"product_brand","embeddable":true,"href":"https:\/\/rahtek-dz.com\/ar\/wp-json\/wp\/v2\/product_brand?post=16918"},{"taxonomy":"product_cat","embeddable":true,"href":"https:\/\/rahtek-dz.com\/ar\/wp-json\/wp\/v2\/product_cat?post=16918"},{"taxonomy":"product_tag","embeddable":true,"href":"https:\/\/rahtek-dz.com\/ar\/wp-json\/wp\/v2\/product_tag?post=16918"}],"curies":[{"name":"wp","href":"https:\/\/api.w.org\/{rel}","templated":true}]}}