{"id":16945,"date":"2026-02-11T12:02:28","date_gmt":"2026-02-11T11:02:28","guid":{"rendered":"https:\/\/rahtek-dz.com\/product\/phytophanere-ultra-serum\/"},"modified":"2026-02-11T12:02:28","modified_gmt":"2026-02-11T11:02:28","slug":"phytophanere-ultra-serum","status":"publish","type":"product","link":"https:\/\/rahtek-dz.com\/ar\/product\/phytophanere-ultra-serum\/","title":{"rendered":"Phytophanere Ultra S\u00e9rum"},"content":{"rendered":"<p>Phytophanere Ultra S\u00e9rum est un soin pour le cuir chevelu du laboratoire Phyto Paris, formul\u00e9 afin de stimuler la croissance de vos cheveux et de renforcer la fibre capillaire. Pour b\u00e9n\u00e9ficier d\u2019une jolie chevelure longue et en pleine sant\u00e9 , le soin du cuir chevelu est une \u00e9tape incontournable et trop souvent n\u00e9glig\u00e9e. Voil\u00e0 pourquoi le laboratoire Phyto Paris a mis au point ce soin Phytophanere Ultra S\u00e9rum , un soin d&rsquo;exception boosteur de longueur , formul\u00e9 afin de stimuler activement la croissance des cheveux tout en redonnant plus de structure \u00e0 la fibre capillaire, de la racine jusqu&rsquo;aux pointes. Pourquoi notre \u00e9quipe vous recommande-t-elle le soin\u00a0Phytophanere Ultra S\u00e9rum\u00a0? Ce s\u00e9rum boosteur de longueur se distingue par son efficacit\u00e9, qui a \u00e9t\u00e9 valid\u00e9e cliniquement. Ainsi, apr\u00e8s seulement 3 mois de cure, 90 % des utilisatrices ont observ\u00e9 une acc\u00e9l\u00e9ration significative de la pousse . Cette efficacit\u00e9 repose sur une synergie d&rsquo;actifs issus de la nature et rigoureusement s\u00e9lectionn\u00e9s\u00a0: Les extraits de Ginseng et de Courge agissent ensemble afin de booster la croissance capillaire , pour des cheveux plus longs. Gr\u00e2ce aux extraits de tulipe et de chardon-marie brevet\u00e9s \u00ab\u00a0Keratin-like\u00a0\u00bb, la fibre est renforc\u00e9e et pr\u00e9sente un risque r\u00e9duit de casse . Un complexe sublimateur exclusif \u00e0 base d\u2019extrait botanique de romarin, de Pro Vitamine B5 et de vitamine B6 vient apaiser le cuir chevelu tout en r\u00e9v\u00e9lant la brillance naturelle des cheveux. Afin de respecter la sant\u00e9 de vos cheveux, ce soin poss\u00e8de une composition \u00e0 97 % d&rsquo;origine naturelle , et garantie sans silicone . Il est \u00e9galement dot\u00e9 d&rsquo;une texture ultra l\u00e9g\u00e8re qui p\u00e9n\u00e8tre instantan\u00e9ment sans laisser de film gras ou collant. Son application est rendue encore plus agr\u00e9able gr\u00e2ce \u00e0 son parfum d\u00e9licat , qui m\u00eale des notes de th\u00e9 et de fleurs fra\u00eeches sur un sillage musqu\u00e9 et bois\u00e9. Pratique, le soin\u00a0Phytophanere Ultra S\u00e9rum boosteur de longueur est par ailleurs adapt\u00e9 \u00e0 tous les types de cuir chevelu . Vous pourrez s\u00e9lectionner le soin\u00a0Phytophanere Ultra S\u00e9rum boosteur de longueur parmi les pr\u00e9sentations suivantes\u00a0chez Pharmacie des Drakkars :\u00a0flacon de 50 ml avec pipette doseuse.\u00a0Vous pourrez \u00e9galement retrouver le compl\u00e9ment alimentaire Phytophanere Cheveux et Ongles sur notre pharmacie en ligne, afin de compl\u00e9ter votre routine de soin capillaire et de renforcer l\u2019action de l\u2019Ultra S\u00e9rum. Avis du \t\t\t\t\t\t\t                                                                                pharmacien \t\t\t\t\t\t\t                                                                                sur Phytophanere Ultra S\u00e9rum Appliquez le s\u00e9rum le soir sur l\u2019ensemble de votre cuir chevelu \u00e0 l\u2019aide de la pipette, puis massez. Ne pas rincer apr\u00e8s application. Pour des r\u00e9sultats optimaux, une application r\u00e9guli\u00e8re pendant 3 mois est recommand\u00e9e. Marque Phyto R\u00e9f\u00e9rence(s) 3701436939069 Mis \u00e0 jour le : 04\/02\/2026<\/p>","protected":false},"excerpt":{"rendered":"<p>Phytophanere Ultra S\u00e9rum est un soin pour le cuir chevelu du laboratoire Phyto Paris, formul\u00e9 afin de stimuler la croissance<\/p>","protected":false},"featured_media":16936,"comment_status":"open","ping_status":"closed","template":"","meta":{"_acf_changed":false},"product_brand":[],"product_cat":[275],"product_tag":[],"class_list":{"0":"post-16945","1":"product","2":"type-product","3":"status-publish","4":"has-post-thumbnail","6":"product_cat-aide-technique","8":"first","9":"instock","10":"shipping-taxable","11":"product-type-simple"},"acf":[],"df_price":"","df_sale_price":"","df_regular_price":"","df_image_link":"https:\/\/rahtek-dz.com\/wp-content\/uploads\/2026\/02\/w-501-h-501-zc-2-default.jpg-300x300.webp","_links":{"self":[{"href":"https:\/\/rahtek-dz.com\/ar\/wp-json\/wp\/v2\/product\/16945","targetHints":{"allow":["GET"]}}],"collection":[{"href":"https:\/\/rahtek-dz.com\/ar\/wp-json\/wp\/v2\/product"}],"about":[{"href":"https:\/\/rahtek-dz.com\/ar\/wp-json\/wp\/v2\/types\/product"}],"replies":[{"embeddable":true,"href":"https:\/\/rahtek-dz.com\/ar\/wp-json\/wp\/v2\/comments?post=16945"}],"wp:featuredmedia":[{"embeddable":true,"href":"https:\/\/rahtek-dz.com\/ar\/wp-json\/wp\/v2\/media\/16936"}],"wp:attachment":[{"href":"https:\/\/rahtek-dz.com\/ar\/wp-json\/wp\/v2\/media?parent=16945"}],"wp:term":[{"taxonomy":"product_brand","embeddable":true,"href":"https:\/\/rahtek-dz.com\/ar\/wp-json\/wp\/v2\/product_brand?post=16945"},{"taxonomy":"product_cat","embeddable":true,"href":"https:\/\/rahtek-dz.com\/ar\/wp-json\/wp\/v2\/product_cat?post=16945"},{"taxonomy":"product_tag","embeddable":true,"href":"https:\/\/rahtek-dz.com\/ar\/wp-json\/wp\/v2\/product_tag?post=16945"}],"curies":[{"name":"wp","href":"https:\/\/api.w.org\/{rel}","templated":true}]}}