{"id":16947,"date":"2026-02-11T12:02:28","date_gmt":"2026-02-11T11:02:28","guid":{"rendered":"https:\/\/rahtek-dz.com\/product\/medical-z-lipo-bras-ec042-noir\/"},"modified":"2026-02-11T12:02:28","modified_gmt":"2026-02-11T11:02:28","slug":"medical-z-lipo-bras-ec042-noir","status":"publish","type":"product","link":"https:\/\/rahtek-dz.com\/ar\/product\/medical-z-lipo-bras-ec042-noir\/","title":{"rendered":"Medical Z Lipo-Bras EC042 Noir"},"content":{"rendered":"<p>Le Lipo-Bras Medical Z est une orth\u00e8se\u00a0de compression post op\u00e9ratoire sp\u00e9cifique liposuccion bras et haut du dos. Elle est \u00e9quip\u00e9e de deux bandes de velcro , en dessus et en dessous de la poitrine pour un ajustement maximal. Il est fabriqu\u00e9 avec un tissu Lycra l\u00e9ger et confortable . Cette orth\u00e8se est particuli\u00e8rement adapt\u00e9e aux liposuccions des bras, des sous bras et du haut du dos. Ce mod\u00e8le remplace le S011 ! Couleur : noir En savoir plus sur le Lipo-Bras Medical Z Nous vous conseillons de choisir la taille des v\u00eatements de compression en fonction des mesures prises avant la proc\u00e9dure chirurgicale. Mesurez le tour de torse \u00e0 l&rsquo;endroit le plus fort. Pour trouver le mod\u00e8le adapt\u00e9, r\u00e9f\u00e9rez-vous \u00e0 l&rsquo;onglet \u00ab\u00a0guide des tailles\u00a0\u00bb ci-dessus. A noter : la commande en ligne des produits Medical Z sur le site de la Grande Pharmacie des Drakkars ne permet pas de b\u00e9n\u00e9ficier d&rsquo;une prise en charge par l&rsquo;Assurance Maladie. Pour des raisons d&rsquo;hygi\u00e8ne et de protection de la sant\u00e9, ce produit ne sera ni repris, ni \u00e9chang\u00e9. Marque Medical Z R\u00e9f\u00e9rence(s) 3660381014415, 3660381023288, 3660381023295, 3660381023301, 3660381023318, 3660381023325, 3660381023332 Mis \u00e0 jour le : 13\/01\/2026<\/p>","protected":false},"excerpt":{"rendered":"<p>Le Lipo-Bras Medical Z est une orth\u00e8se\u00a0de compression post op\u00e9ratoire sp\u00e9cifique liposuccion bras et haut du dos. Elle est \u00e9quip\u00e9e<\/p>","protected":false},"featured_media":16946,"comment_status":"open","ping_status":"closed","template":"","meta":{"_acf_changed":false},"product_brand":[],"product_cat":[275],"product_tag":[],"class_list":{"0":"post-16947","1":"product","2":"type-product","3":"status-publish","4":"has-post-thumbnail","6":"product_cat-aide-technique","8":"first","9":"instock","10":"shipping-taxable","11":"product-type-simple"},"acf":[],"df_price":"","df_sale_price":"","df_regular_price":"","df_image_link":"https:\/\/rahtek-dz.com\/wp-content\/uploads\/2026\/02\/w-501-h-501-zc-2-medical-z-lipo-bras-ec042-noir-medical-z2-1652970632.png-300x300.webp","_links":{"self":[{"href":"https:\/\/rahtek-dz.com\/ar\/wp-json\/wp\/v2\/product\/16947","targetHints":{"allow":["GET"]}}],"collection":[{"href":"https:\/\/rahtek-dz.com\/ar\/wp-json\/wp\/v2\/product"}],"about":[{"href":"https:\/\/rahtek-dz.com\/ar\/wp-json\/wp\/v2\/types\/product"}],"replies":[{"embeddable":true,"href":"https:\/\/rahtek-dz.com\/ar\/wp-json\/wp\/v2\/comments?post=16947"}],"wp:featuredmedia":[{"embeddable":true,"href":"https:\/\/rahtek-dz.com\/ar\/wp-json\/wp\/v2\/media\/16946"}],"wp:attachment":[{"href":"https:\/\/rahtek-dz.com\/ar\/wp-json\/wp\/v2\/media?parent=16947"}],"wp:term":[{"taxonomy":"product_brand","embeddable":true,"href":"https:\/\/rahtek-dz.com\/ar\/wp-json\/wp\/v2\/product_brand?post=16947"},{"taxonomy":"product_cat","embeddable":true,"href":"https:\/\/rahtek-dz.com\/ar\/wp-json\/wp\/v2\/product_cat?post=16947"},{"taxonomy":"product_tag","embeddable":true,"href":"https:\/\/rahtek-dz.com\/ar\/wp-json\/wp\/v2\/product_tag?post=16947"}],"curies":[{"name":"wp","href":"https:\/\/api.w.org\/{rel}","templated":true}]}}