{"id":16949,"date":"2026-02-11T12:02:28","date_gmt":"2026-02-11T11:02:28","guid":{"rendered":"https:\/\/rahtek-dz.com\/product\/puressentiel-spray-nasal-protection-allergies\/"},"modified":"2026-02-11T12:02:28","modified_gmt":"2026-02-11T11:02:28","slug":"puressentiel-spray-nasal-protection-allergies","status":"publish","type":"product","link":"https:\/\/rahtek-dz.com\/ar\/product\/puressentiel-spray-nasal-protection-allergies\/","title":{"rendered":"Puressentiel Spray Nasal Protection Allergies"},"content":{"rendered":"<p>D\u00e9velopp\u00e9 par Puressentiel , ce Spray Nasal Protection Allergies a \u00e9t\u00e9 con\u00e7u pour offrir une solution pr\u00e9ventive aux personnes qui souffrent d&rsquo;allergies saisonni\u00e8res ou r\u00e9currentes , par exemple aux pollens, \u00e0 la poussi\u00e8re ou aux poils d&rsquo;animaux. Prot\u00e9gez-vous efficacement avec le\u00a0Spray Nasal Protection Allergies Puressentiel Avec sa liste d&rsquo;ingr\u00e9dients r\u00e9duite au strict minimum et sa formule garantie int\u00e9gralement d&rsquo;origine v\u00e9g\u00e9tale, ce Spray Nasal Protection Allergies permet de pr\u00e9venir les sympt\u00f4mes qui sont habituellement li\u00e9s \u00e0 la rhinite allergique , \u00e0 l&rsquo;instar des \u00e9ternuements, du nez qui coule, des obstructions et des d\u00e9mangeaisons nasales, ou encore de la fatigue respiratoire. Lorsqu&rsquo;il est appliqu\u00e9, ce spray Puressentiel forme un film de protection contre les allerg\u00e8nes environnementaux et v\u00e9g\u00e9taux qui se trouvent dans l&rsquo;air et dans les tissus. Son action douce, non irritante et non dess\u00e9chante, vient humidifier et pr\u00e9server l&rsquo;hydratation naturelle de la muqueuse nasale avec efficacit\u00e9 et en toute s\u00e9curit\u00e9. Pour que la composition de ce Spray Nasal Protection Allergies Puressentiel soit la plus propre possible et qu&rsquo;elle convienne au plus grand nombre, celle-ci n&rsquo;inclut aucune trace d&rsquo;antihistaminique, de cortisone ou de conservateur. Ainsi, ce produit ne d\u00e9clencher aucun effet de somnolence ou de rebond. Ce dispositif m\u00e9dical est un produit de sant\u00e9 r\u00e9glement\u00e9 qui porte, au titre de cette r\u00e9glementation, le marquage CE. Pr\u00e9sentation propos\u00e9e par votre pharmacie en ligne : flacon-spray de 20 millilitres de solution pr\u00e9ventive contre les allergies. Avis du \t\t\t\t\t\t\t                                                                                pharmacien \t\t\t\t\t\t\t                                                                                sur Puressentiel Spray Nasal Protection Allergies Nos patients nous interrogent souvent au comptoir de notre Pharmacie des Drakkars : Comment s&rsquo;utilise le\u00a0Spray Nasal Protection Allergies Puressentiel ? Avant toute pulv\u00e9risation, il est pr\u00e9conis\u00e9 de bien nettoyer les fosses nasales au pr\u00e9alable avec une solution isotonique , puis de se moucher. Vaporiser ensuite le produit dans les narines, puis les pincer d\u00e9licatement entre deux doigts afin de r\u00e9partir le film protecteur sur l&rsquo;ensemble de la muqueuse nasale. Ne pas se moucher afin de pr\u00e9server l&rsquo;action des actifs.  Il est recommand\u00e9 d&rsquo;utiliser ce Spray Nasal Protection Allergies durant toute la p\u00e9riode concern\u00e9e, et avant tout contact avec les allerg\u00e8nes, d\u00e8s que les premiers sympt\u00f4mes apparaissent. La posologie est fix\u00e9e \u00e0 1 pulv\u00e9risation par narine pour les enfants (\u00e0 partir de l&rsquo;\u00e2ge de 3 ans), et \u00e0 2 pulv\u00e9risations pour les adultes. Cette solution pr\u00e9ventive contre les allergies peut \u00eatre utilis\u00e9e aussi souvent que n\u00e9cessaire, avec un renouvellement possible toutes les 4 heures pour un maximum de 6 fois par jour. Des contre-indications sont-elles mentionn\u00e9es ? Puressentiel d\u00e9conseille l&rsquo;usage de ce dispositif m\u00e9dical pour : les enfants de moins de 3 ans, les femmes enceintes ou allaitantes, les personnes pr\u00e9sentant une hypersensibilit\u00e9 \u00e0 l&rsquo;huile essentielle d&rsquo;Eucalyptus radi\u00e9, les sujets ayant des ant\u00e9c\u00e9dents de troubles convulsifs ou \u00e9pileptiques. Quelles sont les pr\u00e9cautions d&#8217;emploi ? Le Spray Nasal Protection Allergies Puressentiel devra bien \u00eatre tenu hors de la port\u00e9e des jeunes enfants. Id\u00e9alement, la conservation devra se faire \u00e0 l&rsquo;abri de toute source de chaleur ou d&rsquo;humidit\u00e9. Si le flacon ou le vaporisateur sont endommag\u00e9s ou cass\u00e9s, ce produit ne devra pas \u00eatre utilis\u00e9 par mesure de pr\u00e9caution.    Retrouvez l&rsquo;ensemble de la gamme de produits Puressentiel sur le site de notre Pharmacie des Drakkars . Guides \t\t\t\t\t\t                                                                                      de Puressentiel Spray Nasal Protection Allergies Sant\u00e9 Allergies saisonni\u00e8res : sympt\u00f4mes, pr\u00e9vention et traitement Symbole de renouveau et des beaux jours qui reviennent, le printemps est aussi associ\u00e9 au retour des allergies ! Plus d&rsquo;un quart de la &#8230; Marque Puressentiel Respiratoire R\u00e9f\u00e9rence(s) 3701056801616 Mis \u00e0 jour le : 22\/01\/2026<\/p>","protected":false},"excerpt":{"rendered":"<p>D\u00e9velopp\u00e9 par Puressentiel , ce Spray Nasal Protection Allergies a \u00e9t\u00e9 con\u00e7u pour offrir une solution pr\u00e9ventive aux personnes qui<\/p>","protected":false},"featured_media":16948,"comment_status":"open","ping_status":"closed","template":"","meta":{"_acf_changed":false},"product_brand":[],"product_cat":[275],"product_tag":[],"class_list":{"0":"post-16949","1":"product","2":"type-product","3":"status-publish","4":"has-post-thumbnail","6":"product_cat-aide-technique","8":"first","9":"instock","10":"shipping-taxable","11":"product-type-simple"},"acf":[],"df_price":"","df_sale_price":"","df_regular_price":"","df_image_link":"https:\/\/rahtek-dz.com\/wp-content\/uploads\/2026\/02\/w-501-h-501-zc-2-3701056801616-ld-0023-front-5eec6e0726040.jpg-300x300.webp","_links":{"self":[{"href":"https:\/\/rahtek-dz.com\/ar\/wp-json\/wp\/v2\/product\/16949","targetHints":{"allow":["GET"]}}],"collection":[{"href":"https:\/\/rahtek-dz.com\/ar\/wp-json\/wp\/v2\/product"}],"about":[{"href":"https:\/\/rahtek-dz.com\/ar\/wp-json\/wp\/v2\/types\/product"}],"replies":[{"embeddable":true,"href":"https:\/\/rahtek-dz.com\/ar\/wp-json\/wp\/v2\/comments?post=16949"}],"wp:featuredmedia":[{"embeddable":true,"href":"https:\/\/rahtek-dz.com\/ar\/wp-json\/wp\/v2\/media\/16948"}],"wp:attachment":[{"href":"https:\/\/rahtek-dz.com\/ar\/wp-json\/wp\/v2\/media?parent=16949"}],"wp:term":[{"taxonomy":"product_brand","embeddable":true,"href":"https:\/\/rahtek-dz.com\/ar\/wp-json\/wp\/v2\/product_brand?post=16949"},{"taxonomy":"product_cat","embeddable":true,"href":"https:\/\/rahtek-dz.com\/ar\/wp-json\/wp\/v2\/product_cat?post=16949"},{"taxonomy":"product_tag","embeddable":true,"href":"https:\/\/rahtek-dz.com\/ar\/wp-json\/wp\/v2\/product_tag?post=16949"}],"curies":[{"name":"wp","href":"https:\/\/api.w.org\/{rel}","templated":true}]}}