{"id":16999,"date":"2026-02-11T12:02:32","date_gmt":"2026-02-11T11:02:32","guid":{"rendered":"https:\/\/rahtek-dz.com\/product\/bicarbonate-de-sodium-cooper-14-solution-pour-perfusion\/"},"modified":"2026-02-11T12:02:32","modified_gmt":"2026-02-11T11:02:32","slug":"bicarbonate-de-sodium-cooper-14-solution-pour-perfusion","status":"publish","type":"product","link":"https:\/\/rahtek-dz.com\/ar\/product\/bicarbonate-de-sodium-cooper-14-solution-pour-perfusion\/","title":{"rendered":"Bicarbonate de Sodium Cooper 1,4 % Solution pour Perfusion"},"content":{"rendered":"<p>La solution pour perfusion Bicarbonate de Sodium Cooper 1,4 % est un produit d&rsquo;apport alcalin : il est utilis\u00e9 en cas d&rsquo;acidoses m\u00e9taboliques ou d&rsquo;intoxication par le ph\u00e9nobarbital. La substance active de la solution pour perfusion Bicarbonate de Sodium Cooper 1,4% est le bicarbonate de sodium, dos\u00e9 \u00e0 1,4 g pour 100 ml de solution. Une fois ouvert, le flacon de solution doit \u00eatre utilis\u00e9 imm\u00e9diatement. Quelles sont les indications pour la solution pour perfusion Bicarbonate de Sodium Cooper 1,4% ? Ce m\u00e9dicament est utilis\u00e9 en perfusion lente par voie intra-veineuse en cas : d&rsquo; acidoses m\u00e9taboliques (c&rsquo;est \u00e0 dire une acidit\u00e9 \u00e9lev\u00e9e du sang) d&rsquo; intoxication par le ph\u00e9nobarbital , un barbiturique utilis\u00e9 dans les cas d&rsquo;\u00e9pilepsie. La solution pour perfusion Bicarbonate de Sodium Cooper 1,4 % ne doit jamais \u00eatre utilis\u00e9e dans les cas suivants : acidose respiratoire (acidit\u00e9 \u00e9lev\u00e9e du sang due \u00e0 une insuffisance respiratoire), alcalose m\u00e9tabolique (acidit\u00e9 insuffisante du sang). Posologie de la solution pour perfusion Bicarbonate de Sodium Cooper 1,4% La posologie varie et est \u00e0 adapter selon le profil du patient. Il convient de respecter les consignes du professionnel de sant\u00e9. La solution doit \u00eatre utilis\u00e9e avec pr\u00e9caution en cas de : r\u00e9tention hydrosod\u00e9e (eau et sel) insuffisance cardiaque syndrome \u0153demato-ascitique des cirrhoses (\u0153d\u00e8me et accumulation anormale de liquide dans le ventre lors de maladie s\u00e9v\u00e8re du foie) Vous pourrez retrouver la solution pour perfusion Bicarbonate de Sodium Cooper 1,4% dans les conditionnements suivants chez Pharmacie des Drakkars : flacon de 250 ml de solution. Marque Cooper R\u00e9f\u00e9rence(s) 3400935073433 Mis \u00e0 jour le : 24\/12\/2025<\/p>","protected":false},"excerpt":{"rendered":"<p>La solution pour perfusion Bicarbonate de Sodium Cooper 1,4 % est un produit d&rsquo;apport alcalin : il est utilis\u00e9 en<\/p>","protected":false},"featured_media":16998,"comment_status":"open","ping_status":"closed","template":"","meta":{"_acf_changed":false},"product_brand":[],"product_cat":[275],"product_tag":[],"class_list":{"0":"post-16999","1":"product","2":"type-product","3":"status-publish","4":"has-post-thumbnail","6":"product_cat-aide-technique","8":"first","9":"instock","10":"shipping-taxable","11":"product-type-simple"},"acf":[],"df_price":"","df_sale_price":"","df_regular_price":"","df_image_link":"https:\/\/rahtek-dz.com\/wp-content\/uploads\/2026\/02\/w-501-h-501-zc-2-cooper-bicarbonate-de-sodium-cooper-1-4-solution-pour-perfusion-cooper4-1710335729.jpg-300x300.webp","_links":{"self":[{"href":"https:\/\/rahtek-dz.com\/ar\/wp-json\/wp\/v2\/product\/16999","targetHints":{"allow":["GET"]}}],"collection":[{"href":"https:\/\/rahtek-dz.com\/ar\/wp-json\/wp\/v2\/product"}],"about":[{"href":"https:\/\/rahtek-dz.com\/ar\/wp-json\/wp\/v2\/types\/product"}],"replies":[{"embeddable":true,"href":"https:\/\/rahtek-dz.com\/ar\/wp-json\/wp\/v2\/comments?post=16999"}],"wp:featuredmedia":[{"embeddable":true,"href":"https:\/\/rahtek-dz.com\/ar\/wp-json\/wp\/v2\/media\/16998"}],"wp:attachment":[{"href":"https:\/\/rahtek-dz.com\/ar\/wp-json\/wp\/v2\/media?parent=16999"}],"wp:term":[{"taxonomy":"product_brand","embeddable":true,"href":"https:\/\/rahtek-dz.com\/ar\/wp-json\/wp\/v2\/product_brand?post=16999"},{"taxonomy":"product_cat","embeddable":true,"href":"https:\/\/rahtek-dz.com\/ar\/wp-json\/wp\/v2\/product_cat?post=16999"},{"taxonomy":"product_tag","embeddable":true,"href":"https:\/\/rahtek-dz.com\/ar\/wp-json\/wp\/v2\/product_tag?post=16999"}],"curies":[{"name":"wp","href":"https:\/\/api.w.org\/{rel}","templated":true}]}}