{"id":17001,"date":"2026-02-11T12:02:32","date_gmt":"2026-02-11T11:02:32","guid":{"rendered":"https:\/\/rahtek-dz.com\/product\/allervi\/"},"modified":"2026-02-11T12:02:32","modified_gmt":"2026-02-11T11:02:32","slug":"allervi","status":"publish","type":"product","link":"https:\/\/rahtek-dz.com\/ar\/product\/allervi\/","title":{"rendered":"\u0627\u0644\u062d\u0633\u0627\u0633\u064a\u0629"},"content":{"rendered":"<p>Allervi est un m\u00e9dicament antihistaminique sans ordonnance , indiqu\u00e9 pour le traitement symptomatique de la rhinite allergique saisonni\u00e8re d\u00e8s 12 ans. Il offre une action rapide et durable pour soulager les sympt\u00f4mes d\u00e9sagr\u00e9ables dus \u00e0 l&rsquo;exposition aux allerg\u00e8nes comme le pollen\u00a0: congestion nasale, \u00e9ternuements&#8230; Allervi : une action rapide pendant 24 heures Allervi est un m\u00e9dicament non-soumis \u00e0 prescription m\u00e9dicale qui se pr\u00e9sente sous la forme de 7 comprim\u00e9s pellicul\u00e9s \u00e0 prendre quotidiennement par voie orale d\u00e8s 12 ans . Chaque comprim\u00e9 contient 120 mg de chlorhydrate de fexof\u00e9nadine , un antihistaminique de seconde g\u00e9n\u00e9ration qui offre une action rapide et durable contre l&rsquo;allergie aux pollens. Comment fonctionne le chlorhydrate de fexof\u00e9nadine ? En bloquant de fa\u00e7on s\u00e9lective l&rsquo;histamine sur les r\u00e9cepteurs H1 p\u00e9riph\u00e9riques . L&rsquo;histamine est une mol\u00e9cule lib\u00e9r\u00e9e lors des r\u00e9actions allergiques, par exemple aux pollens, qui provoque les sympt\u00f4mes dont vous souffrez : nez qui coule, d\u00e9mangeaisons du palais, yeux qui pleurent&#8230; Allervi est un m\u00e9dicament qui fait effet environ 1 heure apr\u00e8s la prise et vous soulage pendant 24 heures . Comment prendre Allervi ? Votre pharmacien vous conseille de prendre un comprim\u00e9 pellicul\u00e9 d&rsquo;Allervi une fois par jour avec un grand verre d&rsquo;eau en cas de rhinite allergique saisonni\u00e8re. Il est r\u00e9serv\u00e9 \u00e0 l&rsquo;adulte et l&rsquo;adolescent de plus de 12 ans . La dur\u00e9e de traitement d\u00e9pendra de la dur\u00e9e et de l&rsquo;\u00e9volution des sympt\u00f4mes . Si ces derniers ne sont pas r\u00e9duits au bout de quelques jours de traitement, contactez votre m\u00e9decin . Les sympt\u00f4mes li\u00e9s aux allergies peuvent \u00eatre tr\u00e8s incommodants, nous vous conseillons donc de coupler la prise d&rsquo;antihistaminiques\u00a0avec un spray nasal anti allergie ainsi que du collyre pour les conjonctivites allergiques . Qu&rsquo;est-ce que la rhinite allergique saisonni\u00e8re ? La rhinite allergique saisonni\u00e8re , souvent appel\u00e9e \u00a0\u00bb rhume des foins \u00ab\u00a0, se caract\u00e9rise par plusieurs sympt\u00f4mes , tels que les \u00e9ternuements, la rhinorrh\u00e9e (\u00e9coulement nasal), la congestion nasale, et peut \u00e9galement inclure des d\u00e9mangeaisons nasales, de la pr\u00e9sence de mucus\/glaires\u00a0dans la gorge, ou encore des perturbations temporaires de l&rsquo;odorat. Il est aussi possible que les yeux soient affect\u00e9s. Mais alors, comment distinguer la rhinite allergique d&rsquo;un simple rhume ? Plusieurs facteurs permettent de faire la diff\u00e9rence ;\u00a0premi\u00e8rement, la rhinite allergique est souvent d\u00e9clench\u00e9e par une exposition \u00e0 des allerg\u00e8nes sp\u00e9cifiques comme le pollen . De plus, elle peut \u00eatre accompagn\u00e9e de sympt\u00f4mes oculaires et est souvent observ\u00e9e chez des personnes ayant des ant\u00e9c\u00e9dents familiaux d&rsquo;allergies. Contrairement au rhume, les sympt\u00f4mes sont bilat\u00e9raux et l&rsquo;\u00e9coulement nasal est clair et aqueux. La rhinite allergique ne s&rsquo;accompagne pas de douleur, de perte compl\u00e8te de l&rsquo;odorat (anosmie) ou de saignements de nez (\u00e9pistaxis). En g\u00e9n\u00e9ral, elle se manifeste chaque ann\u00e9e \u00e0 la m\u00eame p\u00e9riode, correspondant aux moments o\u00f9 l&rsquo;air est riche en pollen. :\u00a0\u200b Avis du \t\t\t\t\t\t\t                                                                                pharmacien \t\t\t\t\t\t\t                                                                                sur Allervi Quelles sont les contre-indications d&rsquo;Allervi ? Allervi est contre-indiqu\u00e9 dans certains cas : si vous pr\u00e9sentez une hypersensibilit\u00e9 au chlorhydrate de fexof\u00e9nadine ou autre composant de ce m\u00e9dicament ; si vous avez moins de 12 ans ; si vous \u00eates enceinte , sauf en cas de n\u00e9cessit\u00e9 absolue ; si vous allaitez ; si vous souffrez d&rsquo;une maladie cardiovasculaire ou pr\u00e9sentez des ant\u00e9c\u00e9dents ; si vous souffrez d&rsquo; insuffisante r\u00e9nale ou h\u00e9patique . Si vous avez le moindre doute, contactez-nous, parlez-en \u00e0 votre pharmacien ou consultez votre m\u00e9decin. Quels sont les effets ind\u00e9sirables d&rsquo;Allervi ? Comment tous les m\u00e9dicaments, la prise d&rsquo;un comprim\u00e9 d&rsquo;Allervi est susceptible de provoquer des effets ind\u00e9sirables chez certaines personnes. Parmi eux : des c\u00e9phal\u00e9es ; de la somnolence ; une sensation de vertige ; des naus\u00e9es . Retrouvez \u00e9galement le\u00a0m\u00e9dicament antihistaminique C\u00e9tirizine chez Pharmacie des Drakkars. Guides \t\t\t\t\t\t                                                                                      de Allervi Sant\u00e9 Allergies saisonni\u00e8res : sympt\u00f4mes, pr\u00e9vention et traitement Symbole de renouveau et des beaux jours qui reviennent, le printemps est aussi associ\u00e9 au retour des allergies ! Plus d&rsquo;un quart de la &#8230; Marque Opella R\u00e9f\u00e9rence(s) 3400927481802 Mis \u00e0 jour le : 29\/12\/2025<\/p>","protected":false},"excerpt":{"rendered":"<p>Allervi est un m\u00e9dicament antihistaminique sans ordonnance , indiqu\u00e9 pour le traitement symptomatique de la rhinite allergique saisonni\u00e8re d\u00e8s 12<\/p>","protected":false},"featured_media":17000,"comment_status":"open","ping_status":"closed","template":"","meta":{"_acf_changed":false},"product_brand":[],"product_cat":[275],"product_tag":[],"class_list":{"0":"post-17001","1":"product","2":"type-product","3":"status-publish","4":"has-post-thumbnail","6":"product_cat-aide-technique","8":"first","9":"instock","10":"shipping-taxable","11":"product-type-simple"},"acf":[],"df_price":"","df_sale_price":"","df_regular_price":"","df_image_link":"https:\/\/rahtek-dz.com\/wp-content\/uploads\/2026\/02\/w-501-h-501-zc-2-allervi-sanofi4-1712069061.jpg-300x300.webp","_links":{"self":[{"href":"https:\/\/rahtek-dz.com\/ar\/wp-json\/wp\/v2\/product\/17001","targetHints":{"allow":["GET"]}}],"collection":[{"href":"https:\/\/rahtek-dz.com\/ar\/wp-json\/wp\/v2\/product"}],"about":[{"href":"https:\/\/rahtek-dz.com\/ar\/wp-json\/wp\/v2\/types\/product"}],"replies":[{"embeddable":true,"href":"https:\/\/rahtek-dz.com\/ar\/wp-json\/wp\/v2\/comments?post=17001"}],"wp:featuredmedia":[{"embeddable":true,"href":"https:\/\/rahtek-dz.com\/ar\/wp-json\/wp\/v2\/media\/17000"}],"wp:attachment":[{"href":"https:\/\/rahtek-dz.com\/ar\/wp-json\/wp\/v2\/media?parent=17001"}],"wp:term":[{"taxonomy":"product_brand","embeddable":true,"href":"https:\/\/rahtek-dz.com\/ar\/wp-json\/wp\/v2\/product_brand?post=17001"},{"taxonomy":"product_cat","embeddable":true,"href":"https:\/\/rahtek-dz.com\/ar\/wp-json\/wp\/v2\/product_cat?post=17001"},{"taxonomy":"product_tag","embeddable":true,"href":"https:\/\/rahtek-dz.com\/ar\/wp-json\/wp\/v2\/product_tag?post=17001"}],"curies":[{"name":"wp","href":"https:\/\/api.w.org\/{rel}","templated":true}]}}