{"id":17005,"date":"2026-02-11T12:02:33","date_gmt":"2026-02-11T11:02:33","guid":{"rendered":"https:\/\/rahtek-dz.com\/product\/nutrisens-hyperdrink-hp-hc-2kcal\/"},"modified":"2026-02-11T12:02:33","modified_gmt":"2026-02-11T11:02:33","slug":"nutrisens-hyperdrink-hp-hc-2kcal","status":"publish","type":"product","link":"https:\/\/rahtek-dz.com\/ar\/product\/nutrisens-hyperdrink-hp-hc-2kcal\/","title":{"rendered":"Nutrisens Hyperdrink HP\/HC 2kcal"},"content":{"rendered":"<p>Pour toutes les personnes qui sont en situation de d\u00e9nutrition, Nutrisens propose la boisson Hyperdrink HP\/HC 2kcal, qui peut \u00eatre utilis\u00e9e comme unique source d&rsquo;alimentation. Hyperdrink HP\/HC 2kcal de Nutrisens est une denr\u00e9e alimentaire destin\u00e9e \u00e0 des fins m\u00e9dicales sp\u00e9ciales (DADFMS) propos\u00e9e sous la forme d&rsquo;une savoureuse boisson \u00e0 la fois hypercalorique et hyperprot\u00e9in\u00e9e , et disponible dans de nombreux parfums afin de vous aider \u00e0 varier les plaisirs et \u00e9viter le risque de lassitude envers le produit. Formul\u00e9es avec du sucre mais sans \u00e9dulcorant, les diff\u00e9rentes boissons Hyperdrink HP\/HC 2kcal apportent\u00a0chacune 20 g de prot\u00e9ines et 406 kcal pour 200 ml . Quels sont les int\u00e9r\u00eats de la boisson Hyperdrink HP\/HC 2kcal de Nutrisens ? Les boissons hypercaloriques Hyperdrink HP\/HC 2kcal Nutrisens sont d\u00e9sormais propos\u00e9es au format Tetrapak, c&rsquo;est \u00e0 dire dans un emballage garanti 100% \u00e9cologique , qui facilite par ailleurs la prise en main de la boisson par le patient. Facile \u00e0 ouvrir, les briques d&rsquo;Hyperdrink HP\/HC 2kcal pr\u00e9sentent \u00e9galement l&rsquo;avantage de poss\u00e9der une formulation compl\u00e8te et sans lactose . Pr\u00e9cautions \u00e0 prendre avec les boissons hyperprot\u00e9in\u00e9es et Hyperdrink HP\/HC 2kcal : conservez les briques \u00e0 une temp\u00e9rature comprise entre 4\u00b0C et 25\u00b0C. Ne pas les conserver plus de 24 heures au r\u00e9frig\u00e9rateur apr\u00e8s ouverture de la brique. La boisson hypercalorique Hyperdrink HP\/HC 2kcal de Nutrisens est disponible en pack de 4 briques de 200 ml sur notre pharmacie en ligne, et dans les parfums suivants : Neutre Vanille Chocolat Caramel Caf\u00e9 Fruits rouges Abricot Avis du \t\t\t\t\t\t\t                                                                                pharmacien \t\t\t\t\t\t\t                                                                                sur Nutrisens Hyperdrink HP\/HC 2kcal Suivez les recommandations de votre m\u00e9decin si vous utilisez les boissons hyperprot\u00e9in\u00e9es Hyperdrink HP\/HC 2kcal de Nutrisens comme seule source d\u2019alimentation. En tant que suppl\u00e9ment : 1 \u00e0 2 briques par jour. Marque Nutrisens R\u00e9f\u00e9rence(s) 3701052009566, 3701052009573, 3701052009580, 3701052009597, 3701052009603, 3701052009610, 3701052009856 Mis \u00e0 jour le : 19\/06\/2025<\/p>","protected":false},"excerpt":{"rendered":"<p>Pour toutes les personnes qui sont en situation de d\u00e9nutrition, Nutrisens propose la boisson Hyperdrink HP\/HC 2kcal, qui peut \u00eatre<\/p>","protected":false},"featured_media":17004,"comment_status":"open","ping_status":"closed","template":"","meta":{"_acf_changed":false},"product_brand":[],"product_cat":[275],"product_tag":[],"class_list":{"0":"post-17005","1":"product","2":"type-product","3":"status-publish","4":"has-post-thumbnail","6":"product_cat-aide-technique","8":"first","9":"instock","10":"shipping-taxable","11":"product-type-simple"},"acf":[],"df_price":"","df_sale_price":"","df_regular_price":"","df_image_link":"https:\/\/rahtek-dz.com\/wp-content\/uploads\/2026\/02\/w-501-h-501-zc-2-nutrisens-hyperdrink-hp-hc-2kcal-nutrisens1-1665408692.jpg-300x300.webp","_links":{"self":[{"href":"https:\/\/rahtek-dz.com\/ar\/wp-json\/wp\/v2\/product\/17005","targetHints":{"allow":["GET"]}}],"collection":[{"href":"https:\/\/rahtek-dz.com\/ar\/wp-json\/wp\/v2\/product"}],"about":[{"href":"https:\/\/rahtek-dz.com\/ar\/wp-json\/wp\/v2\/types\/product"}],"replies":[{"embeddable":true,"href":"https:\/\/rahtek-dz.com\/ar\/wp-json\/wp\/v2\/comments?post=17005"}],"wp:featuredmedia":[{"embeddable":true,"href":"https:\/\/rahtek-dz.com\/ar\/wp-json\/wp\/v2\/media\/17004"}],"wp:attachment":[{"href":"https:\/\/rahtek-dz.com\/ar\/wp-json\/wp\/v2\/media?parent=17005"}],"wp:term":[{"taxonomy":"product_brand","embeddable":true,"href":"https:\/\/rahtek-dz.com\/ar\/wp-json\/wp\/v2\/product_brand?post=17005"},{"taxonomy":"product_cat","embeddable":true,"href":"https:\/\/rahtek-dz.com\/ar\/wp-json\/wp\/v2\/product_cat?post=17005"},{"taxonomy":"product_tag","embeddable":true,"href":"https:\/\/rahtek-dz.com\/ar\/wp-json\/wp\/v2\/product_tag?post=17005"}],"curies":[{"name":"wp","href":"https:\/\/api.w.org\/{rel}","templated":true}]}}