{"id":17007,"date":"2026-02-11T12:02:33","date_gmt":"2026-02-11T11:02:33","guid":{"rendered":"https:\/\/rahtek-dz.com\/product\/vicks-vapopads\/"},"modified":"2026-02-11T12:02:33","modified_gmt":"2026-02-11T11:02:33","slug":"vicks-vapopads","status":"publish","type":"product","link":"https:\/\/rahtek-dz.com\/ar\/product\/vicks-vapopads\/","title":{"rendered":"Vicks VapoPads"},"content":{"rendered":"<p>Les VapoPads de la marque Vicks sont des tablettes parfum\u00e9es aux huiles essentielles . Elles s&rsquo;utilisent avec diff\u00e9rents dispositifs dans le but d&rsquo;am\u00e9liorer la respiration et favoriser la puret\u00e9 de l&rsquo;air. caract\u00e9ristiques des tablettes vicks vapopads Vicks VapoPads se pr\u00e9sente sous la forme d&rsquo;une petite tablette impr\u00e9gn\u00e9e d&rsquo;huiles essentielles. C&rsquo;est un produit qui peut \u00eatre utilis\u00e9 dans diff\u00e9rents dispositifs tels qu&rsquo;un inhalateur vapeur, un humidificateur d&rsquo;air ou encore un diffuseur \u00e9lectrique d&rsquo;huiles essentielles. Les VapoPads\u00a0sont d\u00e9clin\u00e9es en 2 senteurs : lavande-romarin d&rsquo;une part, menthol-huiles essentielles d&rsquo;autre part. Ces actifs sont couramment utilis\u00e9s en aromath\u00e9rapie pour leur effet\u00a0assainissant, d\u00e9congestionnant et\u00a0apaisant . Ils favorisent le confort respiratoire et aident \u00e0 mieux respirer, notamment lors des saisons froides propices \u00e0 la circulation des virus touchant la sph\u00e8re ORL. Une tablette Vicks VapoPads offre jusqu&rsquo;\u00e0 8 heures de diffusion des senteurs. Employ\u00e9e avec un inhalateur comme Vicks Steam Inhaler, elle compl\u00e8te l&rsquo;action de la vapeur d&rsquo;eau pour lib\u00e9rer les voies respiratoires encombr\u00e9es par un rhume ou une sinusite. Les VapoPads lavande-romarin peuvent \u00eatre utilis\u00e9es en pr\u00e9sence d&rsquo;enfants \u00e0 partir de 3 mois, tandis que les VapoPads menthol sont d\u00e9conseill\u00e9es avant 3 ans. Pr\u00e9sentation disponible pour Vicks VapoPads sur notre pharmacie en ligne : Bo\u00eete de 7 tablettes parfum\u00e9es (sous emballage individuel) Avis du \t\t\t\t\t\t\t                                                                                pharmacien \t\t\t\t\t\t\t                                                                                sur Vicks VapoPads Avant de manipuler les tablettes Vicks VapoPads, portez des gants de protection afin d&rsquo;\u00e9viter toute r\u00e9action cutan\u00e9e. Sortez la tablette de son emballage individuel et placez-la dans la zone pr\u00e9vue \u00e0 cet effet sur l&rsquo;appareil (inhalateur, humidificateur, diffuseur). Respectez bien les instructions propres au dispositif, notamment la dur\u00e9e d&rsquo;utilisation. Marque Vicks R\u00e9f\u00e9rence(s) 4022167700858, 4022167700957 Mis \u00e0 jour le : 23\/01\/2026<\/p>","protected":false},"excerpt":{"rendered":"<p>Les VapoPads de la marque Vicks sont des tablettes parfum\u00e9es aux huiles essentielles . Elles s&rsquo;utilisent avec diff\u00e9rents dispositifs dans<\/p>","protected":false},"featured_media":17006,"comment_status":"open","ping_status":"closed","template":"","meta":{"_acf_changed":false},"product_brand":[],"product_cat":[275],"product_tag":[],"class_list":{"0":"post-17007","1":"product","2":"type-product","3":"status-publish","4":"has-post-thumbnail","6":"product_cat-aide-technique","8":"first","9":"instock","10":"shipping-taxable","11":"product-type-simple"},"acf":[],"df_price":"","df_sale_price":"","df_regular_price":"","df_image_link":"https:\/\/rahtek-dz.com\/wp-content\/uploads\/2026\/02\/w-501-h-501-zc-2-vicks-vapopads-vicks8-1682599752.jpg-300x300.webp","_links":{"self":[{"href":"https:\/\/rahtek-dz.com\/ar\/wp-json\/wp\/v2\/product\/17007","targetHints":{"allow":["GET"]}}],"collection":[{"href":"https:\/\/rahtek-dz.com\/ar\/wp-json\/wp\/v2\/product"}],"about":[{"href":"https:\/\/rahtek-dz.com\/ar\/wp-json\/wp\/v2\/types\/product"}],"replies":[{"embeddable":true,"href":"https:\/\/rahtek-dz.com\/ar\/wp-json\/wp\/v2\/comments?post=17007"}],"wp:featuredmedia":[{"embeddable":true,"href":"https:\/\/rahtek-dz.com\/ar\/wp-json\/wp\/v2\/media\/17006"}],"wp:attachment":[{"href":"https:\/\/rahtek-dz.com\/ar\/wp-json\/wp\/v2\/media?parent=17007"}],"wp:term":[{"taxonomy":"product_brand","embeddable":true,"href":"https:\/\/rahtek-dz.com\/ar\/wp-json\/wp\/v2\/product_brand?post=17007"},{"taxonomy":"product_cat","embeddable":true,"href":"https:\/\/rahtek-dz.com\/ar\/wp-json\/wp\/v2\/product_cat?post=17007"},{"taxonomy":"product_tag","embeddable":true,"href":"https:\/\/rahtek-dz.com\/ar\/wp-json\/wp\/v2\/product_tag?post=17007"}],"curies":[{"name":"wp","href":"https:\/\/api.w.org\/{rel}","templated":true}]}}