{"id":17009,"date":"2026-02-11T12:02:33","date_gmt":"2026-02-11T11:02:33","guid":{"rendered":"https:\/\/rahtek-dz.com\/product\/nutrisens-forteocare\/"},"modified":"2026-02-11T12:02:33","modified_gmt":"2026-02-11T11:02:33","slug":"nutrisens-forteocare","status":"publish","type":"product","link":"https:\/\/rahtek-dz.com\/ar\/product\/nutrisens-forteocare\/","title":{"rendered":"Nutrisens Forteocare"},"content":{"rendered":"<p>Nutrisens Forteocare est une\u00a0denr\u00e9e alimentaire destin\u00e9e \u00e0 des fins m\u00e9dicales sp\u00e9ciales (DADFMS). Il s&rsquo;agit d&rsquo;une poudre de prot\u00e9ines \u00e0 base de collag\u00e8ne ,\u00a0recommand\u00e9e en cas de besoins en prot\u00e9ines accrus , notamment chez les personnes atteintes de d\u00e9nutrition . forteocare nutrisens : poudre de prot\u00e9ines contre la d\u00e9nutrition La d\u00e9nutrition est un \u00e9tat\u00a0pathologique r\u00e9sultant d&rsquo;un d\u00e9s\u00e9quilibre entre les apports nutritionnels et les besoins de l&rsquo;organisme. Elle est souvent associ\u00e9e \u00e0 une carence en prot\u00e9ines . Il est important de prendre en charge la d\u00e9nutrition rapidement afin d&rsquo;\u00e9viter ses complications : affaiblissement des d\u00e9fenses immunitaires, fatigue g\u00e9n\u00e9rale, perte de masse musculaire. Forteocare de Nutrisens est un concentr\u00e9 de prot\u00e9ines \u00e0 reconstituer, \u00e0 base de peptides de collag\u00e8ne . Cette poudre prot\u00e9in\u00e9e doit \u00eatre utilis\u00e9e\u00a0en compl\u00e9ment de l&rsquo;alimentation habituelle pour augmenter les apports en prot\u00e9ines. Elle est surtout indiqu\u00e9e pour : les personnes \u00e2g\u00e9es qui s&rsquo;alimentent peu ; les patients d\u00e9nutris ou \u00e0 risque de d\u00e9nutrition ; les cas de d\u00e9nutrition associ\u00e9e \u00e0 une maladie (cancer, VIH, etc) ; les situations de fonte musculaire. Les prot\u00e9ines sont des macronutriments indispensables pour le bon fonctionnement du corps. En effet, elles participent au maintien de la masse musculaire et des tissus cutan\u00e9s et sont \u00e9galement impliqu\u00e9es dans de nombreuses r\u00e9actions biochimiques. La poudre de prot\u00e9ines Forteocare peut \u00eatre ajout\u00e9e facilement \u00e0 de nombreuses pr\u00e9parations gr\u00e2ce \u00e0 son excellente\u00a0dispersibilit\u00e9 et sa saveur neutre. Sans gluten Pr\u00e9sentation propos\u00e9e pour\u00a0Nutrisens Forteocare sur la pharmacie en ligne des Drakkars : pot de 400 g de poudre de peptides de collag\u00e8ne \u00e0 reconstituer. Pour augmenter les apports en prot\u00e9ines et en calories, d\u00e9couvrez la boisson Hyperdrink HP\/HC de Nutrisens , disponible sur notre pharmacie en ligne. comment utiliser la poudre de prot\u00e9ines nutrisens forteocare ? Forteocare Nutrisens peut \u00eatre incorpor\u00e9e \u00e0 tous les types de pr\u00e9parations liquides ou solides, chaudes ou froides, sal\u00e9es ou sucr\u00e9es. Par exemple : l\u00e9gumes ou fruits mix\u00e9s (crus ou cuits) ou plats cuisin\u00e9s mix\u00e9s. Diluer 1 dosette (environ 11 g de prot\u00e9ines) ou plus dans la pr\u00e9paration \u00e0 enrichir.\u00a0La dose \u00e0 utiliser est \u00e0 ajuster en fonction des besoins prot\u00e9iques journaliers. Quelques exemples : 2 dosettes dans une portion de soupe ou de potage (200 \u00e0 250 ml) ; 1 dosette dans une compote de 100 g ; 1 dosette dans un verre de jus de fruits (200 \u00e0 250 ml). Conserver dans un endroit sec et frais. Une bo\u00eete entam\u00e9e doit \u00eatre utilis\u00e9e dans le mois suivant l&rsquo;ouverture. Une fois r\u00e9hydrat\u00e9, \u00e0 consommer de pr\u00e9f\u00e9rence le jour de la pr\u00e9paration. Avis important : A utiliser sous contr\u00f4le m\u00e9dical. Ne doit pas constituer la seule source d&rsquo;alimentation. Ne convient pas aux enfants de moins de 3 ans. Marque Nutrisens R\u00e9f\u00e9rence(s) 3701052010418 Mis \u00e0 jour le : 12\/12\/2025<\/p>","protected":false},"excerpt":{"rendered":"<p>Nutrisens Forteocare est une\u00a0denr\u00e9e alimentaire destin\u00e9e \u00e0 des fins m\u00e9dicales sp\u00e9ciales (DADFMS). Il s&rsquo;agit d&rsquo;une poudre de prot\u00e9ines \u00e0 base<\/p>","protected":false},"featured_media":17008,"comment_status":"open","ping_status":"closed","template":"","meta":{"_acf_changed":false},"product_brand":[],"product_cat":[275],"product_tag":[],"class_list":{"0":"post-17009","1":"product","2":"type-product","3":"status-publish","4":"has-post-thumbnail","6":"product_cat-aide-technique","8":"first","9":"instock","10":"shipping-taxable","11":"product-type-simple"},"acf":[],"df_price":"","df_sale_price":"","df_regular_price":"","df_image_link":"https:\/\/rahtek-dz.com\/wp-content\/uploads\/2026\/02\/w-501-h-501-zc-2-nutrisens-forteocare-nutrisens4-1752138926.jpg-300x300.webp","_links":{"self":[{"href":"https:\/\/rahtek-dz.com\/ar\/wp-json\/wp\/v2\/product\/17009","targetHints":{"allow":["GET"]}}],"collection":[{"href":"https:\/\/rahtek-dz.com\/ar\/wp-json\/wp\/v2\/product"}],"about":[{"href":"https:\/\/rahtek-dz.com\/ar\/wp-json\/wp\/v2\/types\/product"}],"replies":[{"embeddable":true,"href":"https:\/\/rahtek-dz.com\/ar\/wp-json\/wp\/v2\/comments?post=17009"}],"wp:featuredmedia":[{"embeddable":true,"href":"https:\/\/rahtek-dz.com\/ar\/wp-json\/wp\/v2\/media\/17008"}],"wp:attachment":[{"href":"https:\/\/rahtek-dz.com\/ar\/wp-json\/wp\/v2\/media?parent=17009"}],"wp:term":[{"taxonomy":"product_brand","embeddable":true,"href":"https:\/\/rahtek-dz.com\/ar\/wp-json\/wp\/v2\/product_brand?post=17009"},{"taxonomy":"product_cat","embeddable":true,"href":"https:\/\/rahtek-dz.com\/ar\/wp-json\/wp\/v2\/product_cat?post=17009"},{"taxonomy":"product_tag","embeddable":true,"href":"https:\/\/rahtek-dz.com\/ar\/wp-json\/wp\/v2\/product_tag?post=17009"}],"curies":[{"name":"wp","href":"https:\/\/api.w.org\/{rel}","templated":true}]}}