{"id":17013,"date":"2026-02-11T12:02:33","date_gmt":"2026-02-11T11:02:33","guid":{"rendered":"https:\/\/rahtek-dz.com\/product\/rescue-pets-fleurs-de-bach-animaux\/"},"modified":"2026-02-11T12:02:33","modified_gmt":"2026-02-11T11:02:33","slug":"rescue-pets-fleurs-de-bach-animaux","status":"publish","type":"product","link":"https:\/\/rahtek-dz.com\/ar\/product\/rescue-pets-fleurs-de-bach-animaux\/","title":{"rendered":"RESCUE\u00ae Pets Fleurs de Bach Animaux"},"content":{"rendered":"<p>RESCUE\u00ae Pets Fleurs de Bach Animaux de Compagnie est la solution id\u00e9ale\u00a0en cas d&rsquo;\u00e9v\u00e8nement stressant ou de choc \u00e9motionnel. Rescue Pets : La\u00a0S\u00e9r\u00e9nit\u00e9 pour nos animaux de compagnie RESCUE\u00ae Pets de la gamme Fleurs de Bach est un \u00e9lixir floral de la c\u00e9l\u00e8bre marque sp\u00e9cialement formul\u00e9e pour aider votre animal de compagnie \u00e0 traverser certaines \u00e9preuves ou moments difficiles, \u00e0 l&rsquo;image d&rsquo;une visite chez le v\u00e9t\u00e9rinaire ou chez le toiletteur, pour un transport ou un voyage, ou encore pour la p\u00e9riode des feux d&rsquo;artifice autour du 14 juillet. RESCUE\u00ae Pets Animaux de Compagnie Bach est une formule sans alcool \u00e0 base de 5 Fleurs de Bach Original : Helianthemum nummularium(L.) Mill , Clematis vitalba L. , Impatiens glandulifera Royle , Prunus cerasifera Ehrh , Ornithogalum umbellatum L . Comment utiliser RESCUE\u00ae Pets\u00a0? Les animaux \u00e9galement ont des \u00e9motions, et RESCUE\u00ae Pets Animaux de Compagnie de Fleurs de Bach est formul\u00e9 pour les aider \u00e0 mieux g\u00e9rer les p\u00e9riodes d&rsquo;anxi\u00e9t\u00e9 . Il peut \u00eatre utilis\u00e9 avec tous les animaux de compagnie, et sa formule est sans sucres ajout\u00e9s et sans alcool. Vous pourrez utiliser l&rsquo;\u00e9lixir floral RESCUE\u00ae Pets Animaux de Compagnie de Bach jusqu&rsquo;\u00e0 6 fois par jour si n\u00e9cessaire. RESCUE\u00ae Pets Animaux de Compagnie de Fleurs de Bach est \u00e0 retrouver dans les pr\u00e9sentations suivantes chez Pharmacie des Drakkars : flacon compte-gouttes de 10 ml (pour environ 100 utilisations) ou de 20 ml. Avis du \t\t\t\t\t\t\t                                                                                pharmacien \t\t\t\t\t\t\t                                                                                sur RESCUE\u00ae Pets Fleurs de Bach Animaux Versez 4 gouttes de Rescue Pets sur une friandise, un aliment, ou dans la gamelle d\u2019eau de votre animal.  A renouveler si n\u00e9cessaire jusqu\u2019\u00e0 6 fois par jour.  Vous pourriez aussi aimer : Fleurs de bach pour animaux stress\u00e9s d&rsquo;Elixir &#038; Co . Marque RESCUE\u00ae R\u00e9f\u00e9rence(s) 5000488106770, 5000488303889 Mis \u00e0 jour le : 30\/10\/2025<\/p>","protected":false},"excerpt":{"rendered":"<p>RESCUE\u00ae Pets Fleurs de Bach Animaux de Compagnie est la solution id\u00e9ale\u00a0en cas d&rsquo;\u00e9v\u00e8nement stressant ou de choc \u00e9motionnel. Rescue<\/p>","protected":false},"featured_media":17012,"comment_status":"open","ping_status":"closed","template":"","meta":{"_acf_changed":false},"product_brand":[],"product_cat":[275],"product_tag":[],"class_list":{"0":"post-17013","1":"product","2":"type-product","3":"status-publish","4":"has-post-thumbnail","6":"product_cat-aide-technique","8":"first","9":"instock","10":"shipping-taxable","11":"product-type-simple"},"acf":[],"df_price":"","df_sale_price":"","df_regular_price":"","df_image_link":"https:\/\/rahtek-dz.com\/wp-content\/uploads\/2026\/02\/w-501-h-501-zc-2-rescue-pets-fleurs-de-bach-animaux-de-compagnie-fleurs-de-bach3-1684507405.jpg-300x300.webp","_links":{"self":[{"href":"https:\/\/rahtek-dz.com\/ar\/wp-json\/wp\/v2\/product\/17013","targetHints":{"allow":["GET"]}}],"collection":[{"href":"https:\/\/rahtek-dz.com\/ar\/wp-json\/wp\/v2\/product"}],"about":[{"href":"https:\/\/rahtek-dz.com\/ar\/wp-json\/wp\/v2\/types\/product"}],"replies":[{"embeddable":true,"href":"https:\/\/rahtek-dz.com\/ar\/wp-json\/wp\/v2\/comments?post=17013"}],"wp:featuredmedia":[{"embeddable":true,"href":"https:\/\/rahtek-dz.com\/ar\/wp-json\/wp\/v2\/media\/17012"}],"wp:attachment":[{"href":"https:\/\/rahtek-dz.com\/ar\/wp-json\/wp\/v2\/media?parent=17013"}],"wp:term":[{"taxonomy":"product_brand","embeddable":true,"href":"https:\/\/rahtek-dz.com\/ar\/wp-json\/wp\/v2\/product_brand?post=17013"},{"taxonomy":"product_cat","embeddable":true,"href":"https:\/\/rahtek-dz.com\/ar\/wp-json\/wp\/v2\/product_cat?post=17013"},{"taxonomy":"product_tag","embeddable":true,"href":"https:\/\/rahtek-dz.com\/ar\/wp-json\/wp\/v2\/product_tag?post=17013"}],"curies":[{"name":"wp","href":"https:\/\/api.w.org\/{rel}","templated":true}]}}