{"id":17017,"date":"2026-02-11T12:02:33","date_gmt":"2026-02-11T11:02:33","guid":{"rendered":"https:\/\/rahtek-dz.com\/product\/rhino-horn-lavage-de-nez\/"},"modified":"2026-02-11T12:02:33","modified_gmt":"2026-02-11T11:02:33","slug":"rhino-horn-lavage-de-nez","status":"publish","type":"product","link":"https:\/\/rahtek-dz.com\/ar\/product\/rhino-horn-lavage-de-nez\/","title":{"rendered":"Rhino Horn Lavage de Nez"},"content":{"rendered":"<p>Rhino Horn est un dispositif en forme de corne qui permet de nettoyer le nez gr\u00e2ce \u00e0 de l\u2019eau sal\u00e9e. Facile d\u2019utilisation, Rhino Horn effectue un lavement de nez en douceur pour d\u00e9sencombrer les voies respiratoires sup\u00e9rieures . RHINO HORN LAVAGE DE NEZ pour l\u2019hygi\u00e8ne nasale Le lavage du nez avec de l\u2019eau ti\u00e8de (37 \u00b0C) et sal\u00e9e d\u00e9sencombre et nettoie le nez en douceur. C\u2019est un geste simple et sans effets ind\u00e9sirables. Les muqueuses ne sont agress\u00e9es par aucun produit chimique. Le lavage de nez avec le Rhino Horn est recommand\u00e9 par les ORLs et constitue un moyen tr\u00e8s efficace dans les soins et la pr\u00e9vention des affections des voies respiratoires sup\u00e9rieures : nez bouch\u00e9 , rhumes et rhinites, sinusites et allergies. Il s\u2019est montr\u00e9 \u00e9galement comme un compl\u00e9ment tr\u00e8s utile dans les soins de sinusite chronique. En se lavant le nez avec le Rhino Horn, les personnes allergiques aux pollens et poussi\u00e8res, ainsi que les femmes enceintes (qui souffrent souvent de nez bouch\u00e9) voient leur g\u00eane diminuer. Pour nombre de personnes, le lavage de nez avec le Rhino Horn fait partie int\u00e9grante de l\u2019hygi\u00e8ne quotidienne. C\u2019est simple et \u00e7a marche ! Pour les enfants de 4 \u00e0 12 ans, vous pouvez utiliser le Rhino Horn Junior ,\u00a0une version plus petite du Rhino Horn Adulte. Sa petite taille permet d&rsquo;\u00eatre tenu dans les mains de l&rsquo;enfant pour plus d&rsquo;autonomie. Pr\u00e9sentation propos\u00e9e sur votre pharmacie en ligne : Rhino Horn Adulte pour lavage nasal (coloris bleu ou rouge au choix). Rhino Horn Junior pour enfant de 4 \u00e0 12 ans (coloris bleu clair). Avis du \t\t\t\t\t\t\t                                                                                pharmacien \t\t\t\t\t\t\t                                                                                sur Rhino Horn Lavage de Nez R\u00e9alisez vous-m\u00eame votre lavement de nez avec Rhino Horn en suivant ces 4 \u00e9tapes : Mettez une dosette pleine de sel (2,3 ml\u00a0pour les adultes ou\u00a01,6 ml pour les enfants) naturel sans additifs dans la Rhino Horn ; Remplissez la Rhino Horn d\u2019eau ti\u00e8de (30 cl pour les adultes ou\u00a020 cl pour les enfants)\u00a0et m\u00e9langez pour un lavage agr\u00e9able et rafra\u00eechissant ; Faites couler la solution dans une narine et penchez la t\u00eate pour qu\u2019elle ressorte par l\u2019autre. La solution sal\u00e9e s\u2019\u00e9coule alors naturellement par gravit\u00e9. Le lavage s\u2019effectue ainsi en douceur et apaise les muqueuses ; Apr\u00e8s le lavage, mouchez-vous doucement pour \u00e9vacuer les poussi\u00e8res et derni\u00e8res mucosit\u00e9s. Vous pouvez aussi consulter le mode d&#8217;emploi d\u00e9taill\u00e9 du Rhino Horn . Guides \t\t\t\t\t\t                                                                                      de Rhino Horn Lavage de Nez Sant\u00e9 Rhume printanier : attention aux changements de temp\u00e9rature ! En ce moment, les temp\u00e9ratures s&rsquo;adoucissent et l&rsquo;on peut \u00eatre tent\u00e9 de se d\u00e9couvrir un peu vite, en particulier &#8230; Marque Rhino Horn R\u00e9f\u00e9rence(s) 7090001493157, 7090001493164, 7090001493195 Mis \u00e0 jour le : 09\/12\/2025<\/p>","protected":false},"excerpt":{"rendered":"<p>Rhino Horn est un dispositif en forme de corne qui permet de nettoyer le nez gr\u00e2ce \u00e0 de l\u2019eau sal\u00e9e.<\/p>","protected":false},"featured_media":17016,"comment_status":"open","ping_status":"closed","template":"","meta":{"_acf_changed":false},"product_brand":[],"product_cat":[275],"product_tag":[],"class_list":{"0":"post-17017","1":"product","2":"type-product","3":"status-publish","4":"has-post-thumbnail","6":"product_cat-aide-technique","8":"first","9":"instock","10":"shipping-taxable","11":"product-type-simple"},"acf":[],"df_price":"","df_sale_price":"","df_regular_price":"","df_image_link":"https:\/\/rahtek-dz.com\/wp-content\/uploads\/2026\/02\/w-501-h-501-zc-2-rhino-horn-lavage-de-nez-autre9-1740144238.jpg-300x300.webp","_links":{"self":[{"href":"https:\/\/rahtek-dz.com\/ar\/wp-json\/wp\/v2\/product\/17017","targetHints":{"allow":["GET"]}}],"collection":[{"href":"https:\/\/rahtek-dz.com\/ar\/wp-json\/wp\/v2\/product"}],"about":[{"href":"https:\/\/rahtek-dz.com\/ar\/wp-json\/wp\/v2\/types\/product"}],"replies":[{"embeddable":true,"href":"https:\/\/rahtek-dz.com\/ar\/wp-json\/wp\/v2\/comments?post=17017"}],"wp:featuredmedia":[{"embeddable":true,"href":"https:\/\/rahtek-dz.com\/ar\/wp-json\/wp\/v2\/media\/17016"}],"wp:attachment":[{"href":"https:\/\/rahtek-dz.com\/ar\/wp-json\/wp\/v2\/media?parent=17017"}],"wp:term":[{"taxonomy":"product_brand","embeddable":true,"href":"https:\/\/rahtek-dz.com\/ar\/wp-json\/wp\/v2\/product_brand?post=17017"},{"taxonomy":"product_cat","embeddable":true,"href":"https:\/\/rahtek-dz.com\/ar\/wp-json\/wp\/v2\/product_cat?post=17017"},{"taxonomy":"product_tag","embeddable":true,"href":"https:\/\/rahtek-dz.com\/ar\/wp-json\/wp\/v2\/product_tag?post=17017"}],"curies":[{"name":"wp","href":"https:\/\/api.w.org\/{rel}","templated":true}]}}