{"id":17022,"date":"2026-02-11T12:02:34","date_gmt":"2026-02-11T11:02:34","guid":{"rendered":"https:\/\/rahtek-dz.com\/product\/biocyte-glowrose-eclat-radiance\/"},"modified":"2026-02-11T12:02:34","modified_gmt":"2026-02-11T11:02:34","slug":"biocyte-glowrose-eclat-radiance","status":"publish","type":"product","link":"https:\/\/rahtek-dz.com\/ar\/product\/biocyte-glowrose-eclat-radiance\/","title":{"rendered":"\u0628\u064a\u0648\u0633\u0627\u064a\u062a \u062c\u0644\u0648\u0631\u0648\u0632 \u0631\u0627\u062f\u064a\u0627\u0646\u0633 \u0622\u0646\u062f \u062c\u0644\u0648"},"content":{"rendered":"<p>Glowrose \u00c9clat &#038; Radiance est un compl\u00e9ment alimentaire pour l&rsquo; uniformit\u00e9 du teint et l&rsquo; \u00e9clat de la peau . Mis au point par le laboratoire Biocyte , il repose sur le S-Rose-complex ainsi que\u00a0sur du niacinamide et se pr\u00e9sente sous la forme de g\u00e9lules. Caract\u00e9ristiques du compl\u00e9ment alimentaire Biocyte Glowrose Le compl\u00e9ment alimentaire glowrose \u00e9clat et radiance con\u00e7u par Biocyte contribue \u00e0 illuminer le teint et \u00e0 unifier la peau pour un effet glow gr\u00e2ce au complexe super antioxydant D-Rose-comple, dont l&rsquo;efficacit\u00e9 est cliniquement d\u00e9montr\u00e9e par quatre \u00e9tudes. Sa formule est enrichie en niacinamide, SOF, zinc et vitamine E afin de prot\u00e9ger les cellules contre le stress oxydatif et d&rsquo;assurer une fonction cutan\u00e9e optimale. Elle contient \u00e9galement du jus de m\u00e9lon concentr\u00e9 et d&rsquo;ac\u00e9rola. La synergie d&rsquo;actifs contenus dans le compl\u00e9ment alimentaire Biocyte\u00a0Glowrose \u00c9clat &#038; Radiance agit sur les causes du teint terne et participe \u00e0 la protection des cellules contre le stress oxydatif. Conditionnement disponible sur notre pharmacie en ligne pour Biocyte Glowrose \u00c9clat &#038; Radiance : flacon de 60 g\u00e9lules pour 30 jours de cure. Avis du \t\t\t\t\t\t\t                                                                                pharmacien \t\t\t\t\t\t\t                                                                                sur Biocyte Glowrose \u00c9clat &#038; Radiance Biocyte Glowrose \u00c9clat &#038; Radiance est un compl\u00e9ment alimentaire dont l&rsquo;usage est exclusivement r\u00e9serv\u00e9 \u00e0 l&rsquo;adulte.  Il est indiqu\u00e9 de prendre 2 g\u00e9lules par jour avec un grand verre d&rsquo;eau. A renouveler de pr\u00e9f\u00e9rence pendant 3 mois.  Pr\u00e9cautions d&#8217;emploi : Un compl\u00e9ment alimentaire ne doit pas se substituer \u00e0 une alimentation vari\u00e9e et \u00e9quilibr\u00e9e et \u00e0 un mode de vie sain. Tenir hors de port\u00e9e des enfants. Ne pas d\u00e9passer la dose journali\u00e8re conseill\u00e9e. D\u00e9conseill\u00e9 aux femmes enceintes ou qui allaitent. A conserver dans un endroit sec et frais, \u00e0 l&rsquo;abri de la lumi\u00e8re. Marque Biocyte R\u00e9f\u00e9rence(s) 3760289222643 Mis \u00e0 jour le : 05\/02\/2026<\/p>","protected":false},"excerpt":{"rendered":"<p>Glowrose \u00c9clat &#038; Radiance est un compl\u00e9ment alimentaire pour l&rsquo; uniformit\u00e9 du teint et l&rsquo; \u00e9clat de la peau .<\/p>","protected":false},"featured_media":16936,"comment_status":"open","ping_status":"closed","template":"","meta":{"_acf_changed":false},"product_brand":[],"product_cat":[275],"product_tag":[],"class_list":{"0":"post-17022","1":"product","2":"type-product","3":"status-publish","4":"has-post-thumbnail","6":"product_cat-aide-technique","8":"first","9":"instock","10":"shipping-taxable","11":"product-type-simple"},"acf":[],"df_price":"","df_sale_price":"","df_regular_price":"","df_image_link":"https:\/\/rahtek-dz.com\/wp-content\/uploads\/2026\/02\/w-501-h-501-zc-2-default.jpg-300x300.webp","_links":{"self":[{"href":"https:\/\/rahtek-dz.com\/ar\/wp-json\/wp\/v2\/product\/17022","targetHints":{"allow":["GET"]}}],"collection":[{"href":"https:\/\/rahtek-dz.com\/ar\/wp-json\/wp\/v2\/product"}],"about":[{"href":"https:\/\/rahtek-dz.com\/ar\/wp-json\/wp\/v2\/types\/product"}],"replies":[{"embeddable":true,"href":"https:\/\/rahtek-dz.com\/ar\/wp-json\/wp\/v2\/comments?post=17022"}],"wp:featuredmedia":[{"embeddable":true,"href":"https:\/\/rahtek-dz.com\/ar\/wp-json\/wp\/v2\/media\/16936"}],"wp:attachment":[{"href":"https:\/\/rahtek-dz.com\/ar\/wp-json\/wp\/v2\/media?parent=17022"}],"wp:term":[{"taxonomy":"product_brand","embeddable":true,"href":"https:\/\/rahtek-dz.com\/ar\/wp-json\/wp\/v2\/product_brand?post=17022"},{"taxonomy":"product_cat","embeddable":true,"href":"https:\/\/rahtek-dz.com\/ar\/wp-json\/wp\/v2\/product_cat?post=17022"},{"taxonomy":"product_tag","embeddable":true,"href":"https:\/\/rahtek-dz.com\/ar\/wp-json\/wp\/v2\/product_tag?post=17022"}],"curies":[{"name":"wp","href":"https:\/\/api.w.org\/{rel}","templated":true}]}}