{"id":17024,"date":"2026-02-11T12:02:35","date_gmt":"2026-02-11T11:02:35","guid":{"rendered":"https:\/\/rahtek-dz.com\/product\/velpeau-orthese-de-genou\/"},"modified":"2026-02-11T12:02:35","modified_gmt":"2026-02-11T11:02:35","slug":"velpeau-orthese-de-genou","status":"publish","type":"product","link":"https:\/\/rahtek-dz.com\/ar\/product\/velpeau-orthese-de-genou\/","title":{"rendered":"Velpeau Orth\u00e8se de Genou"},"content":{"rendered":"<p>En cas de douleurs r\u00e9guli\u00e8res au niveau du genou, d&rsquo;arthrose, d&rsquo;arthrite ou encore d&rsquo;entorse, notre \u00e9quipe vous recommande l&rsquo;orth\u00e8se de genou Velpeau ECO 2 con\u00e7ue par Lohmann &#038; Rauscher ! L&rsquo; orth\u00e8se de genou Velpeau est un dispositif m\u00e9dical de grande qualit\u00e9 con\u00e7u pour vous apporter un soutien optimal et un maintien fiable, notamment en cas de douleurs articulaires ou de g\u00eane au niveau du genou . Sa conception dispense un effet chauffant et compressif , favorisant ainsi la r\u00e9duction de l&rsquo;inflammation et soulageant la douleur en stimulant la circulation sanguine. Recommand\u00e9e en cas d&rsquo;entorses b\u00e9nignes, d&rsquo;arthrose ou d&rsquo;arthrite, cette orth\u00e8se est id\u00e9ale pour stabiliser le genou et am\u00e9liorer votre confort au quotidien. Sa conception la rend compatible aussi bien pour le genou droit que pour le genou gauche. Quels sont les atouts de l&rsquo;orth\u00e8se de genou Velpeau ? Fabriqu\u00e9e en France , l&rsquo;orth\u00e8se de genou Velpeau a \u00e9t\u00e9 con\u00e7ue selon une d\u00e9marche \u00e9cologique. Compos\u00e9e d\u2019au moins 80% de mat\u00e9riaux recycl\u00e9s , elle repr\u00e9sente en effet une alternative respectueuse de l\u2019environnement par rapport aux orth\u00e8ses classiques. Outre ses vertus th\u00e9rapeutiques, l&rsquo;orth\u00e8se Velpeau pour le genou est un bandage tricot\u00e9 qui applique une compression qui stabilise l\u2019articulation tout en restant agr\u00e9able \u00e0 porter. Elle permet ainsi de r\u00e9duire les douleurs, aigu\u00ebs comme chroniques , mais aussi de soutenir le genou en cas d\u2019arthrose d\u00e9butante ou d\u2019arthrite, avec ou sans \u00e9panchement articulaire. La compression mod\u00e9r\u00e9e aide \u00e9galement \u00e0 pr\u00e9venir les nouvelles blessures tout en favorisant la gu\u00e9rison apr\u00e8s un traumatisme l\u00e9ger. Son tissu doux et respirant permet de la porter tout au long de la journ\u00e9e sans g\u00eane. Pour une activit\u00e9 physique ou simplement port\u00e9e au quotidien, elle offre un maintien efficace et discret sous vos v\u00eatements. L&rsquo;orth\u00e8se de genou Velpeau est disponible en conditionnement \u00e0 l&rsquo;unit\u00e9 sur notre pharmacie en ligne, et dans les tailles suivantes (\u00e0 s\u00e9lectionner en fonction de votre tour de genou) : S : 30 \u00e0 35 cm M : 35 \u00e0 40 cm L : 40 \u00e0 46 cm XL : 46 \u00e0 52 cm Avis du \t\t\t\t\t\t\t                                                                                pharmacien \t\t\t\t\t\t\t                                                                                sur Velpeau Orth\u00e8se de Genou Les orth\u00e8ses Velpeau s\u2019utilisent occasionnellement en compl\u00e9ment d\u2019un traitement m\u00e9dical, pharmacologique ou r\u00e9\u00e9ducatif. L\u2019avis d\u2019un professionnel de sant\u00e9 qualifi\u00e9 sera aussi n\u00e9cessaire afin de vous orienter dans la pr\u00e9vention et le traitement du mal de genou. Marque Lohmann R\u00e9f\u00e9rence(s) 4068225055959, 4068225055973, 4068225055997, 4068225056017 Mis \u00e0 jour le : 09\/09\/2024<\/p>","protected":false},"excerpt":{"rendered":"<p>En cas de douleurs r\u00e9guli\u00e8res au niveau du genou, d&rsquo;arthrose, d&rsquo;arthrite ou encore d&rsquo;entorse, notre \u00e9quipe vous recommande l&rsquo;orth\u00e8se de<\/p>","protected":false},"featured_media":17023,"comment_status":"open","ping_status":"closed","template":"","meta":{"_acf_changed":false},"product_brand":[],"product_cat":[275],"product_tag":[],"class_list":{"0":"post-17024","1":"product","2":"type-product","3":"status-publish","4":"has-post-thumbnail","6":"product_cat-aide-technique","8":"first","9":"instock","10":"shipping-taxable","11":"product-type-simple"},"acf":[],"df_price":"","df_sale_price":"","df_regular_price":"","df_image_link":"https:\/\/rahtek-dz.com\/wp-content\/uploads\/2026\/02\/w-501-h-501-zc-2-velpeau-orthese-de-genou-lohmann1-1725536937.png-300x300.webp","_links":{"self":[{"href":"https:\/\/rahtek-dz.com\/ar\/wp-json\/wp\/v2\/product\/17024","targetHints":{"allow":["GET"]}}],"collection":[{"href":"https:\/\/rahtek-dz.com\/ar\/wp-json\/wp\/v2\/product"}],"about":[{"href":"https:\/\/rahtek-dz.com\/ar\/wp-json\/wp\/v2\/types\/product"}],"replies":[{"embeddable":true,"href":"https:\/\/rahtek-dz.com\/ar\/wp-json\/wp\/v2\/comments?post=17024"}],"wp:featuredmedia":[{"embeddable":true,"href":"https:\/\/rahtek-dz.com\/ar\/wp-json\/wp\/v2\/media\/17023"}],"wp:attachment":[{"href":"https:\/\/rahtek-dz.com\/ar\/wp-json\/wp\/v2\/media?parent=17024"}],"wp:term":[{"taxonomy":"product_brand","embeddable":true,"href":"https:\/\/rahtek-dz.com\/ar\/wp-json\/wp\/v2\/product_brand?post=17024"},{"taxonomy":"product_cat","embeddable":true,"href":"https:\/\/rahtek-dz.com\/ar\/wp-json\/wp\/v2\/product_cat?post=17024"},{"taxonomy":"product_tag","embeddable":true,"href":"https:\/\/rahtek-dz.com\/ar\/wp-json\/wp\/v2\/product_tag?post=17024"}],"curies":[{"name":"wp","href":"https:\/\/api.w.org\/{rel}","templated":true}]}}