{"id":17026,"date":"2026-02-11T12:02:35","date_gmt":"2026-02-11T11:02:35","guid":{"rendered":"https:\/\/rahtek-dz.com\/product\/clement-thekan-fortifiant-coussinets-plantaires\/"},"modified":"2026-02-11T12:02:35","modified_gmt":"2026-02-11T11:02:35","slug":"clement-thekan-fortifiant-coussinets-plantaires","status":"publish","type":"product","link":"https:\/\/rahtek-dz.com\/ar\/product\/clement-thekan-fortifiant-coussinets-plantaires\/","title":{"rendered":"Cl\u00e9ment Th\u00e9kan Fortifiant Coussinets Plantaires"},"content":{"rendered":"<p>Prot\u00e9gez les coussinets fragiles de votre meilleur ami \u00e0 4 pattes gr\u00e2ce au fortifiant pour coussinets plantaires pour chien de Cl\u00e9ment Th\u00e9kan au format roll-on. Le fortifiant pour coussinets plantaires pour chien de Cl\u00e9ment Th\u00e9kan est un produit v\u00e9t\u00e9rinaire et dermatologique formul\u00e9 afin de prot\u00e9ger et de renforcer les coussinets de votre chien , notamment s&rsquo;il pr\u00e9sente des petites l\u00e9sions ou des risques d&rsquo;engelure. Il permet \u00e9galement d&rsquo;acc\u00e9l\u00e9rer la cicatrisation d&rsquo;\u00e9ventuelles plaies situ\u00e9es \u00e0 la base des pattes du chien. Prenez soin des pattes de votre chien avec le fortifiant pour coussinets plantaires pour chien Cl\u00e9ment Th\u00e9kan Le fortifiant pour coussinets plantaires pour chien de Cl\u00e9ment Th\u00e9kan est tout particuli\u00e8rement recommand\u00e9 pour les chiens qui passent beaucoup de temps en ext\u00e9rieur : pour des promenades, \u00e0 la casse, chiens de course, \u00e0 la ferme, dans les zones montagneuses ou autre. Avec sa formule riche en acide tannique, en glyc\u00e9rine et en sulfate de zinc, le fortifiant pour coussinets plantaires pour chien de Cl\u00e9ment Th\u00e9kan permet d&rsquo;assouplir la peau des coussinets, tout en renfor\u00e7ant la couche corn\u00e9e pour une meilleure protection. Pratique, le format roll-on de ce fortifiant pour coussinets pour chien facilite l&rsquo;application. Le fortifiant pour coussinets plantaires pour chien de Cl\u00e9ment Th\u00e9kan est con\u00e7u de mani\u00e8re \u00e0 soulager rapidement votre compagnon, tout en renfor\u00e7ant la r\u00e9sistance de ses coussinets dans la dur\u00e9e. Les pr\u00e9sentations propos\u00e9es par notre pharmacie en ligne pour le fortifiant pour coussinets plantaires pour chien de Cl\u00e9ment Th\u00e9kan : roll-on de 70 ml. Avis du \t\t\t\t\t\t\t                                                                                pharmacien \t\t\t\t\t\t\t                                                                                sur Cl\u00e9ment Th\u00e9kan Fortifiant Coussinets Plantaires Appliquez le roll-on Fortifiant pour Coussinets Cl\u00e9ment Th\u00e9kan chaque jour, avant ou apr\u00e8s votre promenade.  Essayer de bien r\u00e9partir le produit sur toute la surface de la base de la patte, en faisant rouler la bille directement sur et autour des coussinets (le produit ne colore pas les coussinets). Marque Cl\u00e9ment Th\u00e9kan R\u00e9f\u00e9rence(s) 3595890234637 Mis \u00e0 jour le : 19\/01\/2026<\/p>","protected":false},"excerpt":{"rendered":"<p>Prot\u00e9gez les coussinets fragiles de votre meilleur ami \u00e0 4 pattes gr\u00e2ce au fortifiant pour coussinets plantaires pour chien de<\/p>","protected":false},"featured_media":17025,"comment_status":"open","ping_status":"closed","template":"","meta":{"_acf_changed":false},"product_brand":[],"product_cat":[275],"product_tag":[],"class_list":{"0":"post-17026","1":"product","2":"type-product","3":"status-publish","4":"has-post-thumbnail","6":"product_cat-aide-technique","8":"first","9":"instock","10":"shipping-taxable","11":"product-type-simple"},"acf":[],"df_price":"","df_sale_price":"","df_regular_price":"","df_image_link":"https:\/\/rahtek-dz.com\/wp-content\/uploads\/2026\/02\/w-501-h-501-zc-2-3595890234637-ld-0031-front-60e6b130e55e2.jpg-300x300.webp","_links":{"self":[{"href":"https:\/\/rahtek-dz.com\/ar\/wp-json\/wp\/v2\/product\/17026","targetHints":{"allow":["GET"]}}],"collection":[{"href":"https:\/\/rahtek-dz.com\/ar\/wp-json\/wp\/v2\/product"}],"about":[{"href":"https:\/\/rahtek-dz.com\/ar\/wp-json\/wp\/v2\/types\/product"}],"replies":[{"embeddable":true,"href":"https:\/\/rahtek-dz.com\/ar\/wp-json\/wp\/v2\/comments?post=17026"}],"wp:featuredmedia":[{"embeddable":true,"href":"https:\/\/rahtek-dz.com\/ar\/wp-json\/wp\/v2\/media\/17025"}],"wp:attachment":[{"href":"https:\/\/rahtek-dz.com\/ar\/wp-json\/wp\/v2\/media?parent=17026"}],"wp:term":[{"taxonomy":"product_brand","embeddable":true,"href":"https:\/\/rahtek-dz.com\/ar\/wp-json\/wp\/v2\/product_brand?post=17026"},{"taxonomy":"product_cat","embeddable":true,"href":"https:\/\/rahtek-dz.com\/ar\/wp-json\/wp\/v2\/product_cat?post=17026"},{"taxonomy":"product_tag","embeddable":true,"href":"https:\/\/rahtek-dz.com\/ar\/wp-json\/wp\/v2\/product_tag?post=17026"}],"curies":[{"name":"wp","href":"https:\/\/api.w.org\/{rel}","templated":true}]}}