{"id":17028,"date":"2026-02-11T12:02:35","date_gmt":"2026-02-11T11:02:35","guid":{"rendered":"https:\/\/rahtek-dz.com\/product\/thermometre-auriculaire-thermoscan-7-irt6525\/"},"modified":"2026-02-11T12:02:35","modified_gmt":"2026-02-11T11:02:35","slug":"thermometre-auriculaire-thermoscan-7-irt6525","status":"publish","type":"product","link":"https:\/\/rahtek-dz.com\/ar\/product\/thermometre-auriculaire-thermoscan-7-irt6525\/","title":{"rendered":"Thermom\u00e8tre Auriculaire ThermoScan 7+ IRT6525"},"content":{"rendered":"<p>Le thermom\u00e8tre ThermoScan 7+ de la marque Braun est un thermom\u00e8tre auriculaire utilisable pour toute la famille. De par ses caract\u00e9ristiques techniques, il est particuli\u00e8rement int\u00e9ressant pour la prise de temp\u00e9rature chez les b\u00e9b\u00e9s. La prise de temp\u00e9rature dans l&rsquo;oreille refl\u00e8te avec pr\u00e9cision la temp\u00e9rature interne du corps. En effet, le tympan partage le m\u00eame afflux sanguin que le centre de r\u00e9gulation de la temp\u00e9rature situ\u00e9 dans le cerveau. L&rsquo;oreille constitue donc un excellent point de mesure de la temp\u00e9rature. pourquoi choisir le thermom\u00e8tre auriculaire thermoscan 7+ de braun ? Le thermom\u00e8tre auriculaire ThermoScan 7+ Braun dispose de plusieurs fonctionnalit\u00e9s qui se r\u00e9v\u00e8lent tr\u00e8s utile pour prendre la temp\u00e9rature. Le bouton Age Precision, tout d&rsquo;abord, permet de d\u00e9finir la classe d&rsquo;\u00e2ge du sujet concern\u00e9 : 0-3 mois, 3-36 mois, 36 mois et plus. Ce service est important pour pouvoir suivre les recommandations en cas de fi\u00e8vre, qui varient selon qu&rsquo;elle touche un nourrisson, un enfant en bas \u00e2ge ou un adulte. Ce thermom\u00e8tre auriculaire dispose \u00e9galement d&rsquo;un code couleur pour\u00a0interpr\u00e9ter instantan\u00e9ment la temp\u00e9rature. Ce code couleur est facile \u00e0 lire et adapt\u00e9 \u00e0 chaque tranche d&rsquo;\u00e2ge : le vert correspond \u00e0 une temp\u00e9rature normale, le jaune indique une fi\u00e8vre, et le rouge signale une fi\u00e8vre \u00e9lev\u00e9e. La sonde grand angle du thermom\u00e8tre Braun ThermoScan 7+ offre une pr\u00e9cision professionnelle, y compris dans les petits conduits auditifs des nouveau-n\u00e9s. Finalement, la fonction Nuit est id\u00e9ale pour surveiller la temp\u00e9rature pendant le sommeil. Elle repose sur un mode silencieux et une lampe LED pour mieux voir le conduit auditif dans le noir, sans perturber un b\u00e9b\u00e9 ou un enfant endormi. Pr\u00e9sentation disponible pour le thermom\u00e8tre ThermoScan 7+ Braun sur notre pharmacie en ligne : Bo\u00eete contenant 1 thermom\u00e8tre et sa notice d&rsquo;utilisation Avis du \t\t\t\t\t\t\t                                                                                pharmacien \t\t\t\t\t\t\t                                                                                sur Thermom\u00e8tre Auriculaire ThermoScan 7+ IRT6525 Le thermom\u00e8tre auriculaire Braun ThermoScan 7+ est destin\u00e9 \u00e0 un usage \u00e0 domicile pour la mesure intermittente de la temp\u00e9rature corporelle de sujets allant du nouveau-n\u00e9 de poids normal (n\u00e9 \u00e0 terme) \u00e0 la personne \u00e2g\u00e9e. Ce thermom\u00e8tre n&rsquo;est pas pr\u00e9vu pour une utilisation clinique dans un environnement professionnel. Retirez le thermom\u00e8tre de sa bo\u00eete de protection. Appuyez sur le bouton Marche\/Arr\u00eat. Pendant un autocontr\u00f4le interne, tous les voyants s&rsquo;affichent \u00e0 l&rsquo;\u00e9cran. La derni\u00e8re temp\u00e9rature prise s&rsquo;affiche ensuite pendant 5 secondes. L&rsquo;indicateur de l&#8217;embout clignote si un embout est requis. Pour garantir des mesures pr\u00e9cises, assurez-vous de mettre un embout Hygiene Cap propre et neuf avant chaque utilisation. Fixez l&#8217;embout en enfon\u00e7ant la sonde du thermom\u00e8tre dans l&#8217;embout \u00e0 l&rsquo;int\u00e9rieur de la bo\u00eete puis en sortant le thermom\u00e8tre. S\u00e9lectionnez l&rsquo;\u00e2ge \u00e0 l&rsquo;aide du bouton Age Precision. Appuyez sur le bouton pour passer d&rsquo;un groupe d&rsquo;\u00e2ge \u00e0 l&rsquo;autre. Ins\u00e9rez ensuite la sonde dans le conduit auditif en la dirigeant vers la tempe oppos\u00e9e. La fonction ExacTemp confrme la stabilit\u00e9 et le bon positionnement de la sonde en \u00e9mettant un bip et en activant un t\u00e9moin lumineux. Appuyez et rel\u00e2chez alors le bouton Start. Le voyant lumineux ExacTemp clignote pendant la prise de temp\u00e9rature. Le voyant lumineux reste fixe 3 secondes pour indiquer que la mesure est termin\u00e9e. Si la sonde a \u00e9t\u00e9 correctement introduite dans le conduit auditif pendant la mesure, un long bip signale la fin de la mesure. Si la sonde n&rsquo;a pas \u00e9t\u00e9 plac\u00e9e correctement, une s\u00e9rie de bips courts retentit, le voyant lumineux ExacTemp\u00a0s&rsquo;\u00e9teint et l&rsquo;\u00e9cran du thermom\u00e8tre affiche un message d&rsquo;erreur. Le bip de confirmation signale qu&rsquo;une temp\u00e9rature pr\u00e9cise a \u00e9t\u00e9 relev\u00e9e. Le r\u00e9sultat s&rsquo;affiche \u00e0 l&rsquo;\u00e9cran. Pour la mesure suivante, appuyez sur le bouton d&rsquo;\u00e9jection\u00a0pour retirer et jeter l&#8217;embout, puis installez-en un nouveau. Le thermom\u00e8tre s&rsquo;\u00e9teint automatiquement apr\u00e8s 60 secondes d&rsquo;inactivit\u00e9. Consultez votre m\u00e9decin si vous constatez des sympt\u00f4mes tels qu&rsquo;une irritabilit\u00e9 inexpliqu\u00e9e, des vomissements, une diarrh\u00e9e, une d\u00e9shydratation, des changements d&rsquo;app\u00e9tit ou d&rsquo;activit\u00e9, des convulsions, une douleur musculaire, des tremblements, une raideur du cou, une douleur lors de la miction, etc. Vous pourriez aussi opter pour ce thermom\u00e8tre frontal Urgo innovant. Marque Braun R\u00e9f\u00e9rence(s) 4022167652539, 4022167652539-4022167400062 Mis \u00e0 jour le : 06\/01\/2026<\/p>","protected":false},"excerpt":{"rendered":"<p>Le thermom\u00e8tre ThermoScan 7+ de la marque Braun est un thermom\u00e8tre auriculaire utilisable pour toute la famille. De par ses<\/p>","protected":false},"featured_media":17027,"comment_status":"open","ping_status":"closed","template":"","meta":{"_acf_changed":false},"product_brand":[],"product_cat":[275],"product_tag":[],"class_list":{"0":"post-17028","1":"product","2":"type-product","3":"status-publish","4":"has-post-thumbnail","6":"product_cat-aide-technique","8":"first","9":"instock","10":"shipping-taxable","11":"product-type-simple"},"acf":[],"df_price":"","df_sale_price":"","df_regular_price":"","df_image_link":"https:\/\/rahtek-dz.com\/wp-content\/uploads\/2026\/02\/w-501-h-501-zc-2-thermometre-auriculaire-thermoscan-7-irt6525-braun2-1738929259.jpg-300x300.webp","_links":{"self":[{"href":"https:\/\/rahtek-dz.com\/ar\/wp-json\/wp\/v2\/product\/17028","targetHints":{"allow":["GET"]}}],"collection":[{"href":"https:\/\/rahtek-dz.com\/ar\/wp-json\/wp\/v2\/product"}],"about":[{"href":"https:\/\/rahtek-dz.com\/ar\/wp-json\/wp\/v2\/types\/product"}],"replies":[{"embeddable":true,"href":"https:\/\/rahtek-dz.com\/ar\/wp-json\/wp\/v2\/comments?post=17028"}],"wp:featuredmedia":[{"embeddable":true,"href":"https:\/\/rahtek-dz.com\/ar\/wp-json\/wp\/v2\/media\/17027"}],"wp:attachment":[{"href":"https:\/\/rahtek-dz.com\/ar\/wp-json\/wp\/v2\/media?parent=17028"}],"wp:term":[{"taxonomy":"product_brand","embeddable":true,"href":"https:\/\/rahtek-dz.com\/ar\/wp-json\/wp\/v2\/product_brand?post=17028"},{"taxonomy":"product_cat","embeddable":true,"href":"https:\/\/rahtek-dz.com\/ar\/wp-json\/wp\/v2\/product_cat?post=17028"},{"taxonomy":"product_tag","embeddable":true,"href":"https:\/\/rahtek-dz.com\/ar\/wp-json\/wp\/v2\/product_tag?post=17028"}],"curies":[{"name":"wp","href":"https:\/\/api.w.org\/{rel}","templated":true}]}}