{"id":17030,"date":"2026-02-11T12:02:35","date_gmt":"2026-02-11T11:02:35","guid":{"rendered":"https:\/\/rahtek-dz.com\/product\/rehausse-wc-ibiza\/"},"modified":"2026-02-11T12:02:35","modified_gmt":"2026-02-11T11:02:35","slug":"rehausse-wc-ibiza","status":"publish","type":"product","link":"https:\/\/rahtek-dz.com\/ar\/product\/rehausse-wc-ibiza\/","title":{"rendered":"Rehausse WC Ibiza"},"content":{"rendered":"<p>Pour les personnes \u00e2g\u00e9es \u00e9prouvant des difficult\u00e9s \u00e0 s&rsquo;asseoir ou \u00e0 se relever de la cuvette des toilettes,\u00a0ou toute personne dont la mobilit\u00e9 des membres inf\u00e9rieurs est affect\u00e9e, la soci\u00e9t\u00e9 Identit\u00e9s a\u00a0mis\u00a0au point l a rehausse WC Ibiza. La rehausse WC Ibiza permet de sur\u00e9lever l&rsquo;assise de vos toilettes standards et de ce fait, aide \u00e0 se relever plus facilement. Elle se d\u00e9cline en 4 mod\u00e8les : avec ou sans couvercle, et avec deux hauteurs de 10 ou 15 cm. Son design avec d\u00e9coupe anatomique confortable \u00e0 l&rsquo;avant et \u00e0 l&rsquo;arri\u00e8re facilite la toilette et permet de s&rsquo;essuyer sans \u00eatre g\u00ean\u00e9. La fixation de la rehausse pour toilettes Ibiza est simple, rapide et sans aucun outil n\u00e9cessaire. Elle se pose simplement sur la cuvette des toilettes en but\u00e9e \u00e0 l&rsquo;avant, et vient s&rsquo;immobiliser en resserrant les deux larges molettes pr\u00e9sentes sur les c\u00f4t\u00e9s. Les int\u00e9r\u00eats \u00e0 installer la rehausse pour WC Ibiza La mati\u00e8re plastique du si\u00e8ge de la rehausse Ibiza garantit une solidit\u00e9 et une r\u00e9sistance contre les taches et les odeurs. Sa surface lisse et \u00e9tanche s&rsquo;entretient facilement. Avec ses diff\u00e9rents mod\u00e8les et sa facilit\u00e9 d&rsquo;entretien, la rehausse WC Ibiza Identit\u00e9s s&rsquo;adapte ainsi \u00e0 une grande vari\u00e9t\u00e9 de besoins et de situations. Une sur-assise en mousse est \u00e9galement en vente sur notre pharmacie en ligne pour d&rsquo;avantage de confort (disponible en bleu ou gris). Les caract\u00e9ristiques de la rehausse pour WC Ibiza par Identit\u00e9s : Dimensions : Largeur : 37 cm Profondeur : 40.7 cm Hauteur : 10 ou 15 cm Dimensions de l&rsquo;\u00e9videment : 27 x 22 cm Poids maximum autoris\u00e9 : 250 kg Avis du \t\t\t\t\t\t\t                                                                                pharmacien \t\t\t\t\t\t\t                                                                                sur Rehausse WC Ibiza Pensez \u00e0 choisir le mod\u00e8le de rehausse pour WC Ibiza le mieux adapt\u00e9 \u00e0 vos besoins : 10 ou 15 cm, et avec ou sans couvercle. Marque Identit\u00e9s R\u00e9f\u00e9rence(s) 3760223830057, 3760223830064, 3760223830439, 3760223830941 Mis \u00e0 jour le : 22\/06\/2023<\/p>","protected":false},"excerpt":{"rendered":"<p>Pour les personnes \u00e2g\u00e9es \u00e9prouvant des difficult\u00e9s \u00e0 s&rsquo;asseoir ou \u00e0 se relever de la cuvette des toilettes,\u00a0ou toute personne<\/p>","protected":false},"featured_media":17029,"comment_status":"open","ping_status":"closed","template":"","meta":{"_acf_changed":false},"product_brand":[],"product_cat":[275],"product_tag":[],"class_list":{"0":"post-17030","1":"product","2":"type-product","3":"status-publish","4":"has-post-thumbnail","6":"product_cat-aide-technique","8":"first","9":"instock","10":"shipping-taxable","11":"product-type-simple"},"acf":[],"df_price":"","df_sale_price":"","df_regular_price":"","df_image_link":"https:\/\/rahtek-dz.com\/wp-content\/uploads\/2026\/02\/w-501-h-501-zc-2-rehausse-wc-ibiza-identites-4-1632314803.jpg-300x300.webp","_links":{"self":[{"href":"https:\/\/rahtek-dz.com\/ar\/wp-json\/wp\/v2\/product\/17030","targetHints":{"allow":["GET"]}}],"collection":[{"href":"https:\/\/rahtek-dz.com\/ar\/wp-json\/wp\/v2\/product"}],"about":[{"href":"https:\/\/rahtek-dz.com\/ar\/wp-json\/wp\/v2\/types\/product"}],"replies":[{"embeddable":true,"href":"https:\/\/rahtek-dz.com\/ar\/wp-json\/wp\/v2\/comments?post=17030"}],"wp:featuredmedia":[{"embeddable":true,"href":"https:\/\/rahtek-dz.com\/ar\/wp-json\/wp\/v2\/media\/17029"}],"wp:attachment":[{"href":"https:\/\/rahtek-dz.com\/ar\/wp-json\/wp\/v2\/media?parent=17030"}],"wp:term":[{"taxonomy":"product_brand","embeddable":true,"href":"https:\/\/rahtek-dz.com\/ar\/wp-json\/wp\/v2\/product_brand?post=17030"},{"taxonomy":"product_cat","embeddable":true,"href":"https:\/\/rahtek-dz.com\/ar\/wp-json\/wp\/v2\/product_cat?post=17030"},{"taxonomy":"product_tag","embeddable":true,"href":"https:\/\/rahtek-dz.com\/ar\/wp-json\/wp\/v2\/product_tag?post=17030"}],"curies":[{"name":"wp","href":"https:\/\/api.w.org\/{rel}","templated":true}]}}