{"id":17032,"date":"2026-02-11T12:02:35","date_gmt":"2026-02-11T11:02:35","guid":{"rendered":"https:\/\/rahtek-dz.com\/product\/nutrisens-proti-fruits-hp-hc\/"},"modified":"2026-02-11T12:02:35","modified_gmt":"2026-02-11T11:02:35","slug":"nutrisens-proti-fruits-hp-hc","status":"publish","type":"product","link":"https:\/\/rahtek-dz.com\/ar\/product\/nutrisens-proti-fruits-hp-hc\/","title":{"rendered":"\u0646\u064a\u0648\u062a\u0631\u064a\u0633\u064a\u0646\u0632 \u0628\u0631\u0648\u062a\u064a \u0641\u0631\u0648\u062a\u0633 \u0625\u062a\u0634 \u0628\u064a\/\u0625\u062a\u0634 \u0633\u064a"},"content":{"rendered":"<p>Proti-Fruits HP\/HC est une pur\u00e9e de fruits hyperprot\u00e9in\u00e9e et hypercalorique pr\u00eate \u00e0 l\u2019emploi. Elle permet de r\u00e9pondre aux besoins nutritionnels des personnes en cas de d\u00e9nutrition. \u00c0 partir d\u2019un certain \u00e2ge ou dans certaines situations de la vie, il est possible de souffrir de dysphagie (troubles de la d\u00e9glutition) ou de troubles de la mastication, entra\u00eenant ainsi un risque de blocage ou de fausse route important. Cela peut \u00e9galement freiner les envies de se nourrir. La d\u00e9nutrition peut \u00e9galement toucher les personnes atteintes d\u2019un cancer ou du SIDA, des pathologiques qui affectent de mani\u00e8re consid\u00e9rable l\u2019organisme. Propri\u00e9t\u00e9s de Proti-fruits HP\/HC La pur\u00e9e de fruits Proti-Fruits HP\/HC peut \u00eatre indiqu\u00e9e chez les personnes d\u00e9nutries ainsi que dans le cas d\u2019une pathologie de type cancer, en cas de troubles de la d\u00e9glutition, de fonte musculaire ou en cas d\u2019intol\u00e9rance provisoire ou permanente au lactose. Proti-fruits HP\/HC est disponible en 3 parfums sur le site de la Pharmacie des Drakkars\u00a0: Pomme, Pomme\/Banane, Pomme\/Prune. Formule sans lactose, sans gluten et sans colorant. Conditionnement propos\u00e9 sur notre pharmacie en ligne pour Proti-Fruits HP\/HC : Pack de 4 pots de 125 g \u2013 Parfum au choix. Avis du \t\t\t\t\t\t\t                                                                                pharmacien \t\t\t\t\t\t\t                                                                                sur Nutrisens Proti-Fruits HP\/HC Prendre 1 \u00e0 3 pots par jour. Pr\u00e9cautions d\u2019emploi : Ce produit doit \u00eatre utilis\u00e9 sous contr\u00f4le m\u00e9dical. Il ne doit pas constituer la seule source d\u2019alimentation. Ne pas utiliser chez l\u2019enfant de moins de 3 ans. \u00c0 conserver dans les 9 mois avant ouverture entre 4\u00b0C et 25\u00b0C. \u00c0 consommer dans les 24h apr\u00e8s ouverture au r\u00e9frig\u00e9rateur. Marque Nutrisens R\u00e9f\u00e9rence(s) 3700183813394, 3700183813417, 3701052006787 Ancienne(s) d\u00e9signation(s) produit 3401252053917, 3701052006794, 3701052006800 Mis \u00e0 jour le : 26\/01\/2026<\/p>","protected":false},"excerpt":{"rendered":"<p>Proti-Fruits HP\/HC est une pur\u00e9e de fruits hyperprot\u00e9in\u00e9e et hypercalorique pr\u00eate \u00e0 l\u2019emploi. Elle permet de r\u00e9pondre aux besoins nutritionnels<\/p>","protected":false},"featured_media":17031,"comment_status":"open","ping_status":"closed","template":"","meta":{"_acf_changed":false},"product_brand":[],"product_cat":[275],"product_tag":[],"class_list":{"0":"post-17032","1":"product","2":"type-product","3":"status-publish","4":"has-post-thumbnail","6":"product_cat-aide-technique","8":"first","9":"instock","10":"shipping-taxable","11":"product-type-simple"},"acf":[],"df_price":"","df_sale_price":"","df_regular_price":"","df_image_link":"https:\/\/rahtek-dz.com\/wp-content\/uploads\/2026\/02\/w-501-h-501-zc-2-3701052006794-ld-0031-front-627909c773981.jpg-300x300.webp","_links":{"self":[{"href":"https:\/\/rahtek-dz.com\/ar\/wp-json\/wp\/v2\/product\/17032","targetHints":{"allow":["GET"]}}],"collection":[{"href":"https:\/\/rahtek-dz.com\/ar\/wp-json\/wp\/v2\/product"}],"about":[{"href":"https:\/\/rahtek-dz.com\/ar\/wp-json\/wp\/v2\/types\/product"}],"replies":[{"embeddable":true,"href":"https:\/\/rahtek-dz.com\/ar\/wp-json\/wp\/v2\/comments?post=17032"}],"wp:featuredmedia":[{"embeddable":true,"href":"https:\/\/rahtek-dz.com\/ar\/wp-json\/wp\/v2\/media\/17031"}],"wp:attachment":[{"href":"https:\/\/rahtek-dz.com\/ar\/wp-json\/wp\/v2\/media?parent=17032"}],"wp:term":[{"taxonomy":"product_brand","embeddable":true,"href":"https:\/\/rahtek-dz.com\/ar\/wp-json\/wp\/v2\/product_brand?post=17032"},{"taxonomy":"product_cat","embeddable":true,"href":"https:\/\/rahtek-dz.com\/ar\/wp-json\/wp\/v2\/product_cat?post=17032"},{"taxonomy":"product_tag","embeddable":true,"href":"https:\/\/rahtek-dz.com\/ar\/wp-json\/wp\/v2\/product_tag?post=17032"}],"curies":[{"name":"wp","href":"https:\/\/api.w.org\/{rel}","templated":true}]}}