{"id":17034,"date":"2026-02-11T12:02:35","date_gmt":"2026-02-11T11:02:35","guid":{"rendered":"https:\/\/rahtek-dz.com\/product\/easypill-boules-de-poils-pour-chat\/"},"modified":"2026-02-11T12:02:35","modified_gmt":"2026-02-11T11:02:35","slug":"easypill-boules-de-poils-pour-chat","status":"publish","type":"product","link":"https:\/\/rahtek-dz.com\/ar\/product\/easypill-boules-de-poils-pour-chat\/","title":{"rendered":"Easypill Boules de Poils pour Chat"},"content":{"rendered":"<p>Easypill Boules de Poils pour Chat est un aliment compl\u00e9mentaire de la gamme Osalia sous forme de boulettes app\u00e9tentes, et con\u00e7u pour faciliter l\u2019\u00e9limination intestinale des boules de poils. Easypill Boules de Poils pour Chat est un aliment compl\u00e9mentaire du laboratoire Osalia sp\u00e9cifiquement formul\u00e9 pour apporter un soutien digestif \u00e0 votre compagnon \u00e0 4 pattes . Il se pr\u00e9sente sous la forme de boulettes pens\u00e9es pour \u00eatre hautement app\u00e9tentes, un format qui facilite grandement l&rsquo;administration et garantit une prise spontan\u00e9e allant jusqu&rsquo;\u00e0 95% chez le chat, gr\u00e2ce \u00e0 la gal\u00e9nique et \u00e0 la formulation brevet\u00e9es de la gamme Easypill.\u00a0La formulation des boulettes Easypill Boules de Poils pour Chat s&rsquo;inscrit dans une approche nutritionnelle reconnue. Les r\u00e9gimes alimentaires visant \u00e0 r\u00e9duire les troubles de la sph\u00e8re digestive li\u00e9s aux boules de poils contiennent g\u00e9n\u00e9ralement des niveaux accrus de fibres, qu&rsquo;elles soient solubles ou insolubles. Ces fibres, charg\u00e9es d&rsquo;eau, ramollissent la consistance des selles . Chez le chat, elles permettent ainsi d&rsquo;augmenter le passage des poils dans le tractus gastro-intestinal et dans les f\u00e8ces sans provoquer d&rsquo;obstruction ou de constipation, et de r\u00e9duire la formation de boules de poils dans le tube digestif . Comment fonctionnent les boulettes Easypill Boules de Poils pour Chat\u00a0? La gamme Easypill se distingue par son approche pratique. Gr\u00e2ce au sachet refermable , la conservation des boulettes est simple, m\u00eame apr\u00e8s ouverture, ce qui pr\u00e9serve leur app\u00e9tence et assure ainsi l&rsquo;observance du traitement. De plus, le co\u00fbt de traitement quotidien est \u00e9conomique, un aspect essentiel pour garantir une bonne observance, m\u00eame lors d&rsquo;une administration sur la dur\u00e9e. Les produits Easypill sont aussi reconnus pour leur excellente app\u00e9tence, leur gal\u00e9nique simple et pratique, et leurs all\u00e9gations de sant\u00e9 soutenues par des teneurs garanties en ingr\u00e9dients. L\u2019int\u00e9r\u00eat principal de cet aliment compl\u00e9mentaire fabriqu\u00e9 en France est de faciliter l&rsquo;\u00e9limination intestinale des boules de poils chez le chat. Son efficacit\u00e9 repose sur une combinaison d&rsquo;ingr\u00e9dients cl\u00e9s, reconnus pour leur r\u00f4le dans l&rsquo; am\u00e9lioration du transit et la gestion des trichob\u00e9zoards (le nom scientifique des boules de poils) : Le psyllium : cette fibre soluble et g\u00e9lifiante augmente la viscosit\u00e9 du contenu digestif. Des \u00e9tudes ont d&rsquo;ailleurs d\u00e9montr\u00e9 l&rsquo;efficacit\u00e9 d&rsquo;une compl\u00e9mentation : une dose quotidienne de 250 mg de psyllium sur 14 jours aide \u00e0 l&rsquo;\u00e9limination des boules de poils chez le chat. Le sorbitol : ce sucre est inclus pour ses propri\u00e9t\u00e9s osmotiques et pour potentialiser l&rsquo;effet du psyllium. Le sorbitol peut \u00e9galement influencer la s\u00e9cr\u00e9tion biliaire, dont les sels peuvent impacter positivement le transit gastro-intestinal. Vous pourrez retrouver l\u2019aliment compl\u00e9mentaire Easypill Boules de Poils pour Chat dans les pr\u00e9sentations suivantes chez Pharmacie des Drakkars\u00a0: sachet de 40 g (environ 20 boulettes). Avis du \t\t\t\t\t\t\t                                                                                pharmacien \t\t\t\t\t\t\t                                                                                sur Easypill Boules de Poils pour Chat Administrez les boulettes Easypill Boules de Poils pour Chat en cure de 5 jours, \u00e0 raison de 2 boulettes avant le repas matin et soir.  Pr\u00e9cautions d&#8217;emploi\u00a0: une prise trop importante peut provoquer un ramollissement excessif des selles. Respecter le mode d&#8217;emploi. Laisser en permanence de l&rsquo;eau \u00e0 disposition de l&rsquo;animal. Marque Osalia R\u00e9f\u00e9rence(s) 3401195832853 Mis \u00e0 jour le : 06\/10\/2025<\/p>","protected":false},"excerpt":{"rendered":"<p>Easypill Boules de Poils pour Chat est un aliment compl\u00e9mentaire de la gamme Osalia sous forme de boulettes app\u00e9tentes, et<\/p>","protected":false},"featured_media":17033,"comment_status":"open","ping_status":"closed","template":"","meta":{"_acf_changed":false},"product_brand":[],"product_cat":[275],"product_tag":[],"class_list":{"0":"post-17034","1":"product","2":"type-product","3":"status-publish","4":"has-post-thumbnail","6":"product_cat-aide-technique","8":"first","9":"instock","10":"shipping-taxable","11":"product-type-simple"},"acf":[],"df_price":"","df_sale_price":"","df_regular_price":"","df_image_link":"https:\/\/rahtek-dz.com\/wp-content\/uploads\/2026\/02\/w-501-h-501-zc-2-easypill-boules-de-poils-pour-chat-osalia1-1765984153.png-300x300.webp","_links":{"self":[{"href":"https:\/\/rahtek-dz.com\/ar\/wp-json\/wp\/v2\/product\/17034","targetHints":{"allow":["GET"]}}],"collection":[{"href":"https:\/\/rahtek-dz.com\/ar\/wp-json\/wp\/v2\/product"}],"about":[{"href":"https:\/\/rahtek-dz.com\/ar\/wp-json\/wp\/v2\/types\/product"}],"replies":[{"embeddable":true,"href":"https:\/\/rahtek-dz.com\/ar\/wp-json\/wp\/v2\/comments?post=17034"}],"wp:featuredmedia":[{"embeddable":true,"href":"https:\/\/rahtek-dz.com\/ar\/wp-json\/wp\/v2\/media\/17033"}],"wp:attachment":[{"href":"https:\/\/rahtek-dz.com\/ar\/wp-json\/wp\/v2\/media?parent=17034"}],"wp:term":[{"taxonomy":"product_brand","embeddable":true,"href":"https:\/\/rahtek-dz.com\/ar\/wp-json\/wp\/v2\/product_brand?post=17034"},{"taxonomy":"product_cat","embeddable":true,"href":"https:\/\/rahtek-dz.com\/ar\/wp-json\/wp\/v2\/product_cat?post=17034"},{"taxonomy":"product_tag","embeddable":true,"href":"https:\/\/rahtek-dz.com\/ar\/wp-json\/wp\/v2\/product_tag?post=17034"}],"curies":[{"name":"wp","href":"https:\/\/api.w.org\/{rel}","templated":true}]}}