{"id":17036,"date":"2026-02-11T12:02:36","date_gmt":"2026-02-11T11:02:36","guid":{"rendered":"https:\/\/rahtek-dz.com\/product\/donjoy-strapilax-attelle-de-genou\/"},"modified":"2026-02-11T12:02:36","modified_gmt":"2026-02-11T11:02:36","slug":"donjoy-strapilax-attelle-de-genou","status":"publish","type":"product","link":"https:\/\/rahtek-dz.com\/ar\/product\/donjoy-strapilax-attelle-de-genou\/","title":{"rendered":"Donjoy Strapilax Attelle de Genou"},"content":{"rendered":"<p>Suite \u00e0 une blessure l\u00e9g\u00e8re ou pour pratiquer vos activit\u00e9s sportives en toute s\u00e9curit\u00e9, d\u00e9couvrez vite l&rsquo;attelle de genou Strapilax de DonJoy. La genouill\u00e8re Strapilax DonJoy est aussi utile pour immobiliser votre genou qu&rsquo;en pr\u00e9vention en cas de reprise d&rsquo;activit\u00e9s physiques. Elle est dot\u00e9e d&rsquo;un stabilisateur rotulien en mousse SBR qui maintient en place la rotule dans une position correcte. L&rsquo;attelle de genou Strapilax de DonJoy est ainsi recommand\u00e9e en tant que pr\u00e9vention pour les cas d&rsquo;hyperlaxit\u00e9 du genou, suite \u00e0 une l\u00e9sion l\u00e9g\u00e8re des ligaments du genou (LLI \/ LLE), ou pour les personnes souffrant d&rsquo; arthrose l\u00e9g\u00e8re du genou . Fabriqu\u00e9e sans latex, l&rsquo; attelle de genou Strapilax DonJoy b\u00e9n\u00e9ficie \u00e9galement d&rsquo;une zone de confort au maillage plus rel\u00e2ch\u00e9 sur le creux poplit\u00e9 (l&rsquo;a partie post\u00e9rieure du genou). Pourquoi recourir \u00e0 l&rsquo;attelle de genou Strapilax de DonJoy ? La genouill\u00e8re Strapilax DonJoy est \u00e9galement livr\u00e9e avec une sangle de renfort amovible, pour renforcer le maintien en prot\u00e9geant dans le m\u00eame temps la partie tricot\u00e9e de l&rsquo;attelle. Une bande anti-glissement en silicone permet de bien la maintenir en place, et elle est fabriqu\u00e9e dans un tissu respirant pour plus de confort. Pratique : l&rsquo; attelle de genou Strapilax DonJoy est propos\u00e9e en mod\u00e8le unique bilat\u00e9ral, qui conviendra aussi bien pour le genou gauche ou droit. Elle est lavable en machine \u00e0 40\u00b0 (en programme d\u00e9licat). Sur notre pharmacie en ligne, vous pourrez retrouver la genouill\u00e8re Strapilax DonJoy dans toutes les tailles disponibles selon votre circonf\u00e9rence de cuisse : Taille 0 (p\u00e9diatrique) : 30-34 cm Taille 1 : 35-38 cm Taille 2 : 39-42 cm Taille 3 : 43-46 cm Taille 4 : 47-49 cm Taille 5 : 50-53 cm Taille 6 : 54-57 cm Taille 7 : 58-61 cm Conform\u00e9ment au code de la s\u00e9curit\u00e9 sociale pour les achats par correspondance, aucune feuille de soins ne sera fournie pour ce produit. Avis du \t\t\t\t\t\t\t                                                                                pharmacien \t\t\t\t\t\t\t                                                                                sur Donjoy Strapilax Attelle de Genou Pour bien choisir votre attelle de genou Donjoy Strapilax, mesurez la circonf\u00e9rence de votre cuisse environ 15 cm au-dessus du centre de votre rotule. Marque Donjoy R\u00e9f\u00e9rence(s) 0190446664390, 0190446664475, 0190446664482, 0190446664499, 0190446664505, 0190446664512, 0190446664529, 0190446664536 Mis \u00e0 jour le : 10\/07\/2023<\/p>","protected":false},"excerpt":{"rendered":"<p>Suite \u00e0 une blessure l\u00e9g\u00e8re ou pour pratiquer vos activit\u00e9s sportives en toute s\u00e9curit\u00e9, d\u00e9couvrez vite l&rsquo;attelle de genou Strapilax<\/p>","protected":false},"featured_media":17035,"comment_status":"open","ping_status":"closed","template":"","meta":{"_acf_changed":false},"product_brand":[],"product_cat":[275],"product_tag":[],"class_list":{"0":"post-17036","1":"product","2":"type-product","3":"status-publish","4":"has-post-thumbnail","6":"product_cat-aide-technique","8":"first","9":"instock","10":"shipping-taxable","11":"product-type-simple"},"acf":[],"df_price":"","df_sale_price":"","df_regular_price":"","df_image_link":"https:\/\/rahtek-dz.com\/wp-content\/uploads\/2026\/02\/w-501-h-501-zc-2-donjoy-strapilax-attelle-de-genou-donjoy-1-1646301518.jpg-300x300.webp","_links":{"self":[{"href":"https:\/\/rahtek-dz.com\/ar\/wp-json\/wp\/v2\/product\/17036","targetHints":{"allow":["GET"]}}],"collection":[{"href":"https:\/\/rahtek-dz.com\/ar\/wp-json\/wp\/v2\/product"}],"about":[{"href":"https:\/\/rahtek-dz.com\/ar\/wp-json\/wp\/v2\/types\/product"}],"replies":[{"embeddable":true,"href":"https:\/\/rahtek-dz.com\/ar\/wp-json\/wp\/v2\/comments?post=17036"}],"wp:featuredmedia":[{"embeddable":true,"href":"https:\/\/rahtek-dz.com\/ar\/wp-json\/wp\/v2\/media\/17035"}],"wp:attachment":[{"href":"https:\/\/rahtek-dz.com\/ar\/wp-json\/wp\/v2\/media?parent=17036"}],"wp:term":[{"taxonomy":"product_brand","embeddable":true,"href":"https:\/\/rahtek-dz.com\/ar\/wp-json\/wp\/v2\/product_brand?post=17036"},{"taxonomy":"product_cat","embeddable":true,"href":"https:\/\/rahtek-dz.com\/ar\/wp-json\/wp\/v2\/product_cat?post=17036"},{"taxonomy":"product_tag","embeddable":true,"href":"https:\/\/rahtek-dz.com\/ar\/wp-json\/wp\/v2\/product_tag?post=17036"}],"curies":[{"name":"wp","href":"https:\/\/api.w.org\/{rel}","templated":true}]}}