{"id":17038,"date":"2026-02-11T12:02:36","date_gmt":"2026-02-11T11:02:36","guid":{"rendered":"https:\/\/rahtek-dz.com\/product\/kreme-mousse-nettoyante-2-en-1\/"},"modified":"2026-02-11T12:02:36","modified_gmt":"2026-02-11T11:02:36","slug":"kreme-mousse-nettoyante-2-en-1","status":"publish","type":"product","link":"https:\/\/rahtek-dz.com\/ar\/product\/kreme-mousse-nettoyante-2-en-1\/","title":{"rendered":"Kr\u00e8me Mousse Nettoyante 2-en-1"},"content":{"rendered":"<p>La mousse nettoyante 2-en-1 Kr\u00e8me est un nettoyant visage certifi\u00e9 bio. Il convient \u00e0 tous les types de peau et permet de nettoyer et d\u00e9maquiller la peau en une seule \u00e9tape. quels sont les bienfaits de la mousse nettoyante 2-en-1 kr\u00e8me ? Avec sa formule biphas\u00e9e, la mousse nettoyante Kr\u00e8me offre un shot de lait d\u00e9maquillant dans un nettoyant ultra-doux . Cette mousse nettoyante est id\u00e9ale pour nettoyer et d\u00e9maquiller la peau tout en respectant la barri\u00e8re cutan\u00e9e. Elle pr\u00e9vient les r\u00e9actions d&rsquo;inconfort et exerce un effet anti-tiraillements . La mousse nettoyante 2-en-1 de Kr\u00e8me est formul\u00e9e avec des tensioactifs doux qui \u00e9liminent les impuret\u00e9s et le maquillage sans pour autant fragiliser le film hydrolipidique. On retrouve \u00e9galement de la spiruline qui apportent ses propri\u00e9t\u00e9s d\u00e9toxifiantes. Cette mousse nettoyante bio contient aussi de l&rsquo;extrait d&rsquo;amande, aux vertus adoucissantes. Enfin, les probiotiques participent \u00e0 l&rsquo;\u00e9quilibre du microbiome cutan\u00e9. Telle un nuage, la mousse nettoyante Kr\u00e8me poss\u00e8de une texture douce et enveloppante, non dess\u00e9chante. Une fois rinc\u00e9e, la peau est parfaitement d\u00e9maquill\u00e9e et nettoy\u00e9e, souple et douce, sans aucune sensation d&rsquo;inconfort cutan\u00e9. Enfin, ce nettoyant visage Kr\u00e8me remplit toutes les garanties de la marque : formulation haute tol\u00e9rance ; innovation sans conservateur ; certifi\u00e9 bio et 100 % naturel ; actifs concentr\u00e9s ; origine France. Pr\u00e9sentations propos\u00e9es pour la mousse nettoyante 2-en-1 Kr\u00e8me sur la pharmacie en ligne des Drakkars : Flacon-pompe de 50 ml ou 150 ml, lot de 2 flacons pompe de 150 ml. Avis du \t\t\t\t\t\t\t                                                                                pharmacien \t\t\t\t\t\t\t                                                                                sur Kr\u00e8me Mousse Nettoyante 2-en-1 Utilisez la mousse nettoyante Kr\u00e8me matin et\/ou soir en fonction des besoins de votre peau. Secouez le flacon avant chaque utilisation afin de bien m\u00e9langer les 2 phases du produit. Pr\u00e9levez le produit dans le creux de la main puis appliquez sur le visage pr\u00e9alablement humidifi\u00e9. Massez d\u00e9licatement avec des mouvements circulaires, puis rincez soigneusement. S\u00e9chez votre peau sans frotter et appliquez ensuite votre cr\u00e8me hydratante Kr\u00e8me . Marque Kr\u00e8me R\u00e9f\u00e9rence(s) 3770016038928, 3770016038935, 3770038450562 Mis \u00e0 jour le : 30\/01\/2026<\/p>","protected":false},"excerpt":{"rendered":"<p>La mousse nettoyante 2-en-1 Kr\u00e8me est un nettoyant visage certifi\u00e9 bio. Il convient \u00e0 tous les types de peau et<\/p>","protected":false},"featured_media":17037,"comment_status":"open","ping_status":"closed","template":"","meta":{"_acf_changed":false},"product_brand":[],"product_cat":[275],"product_tag":[],"class_list":{"0":"post-17038","1":"product","2":"type-product","3":"status-publish","4":"has-post-thumbnail","6":"product_cat-aide-technique","8":"first","9":"instock","10":"shipping-taxable","11":"product-type-simple"},"acf":[],"df_price":"","df_sale_price":"","df_regular_price":"","df_image_link":"https:\/\/rahtek-dz.com\/wp-content\/uploads\/2026\/02\/w-501-h-501-zc-2-kreme-mousse-nettoyante-2-en-1-kreme4-1744011606.jpg-300x300.webp","_links":{"self":[{"href":"https:\/\/rahtek-dz.com\/ar\/wp-json\/wp\/v2\/product\/17038","targetHints":{"allow":["GET"]}}],"collection":[{"href":"https:\/\/rahtek-dz.com\/ar\/wp-json\/wp\/v2\/product"}],"about":[{"href":"https:\/\/rahtek-dz.com\/ar\/wp-json\/wp\/v2\/types\/product"}],"replies":[{"embeddable":true,"href":"https:\/\/rahtek-dz.com\/ar\/wp-json\/wp\/v2\/comments?post=17038"}],"wp:featuredmedia":[{"embeddable":true,"href":"https:\/\/rahtek-dz.com\/ar\/wp-json\/wp\/v2\/media\/17037"}],"wp:attachment":[{"href":"https:\/\/rahtek-dz.com\/ar\/wp-json\/wp\/v2\/media?parent=17038"}],"wp:term":[{"taxonomy":"product_brand","embeddable":true,"href":"https:\/\/rahtek-dz.com\/ar\/wp-json\/wp\/v2\/product_brand?post=17038"},{"taxonomy":"product_cat","embeddable":true,"href":"https:\/\/rahtek-dz.com\/ar\/wp-json\/wp\/v2\/product_cat?post=17038"},{"taxonomy":"product_tag","embeddable":true,"href":"https:\/\/rahtek-dz.com\/ar\/wp-json\/wp\/v2\/product_tag?post=17038"}],"curies":[{"name":"wp","href":"https:\/\/api.w.org\/{rel}","templated":true}]}}