{"id":17040,"date":"2026-02-11T12:02:36","date_gmt":"2026-02-11T11:02:36","guid":{"rendered":"https:\/\/rahtek-dz.com\/product\/anneau-ventouse-sucker\/"},"modified":"2026-02-11T12:02:36","modified_gmt":"2026-02-11T11:02:36","slug":"anneau-ventouse-sucker","status":"publish","type":"product","link":"https:\/\/rahtek-dz.com\/ar\/product\/anneau-ventouse-sucker\/","title":{"rendered":"Anneau Ventouse Sucker"},"content":{"rendered":"<p>Vous cherchez un accessoire pour vous aider vous ou l&rsquo;un de vos proches dans la prise du repas \u00e0 une main ? D\u00e9couvrez cet anneau ventouse Sucker propos\u00e9 par Identit\u00e9s. Id\u00e9al pour les personnes h\u00e9mipl\u00e9giques, d\u00e9sorient\u00e9es ou tr\u00e8s faibles, l&rsquo; anneau ventouse Sucker Identit\u00e9s se fixe sur votre table \u00e0 la mani\u00e8re d&rsquo;une ventouse. Il facilite ainsi la prise d&rsquo;aliments \u00e0 une main sans renverser le contenu du r\u00e9cipient, notamment pour les pots de yaourt ou les ramequins \u00e0 dessert utilis\u00e9s en collectivit\u00e9. Pratique, l&rsquo;anneau ventouse Sucker d&rsquo;Identit\u00e9s est propos\u00e9 en plusieurs tailles pour convenir \u00e0 tous les usages. Quel est l&rsquo;int\u00e9r\u00eat de l&rsquo;anneau ventouse Sucker Identit\u00e9s ? Fabriqu\u00e9 en n\u00e9opr\u00e8ne de haute qualit\u00e9, l&rsquo;anneau ventouse Sucker se colle sur toutes les surfaces lisses et non poreuses (bois laqu\u00e9 ou verni, surface plastifi\u00e9e ou toile cir\u00e9e par exemple). Etirable, l&rsquo; anneau ventouse s&rsquo;enfile \u00e0 la base du r\u00e9cipient et vient parfaitement \u00e9pouser le pourtour du pot de yaourt ou de la cr\u00e8me dessert. Cet accessoire le maintiendra ainsi fermement attach\u00e9 au support. Pour d\u00e9coller l&rsquo;anneau ventouse Sucker, il suffit de soulever l\u00e9g\u00e8rement l&rsquo;anneau avec le doigt. Ses avantages : il \u00e9vite le renversement et permet de manger \u00e0 une main. L&rsquo;anneau ventouse sera une aide pr\u00e9cieuse pour le quotidien ! L&rsquo;anneau ventouse Sucker Identit\u00e9s existe en deux mod\u00e8les \u00e0 retrouver sur votre pharmacie en ligne : Anneau ventouse Sucker Identit\u00e9s taille Small r\u00e9f\u00e9rence 813117 : adapt\u00e9e aux pots de yaourt avec un diam\u00e8tre \u00e9tirable de 4 \u00e0 7.5 cm. Anneau ventouse Sucker taille M\u00e9dium r\u00e9f\u00e9rence 813124 : adapt\u00e9e aux ramequins \u00e0 dessert de collectivit\u00e9s avec un diam\u00e8tre \u00e9tirable de 6 \u00e0 10 cm. A noter : Le coloris est variable selon les stocks disponibles ! Avis du \t\t\t\t\t\t\t                                                                                pharmacien \t\t\t\t\t\t\t                                                                                sur Anneau Ventouse Sucker L&rsquo;anneau ventouse Sucker d&rsquo;Identit\u00e9s est \u00e9tirable pour s&rsquo;adapter \u00e0 diff\u00e9rents diam\u00e8tres de pots ou de ramequins. Marque Identit\u00e9s R\u00e9f\u00e9rence(s) 2000090030183, 2000090035744 Mis \u00e0 jour le : 19\/05\/2025<\/p>","protected":false},"excerpt":{"rendered":"<p>Vous cherchez un accessoire pour vous aider vous ou l&rsquo;un de vos proches dans la prise du repas \u00e0 une<\/p>","protected":false},"featured_media":17039,"comment_status":"open","ping_status":"closed","template":"","meta":{"_acf_changed":false},"product_brand":[],"product_cat":[275],"product_tag":[],"class_list":{"0":"post-17040","1":"product","2":"type-product","3":"status-publish","4":"has-post-thumbnail","6":"product_cat-aide-technique","8":"first","9":"instock","10":"shipping-taxable","11":"product-type-simple"},"acf":[],"df_price":"","df_sale_price":"","df_regular_price":"","df_image_link":"https:\/\/rahtek-dz.com\/wp-content\/uploads\/2026\/02\/w-501-h-501-zc-2-anneau-ventouse-identites-1-1635842684.jpg-300x300.webp","_links":{"self":[{"href":"https:\/\/rahtek-dz.com\/ar\/wp-json\/wp\/v2\/product\/17040","targetHints":{"allow":["GET"]}}],"collection":[{"href":"https:\/\/rahtek-dz.com\/ar\/wp-json\/wp\/v2\/product"}],"about":[{"href":"https:\/\/rahtek-dz.com\/ar\/wp-json\/wp\/v2\/types\/product"}],"replies":[{"embeddable":true,"href":"https:\/\/rahtek-dz.com\/ar\/wp-json\/wp\/v2\/comments?post=17040"}],"wp:featuredmedia":[{"embeddable":true,"href":"https:\/\/rahtek-dz.com\/ar\/wp-json\/wp\/v2\/media\/17039"}],"wp:attachment":[{"href":"https:\/\/rahtek-dz.com\/ar\/wp-json\/wp\/v2\/media?parent=17040"}],"wp:term":[{"taxonomy":"product_brand","embeddable":true,"href":"https:\/\/rahtek-dz.com\/ar\/wp-json\/wp\/v2\/product_brand?post=17040"},{"taxonomy":"product_cat","embeddable":true,"href":"https:\/\/rahtek-dz.com\/ar\/wp-json\/wp\/v2\/product_cat?post=17040"},{"taxonomy":"product_tag","embeddable":true,"href":"https:\/\/rahtek-dz.com\/ar\/wp-json\/wp\/v2\/product_tag?post=17040"}],"curies":[{"name":"wp","href":"https:\/\/api.w.org\/{rel}","templated":true}]}}