{"id":17042,"date":"2026-02-11T12:02:36","date_gmt":"2026-02-11T11:02:36","guid":{"rendered":"https:\/\/rahtek-dz.com\/product\/scholl-liquiflex-semelles\/"},"modified":"2026-02-11T12:02:36","modified_gmt":"2026-02-11T11:02:36","slug":"scholl-liquiflex-semelles","status":"publish","type":"product","link":"https:\/\/rahtek-dz.com\/ar\/product\/scholl-liquiflex-semelles\/","title":{"rendered":"Scholl LiquiFlex Semelles"},"content":{"rendered":"<p>Les semelles LiquiFlex de la marque Scholl ont \u00e9t\u00e9\u00a0con\u00e7ues et d\u00e9velopp\u00e9es par des podologues pour apporter confort et soutien toute la journ\u00e9e. Elles\u00a0s&rsquo;adaptent activement \u00e0 la forme des pieds et \u00e0 chacun de vos mouvements. pourquoi utiliser les semelles scholl liquiflex ? Les semelles Scholl LiquiFlex ont pour but de r\u00e9duire les pressions au niveau des pieds, d&rsquo;amortir\u00a0et absorber les chocs. Elles sont\u00a0d\u00e9clin\u00e9es en deux versions : Soutien Quotidien , pour la marche et les activit\u00e9s de tous les jours ; Soutien Renforc\u00e9 , pour les personnes qui passent de longues heures debout. Ces semelles Scholl disposent d&rsquo;une technologie 5 en 1 qui les rend particuli\u00e8rement int\u00e9ressantes. Tout d&rsquo;abord, elles poss\u00e8dent un tissu de protection sup\u00e9rieur anti-odeurs qui permet de pr\u00e9venir le d\u00e9veloppement des mauvaises odeurs. Ensuite, elles sont dot\u00e9es d&rsquo;une\u00a0mousse \u00e0 m\u00e9moire de forme pour amortir les chocs, et d&rsquo;une coque sp\u00e9ciale talon et vo\u00fbte plantaire pour un soutien parfait du matin au soir. Par ailleurs, ces semelles associent les technologies GelActiv et LiquiFlex afin d&rsquo;offrir\u00a0une sensation de rebond \u00e0 chaque pas et une absorption des chocs optimale. Ainsi, les semelles Scholl LiquiFlex garantissent, par rapport \u00e0 une utilisation sans semelles : jusqu&rsquo;\u00e0 100 % d&rsquo;amortissement en plus et 60 % d&rsquo;absorption des chocs en plus pour les semelles LiquiFlex Soutien Quotidien ; jusqu&rsquo;\u00e0 150 % d&rsquo;amortissement en plus et 70 % d&rsquo;absorption des chocs en plus pour les semelles LiquiFlex Soutien Renforc\u00e9 . Retrouvez les semelles Scholl LiquiFlex sur notre pharmacie en ligne dans les pr\u00e9sentations suivantes\u00a0: Soutien Quotidien (chaussures, mocassins, bottes), en tailles S et L ; Soutien Renforc\u00e9 (chaussures de s\u00e9curit\u00e9, bottes de travail), en tailles S et L. Avis du \t\t\t\t\t\t\t                                                                                pharmacien \t\t\t\t\t\t\t                                                                                sur Scholl LiquiFlex Semelles Choisissez la taille de semelles Scholl LiquiFlex en fonction de votre pointure. La taille S correspond aux pointures du 35,5 au 40,5 ; la taille L correspond aux pointures du 41 au 46,5.  Les semelles de vos chaussures sont peut-\u00eatre amovibles, retirez-les d\u00e9licatement. Si n\u00e9cessaire, coupez l&rsquo;extr\u00e9mit\u00e9 des semelles LiquiFlex au niveau des orteils afin de les ajuster \u00e0 votre pointure, ou utilisez les semelles d&rsquo;origine de vos chaussures comme mod\u00e8le. Ins\u00e9rez les semelles avec la capsule tourn\u00e9e vers le bas. Les semelles doivent reposer \u00e0 plat. Un nouveau d\u00e9coupage peut \u00eatre n\u00e9cessaire pour un ajustement optimal. Remplacez les semelles tous les 6 mois ou si vous constatez des signes d&rsquo;usure.  Demandez conseil \u00e0 un professionnel de sant\u00e9 avant d&rsquo;utiliser ce produit si vous \u00eates diab\u00e9tique, que vous rencontrez des probl\u00e8mes de circulation sanguine ou que vous ressentez une perte de sensibilit\u00e9 dans le pied ou une pression localis\u00e9e susceptible d&rsquo;entra\u00eener des complications. Marque Scholl R\u00e9f\u00e9rence(s) 5056585800714, 5056585800721, 5056585800738, 5056585800745 Mis \u00e0 jour le : 03\/02\/2026<\/p>","protected":false},"excerpt":{"rendered":"<p>Les semelles LiquiFlex de la marque Scholl ont \u00e9t\u00e9\u00a0con\u00e7ues et d\u00e9velopp\u00e9es par des podologues pour apporter confort et soutien toute<\/p>","protected":false},"featured_media":17041,"comment_status":"open","ping_status":"closed","template":"","meta":{"_acf_changed":false},"product_brand":[],"product_cat":[275],"product_tag":[],"class_list":{"0":"post-17042","1":"product","2":"type-product","3":"status-publish","4":"has-post-thumbnail","6":"product_cat-aide-technique","8":"first","9":"instock","10":"shipping-taxable","11":"product-type-simple"},"acf":[],"df_price":"","df_sale_price":"","df_regular_price":"","df_image_link":"https:\/\/rahtek-dz.com\/wp-content\/uploads\/2026\/02\/w-501-h-501-zc-2-scholl-liquiflex-semelles-scholl16-1678186818.jpg-300x300.webp","_links":{"self":[{"href":"https:\/\/rahtek-dz.com\/ar\/wp-json\/wp\/v2\/product\/17042","targetHints":{"allow":["GET"]}}],"collection":[{"href":"https:\/\/rahtek-dz.com\/ar\/wp-json\/wp\/v2\/product"}],"about":[{"href":"https:\/\/rahtek-dz.com\/ar\/wp-json\/wp\/v2\/types\/product"}],"replies":[{"embeddable":true,"href":"https:\/\/rahtek-dz.com\/ar\/wp-json\/wp\/v2\/comments?post=17042"}],"wp:featuredmedia":[{"embeddable":true,"href":"https:\/\/rahtek-dz.com\/ar\/wp-json\/wp\/v2\/media\/17041"}],"wp:attachment":[{"href":"https:\/\/rahtek-dz.com\/ar\/wp-json\/wp\/v2\/media?parent=17042"}],"wp:term":[{"taxonomy":"product_brand","embeddable":true,"href":"https:\/\/rahtek-dz.com\/ar\/wp-json\/wp\/v2\/product_brand?post=17042"},{"taxonomy":"product_cat","embeddable":true,"href":"https:\/\/rahtek-dz.com\/ar\/wp-json\/wp\/v2\/product_cat?post=17042"},{"taxonomy":"product_tag","embeddable":true,"href":"https:\/\/rahtek-dz.com\/ar\/wp-json\/wp\/v2\/product_tag?post=17042"}],"curies":[{"name":"wp","href":"https:\/\/api.w.org\/{rel}","templated":true}]}}