{"id":17044,"date":"2026-02-11T12:02:36","date_gmt":"2026-02-11T11:02:36","guid":{"rendered":"https:\/\/rahtek-dz.com\/product\/pranarom-bio-huile-essentielle-tea-tree\/"},"modified":"2026-02-11T12:02:36","modified_gmt":"2026-02-11T11:02:36","slug":"pranarom-bio-huile-essentielle-tea-tree","status":"publish","type":"product","link":"https:\/\/rahtek-dz.com\/ar\/product\/pranarom-bio-huile-essentielle-tea-tree\/","title":{"rendered":"Pranar\u00f4m Bio Huile Essentielle Tea-Tree"},"content":{"rendered":"<p>Pranarom tea tee est une des huiles essentielles les plus connues et utilis\u00e9es, ce qui en\u00a0fait un des leaders de l&rsquo;aromath\u00e9rapie. Pranarom huile essentielle tea tree Bio Celle ci est obtenue par distillation des feuilles de\u00a0Melaleuca alternifoliaissue de l&rsquo;agriculture Biologique, elle poss\u00e8de la label HECT qui signifie qu&rsquo;elle est ch\u00e9motyp\u00e9e: les mol\u00e9cules aromatiques d\u00e9finies sont\u00a0Terpin\u00e9ol 1,4, \u03b3-terpin\u00e8ne. Pr\u00e9cautions d&#8217;emploi de l&rsquo;huile essentielle Bio de tea tree Pranarom Comme tout produit d&rsquo;aromath\u00e9rapie l&rsquo;huille essentielle Tea tree bio Pranarom doit \u00eatre tenue hors de port\u00e9e des jeunes enfants., ne pas l&rsquo;utiliser chez l&rsquo;enfant de moins de 6 ans. Ce produit est un compl\u00e9ment alimentaire qui ne se substitue pas \u00e0 une alimentation vari\u00e9e et \u00e9quilibr\u00e9e et \u00e0 un mode de vie sain. Ne pas utiliser l&rsquo;huile essentielle bio Tea tree Pranarom pendant la grossesse ou l&rsquo;allaitement. Pr\u00e9sentation propos\u00e9e par votre pharmacie en ligne Pranarom huille essentielle tea tree Bio flacon avec boucon compte goutte 10ml Avis du \t\t\t\t\t\t\t                                                                                pharmacien \t\t\t\t\t\t\t                                                                                sur Pranar\u00f4m Bio Huile Essentielle Tea-Tree Voie cutan\u00e9e : 3 \u00e0 4 gouttes d&rsquo;huile essentielle en massage sur la peau,\u00a0r\u00e9p\u00e9t\u00e9 3 fois par jour pendant 5 \u00e0 6 jours.  De mani\u00e8re compl\u00e9mentaire, il est possible de prendre 3 gouttes par voie orale,\u00a0dans du miel, de l\u2019huile d\u2019olive ou sur un sucre de canne, sous la langue,\u00a0pendant 5 \u00e0 7 jours.  Diffusion a\u00e9rienne. Marque Pranarom R\u00e9f\u00e9rence(s) 5420008524509, 5420008528132 BIO BIO Mis \u00e0 jour le : 26\/12\/2025<\/p>","protected":false},"excerpt":{"rendered":"<p>Pranarom tea tee est une des huiles essentielles les plus connues et utilis\u00e9es, ce qui en\u00a0fait un des leaders de<\/p>","protected":false},"featured_media":17043,"comment_status":"open","ping_status":"closed","template":"","meta":{"_acf_changed":false},"product_brand":[],"product_cat":[275],"product_tag":[],"class_list":{"0":"post-17044","1":"product","2":"type-product","3":"status-publish","4":"has-post-thumbnail","6":"product_cat-aide-technique","8":"first","9":"instock","10":"shipping-taxable","11":"product-type-simple"},"acf":[],"df_price":"","df_sale_price":"","df_regular_price":"","df_image_link":"https:\/\/rahtek-dz.com\/wp-content\/uploads\/2026\/02\/w-501-h-501-zc-2-pranarom-bio-huile-essentielle-tea-tree-pranarom2-1740124860.jpg-300x300.webp","_links":{"self":[{"href":"https:\/\/rahtek-dz.com\/ar\/wp-json\/wp\/v2\/product\/17044","targetHints":{"allow":["GET"]}}],"collection":[{"href":"https:\/\/rahtek-dz.com\/ar\/wp-json\/wp\/v2\/product"}],"about":[{"href":"https:\/\/rahtek-dz.com\/ar\/wp-json\/wp\/v2\/types\/product"}],"replies":[{"embeddable":true,"href":"https:\/\/rahtek-dz.com\/ar\/wp-json\/wp\/v2\/comments?post=17044"}],"wp:featuredmedia":[{"embeddable":true,"href":"https:\/\/rahtek-dz.com\/ar\/wp-json\/wp\/v2\/media\/17043"}],"wp:attachment":[{"href":"https:\/\/rahtek-dz.com\/ar\/wp-json\/wp\/v2\/media?parent=17044"}],"wp:term":[{"taxonomy":"product_brand","embeddable":true,"href":"https:\/\/rahtek-dz.com\/ar\/wp-json\/wp\/v2\/product_brand?post=17044"},{"taxonomy":"product_cat","embeddable":true,"href":"https:\/\/rahtek-dz.com\/ar\/wp-json\/wp\/v2\/product_cat?post=17044"},{"taxonomy":"product_tag","embeddable":true,"href":"https:\/\/rahtek-dz.com\/ar\/wp-json\/wp\/v2\/product_tag?post=17044"}],"curies":[{"name":"wp","href":"https:\/\/api.w.org\/{rel}","templated":true}]}}