{"id":17046,"date":"2026-02-11T12:02:36","date_gmt":"2026-02-11T11:02:36","guid":{"rendered":"https:\/\/rahtek-dz.com\/product\/arete-de-poisson-pour-masque\/"},"modified":"2026-02-11T12:02:36","modified_gmt":"2026-02-11T11:02:36","slug":"arete-de-poisson-pour-masque","status":"publish","type":"product","link":"https:\/\/rahtek-dz.com\/ar\/product\/arete-de-poisson-pour-masque\/","title":{"rendered":"Ar\u00eate de Poisson pour Masque"},"content":{"rendered":"<p>Facilitez-vous la vie et rendez le port du masque chirurgical plus supportable gr\u00e2ce \u00e0 l&rsquo;ar\u00eate de poisson pour masque, un accessoire simple et pratique. Avec cette ar\u00eate de poisson con\u00e7ue par FFDev, votre masque jetable est d\u00e9sormais compl\u00e9t\u00e9 par un dispositif facile \u00e0 utiliser et permettant de bien le maintenir en place. En outre, l&rsquo; ar\u00eate de poisson pour masque vous permet \u00e9galement de disposer d&rsquo;une grande vari\u00e9t\u00e9 de r\u00e9glages pour la mise en place du masque, limitant ainsi les tensions ou les frottements autour des oreilles notamment. L&rsquo;ar\u00eate de poisson pour masque convient pour une utilisation en milieu m\u00e9dical , dans la cosm\u00e9tique, mais r\u00e9pond aussi aux crit\u00e8res d&rsquo;utilisation en milieu alimentaire. Quels sont les avantages de l&rsquo;ar\u00eate de poisson pour masque jetable ? L&rsquo; ar\u00eate de poisson pour masque est un accessoire \u00e9conomique \u00e0 la port\u00e9e de toutes et tous, et dont la fabrication est \u00e9co-responsable : il est en effet r\u00e9utilisable, vous pouvez facilement le nettoyer avec de l\u2019alcool ou en machine \u00e0 laver avec vos masques lavables par exemple. Cette ar\u00eate de poisson est un accessoire pour masque m\u00e9dical qui s&rsquo;adresse \u00e0 toute personne devant porter un masque pendant de longues p\u00e9riodes (notamment pendant la pand\u00e9mie de Covid-19 ), et \/ ou souffrant des tensions qu&rsquo;il peut exercer sur les oreilles. Elle est \u00e0 la fois l\u00e9g\u00e8re et r\u00e9sistante gr\u00e2ce \u00e0 sa conception en mousse de poly\u00e9thyl\u00e8ne haute densit\u00e9 (coloris : blanc) qui r\u00e9siste bien aux d\u00e9chirures. L&rsquo;ar\u00eate de poisson pour masque est par ailleurs enti\u00e8rement recyclable. Elle pr\u00e9sente \u00e9galement l&rsquo;avantage de positionner le masque plus bas qu&rsquo;en utilisant les \u00e9lastiques autour des oreilles, ce qui r\u00e9duit la bu\u00e9e pour les porteuses et porteurs de lunettes tout en plaquant bien le masque sur le visage. L&rsquo;ar\u00eate de poisson pour masque est disponible \u00e0 l&rsquo;unit\u00e9 sur notre pharmacie en ligne. Avis du \t\t\t\t\t\t\t                                                                                pharmacien \t\t\t\t\t\t\t                                                                                sur Ar\u00eate de Poisson pour Masque L&rsquo;ar\u00eate de poisson pour masque convient aussi bien pour les adultes que pour les enfants, et sa souplesse lui permet de s\u2019adapter \u00e0 toutes les morphologies de cr\u00e2ne.  \u00a0Elle est \u00e9galement ajustable en un coup de ciseaux si besoin. Marque Autre R\u00e9f\u00e9rence(s) 2000090026520 Mis \u00e0 jour le : 12\/12\/2025<\/p>","protected":false},"excerpt":{"rendered":"<p>Facilitez-vous la vie et rendez le port du masque chirurgical plus supportable gr\u00e2ce \u00e0 l&rsquo;ar\u00eate de poisson pour masque, un<\/p>","protected":false},"featured_media":17045,"comment_status":"open","ping_status":"closed","template":"","meta":{"_acf_changed":false},"product_brand":[],"product_cat":[275],"product_tag":[],"class_list":{"0":"post-17046","1":"product","2":"type-product","3":"status-publish","4":"has-post-thumbnail","6":"product_cat-aide-technique","8":"first","9":"instock","10":"shipping-taxable","11":"product-type-simple"},"acf":[],"df_price":"","df_sale_price":"","df_regular_price":"","df_image_link":"https:\/\/rahtek-dz.com\/wp-content\/uploads\/2026\/02\/w-501-h-501-zc-2-arete-de-poisson-pour-masque-autre-2-1640189236.jpg-300x300.webp","_links":{"self":[{"href":"https:\/\/rahtek-dz.com\/ar\/wp-json\/wp\/v2\/product\/17046","targetHints":{"allow":["GET"]}}],"collection":[{"href":"https:\/\/rahtek-dz.com\/ar\/wp-json\/wp\/v2\/product"}],"about":[{"href":"https:\/\/rahtek-dz.com\/ar\/wp-json\/wp\/v2\/types\/product"}],"replies":[{"embeddable":true,"href":"https:\/\/rahtek-dz.com\/ar\/wp-json\/wp\/v2\/comments?post=17046"}],"wp:featuredmedia":[{"embeddable":true,"href":"https:\/\/rahtek-dz.com\/ar\/wp-json\/wp\/v2\/media\/17045"}],"wp:attachment":[{"href":"https:\/\/rahtek-dz.com\/ar\/wp-json\/wp\/v2\/media?parent=17046"}],"wp:term":[{"taxonomy":"product_brand","embeddable":true,"href":"https:\/\/rahtek-dz.com\/ar\/wp-json\/wp\/v2\/product_brand?post=17046"},{"taxonomy":"product_cat","embeddable":true,"href":"https:\/\/rahtek-dz.com\/ar\/wp-json\/wp\/v2\/product_cat?post=17046"},{"taxonomy":"product_tag","embeddable":true,"href":"https:\/\/rahtek-dz.com\/ar\/wp-json\/wp\/v2\/product_tag?post=17046"}],"curies":[{"name":"wp","href":"https:\/\/api.w.org\/{rel}","templated":true}]}}