{"id":17048,"date":"2026-02-11T12:02:36","date_gmt":"2026-02-11T11:02:36","guid":{"rendered":"https:\/\/rahtek-dz.com\/product\/tronothane-1-gel\/"},"modified":"2026-02-11T12:02:36","modified_gmt":"2026-02-11T11:02:36","slug":"tronothane-1-gel","status":"publish","type":"product","link":"https:\/\/rahtek-dz.com\/ar\/product\/tronothane-1-gel\/","title":{"rendered":"Tronothane 1% Gel"},"content":{"rendered":"<p>Tronothane 1% Gel 30 g est un m\u00e9dicament sous forme de gel anesth\u00e9siant, g\u00e9n\u00e9ralement conseill\u00e9 pour les personnes souffrant de crises h\u00e9morro\u00efdaires. Utilis\u00e9 en application local, le gel Tronothane 1% permet de traiter les sympt\u00f4mes des manifestations douloureuses et prurigineuses anales (sensations de d\u00e9mangeaison), en particulier au cours d&rsquo;une crise h\u00e9morro\u00efdaire. Le recours \u00e0 Tronothane 1% peut \u00e9galement \u00eatre envisag\u00e9 comme traitement d&rsquo;appoint durant certains examens endoscopiques par voie rectale notamment. Utilisation de Tronothane 1% Le gel Tronothane 1% peut \u00eatre utilis\u00e9 en application directe avec la canule ou \u00e0 l&rsquo;aide d&rsquo;une compresse. Dans le cas de crises h\u00e9morro\u00efdaires, appliquez le gel une fois le matin et une fois le soir sur la r\u00e9gion douloureuse. Pour un examen endoscopique, appliquez Tronothane 1% avant l&rsquo;examen. Le gel Tronothane 1% s&rsquo;utilise en application locale et par voie rectale uniquement. Pr\u00e9sentation de Tronothane 1% : gel pour application locale dos\u00e9 \u00e0 1\u00a0% en pramocaine, tube avec canule de 30\u00a0g. Guides \t\t\t\t\t\t                                                                                      de Tronothane 1% Gel Sant\u00e9 Les h\u00e9morro\u00efdes et leurs m\u00e9dicaments Les h\u00e9morro\u00efdes sont des petits \u00e9l\u00e9ments sanguins qui apparaissent sous formes de lacs associ\u00e9s \u00e0 des &#8230; Marque Biocodex R\u00e9f\u00e9rence(s) 3400931087267 Forme gal\u00e9nique gel pour application locale Mol\u00e9cules eau purifi\u00e9e &#8211; pramoca\u00efne chlorhydrate (10.0 mg) &#8211; hypromellose &#8211; propyl\u00e8neglycol Substance Active pramoca\u00efne chlorhydrate Excipient hypromellose &#8211; eau purifi\u00e9e Excipient \u00e0 effet notoire propyl\u00e8neglycol Indications Prurit &#8211; H\u00e9morro\u00efdes &#8211; Anite, h\u00e9morro\u00efdes et fissure anale &#8211; Anesth\u00e9sie locale Mis \u00e0 jour le : 14\/04\/2025<\/p>","protected":false},"excerpt":{"rendered":"<p>Tronothane 1% Gel 30 g est un m\u00e9dicament sous forme de gel anesth\u00e9siant, g\u00e9n\u00e9ralement conseill\u00e9 pour les personnes souffrant de<\/p>","protected":false},"featured_media":17047,"comment_status":"open","ping_status":"closed","template":"","meta":{"_acf_changed":false},"product_brand":[],"product_cat":[275],"product_tag":[],"class_list":{"0":"post-17048","1":"product","2":"type-product","3":"status-publish","4":"has-post-thumbnail","6":"product_cat-aide-technique","8":"first","9":"instock","10":"shipping-taxable","11":"product-type-simple"},"acf":[],"df_price":"","df_sale_price":"","df_regular_price":"","df_image_link":"https:\/\/rahtek-dz.com\/wp-content\/uploads\/2026\/02\/w-501-h-501-zc-2-tronothane-1-gel-30-g-autre4-1712320685.jpg-300x300.webp","_links":{"self":[{"href":"https:\/\/rahtek-dz.com\/ar\/wp-json\/wp\/v2\/product\/17048","targetHints":{"allow":["GET"]}}],"collection":[{"href":"https:\/\/rahtek-dz.com\/ar\/wp-json\/wp\/v2\/product"}],"about":[{"href":"https:\/\/rahtek-dz.com\/ar\/wp-json\/wp\/v2\/types\/product"}],"replies":[{"embeddable":true,"href":"https:\/\/rahtek-dz.com\/ar\/wp-json\/wp\/v2\/comments?post=17048"}],"wp:featuredmedia":[{"embeddable":true,"href":"https:\/\/rahtek-dz.com\/ar\/wp-json\/wp\/v2\/media\/17047"}],"wp:attachment":[{"href":"https:\/\/rahtek-dz.com\/ar\/wp-json\/wp\/v2\/media?parent=17048"}],"wp:term":[{"taxonomy":"product_brand","embeddable":true,"href":"https:\/\/rahtek-dz.com\/ar\/wp-json\/wp\/v2\/product_brand?post=17048"},{"taxonomy":"product_cat","embeddable":true,"href":"https:\/\/rahtek-dz.com\/ar\/wp-json\/wp\/v2\/product_cat?post=17048"},{"taxonomy":"product_tag","embeddable":true,"href":"https:\/\/rahtek-dz.com\/ar\/wp-json\/wp\/v2\/product_tag?post=17048"}],"curies":[{"name":"wp","href":"https:\/\/api.w.org\/{rel}","templated":true}]}}