{"id":17050,"date":"2026-02-11T12:02:37","date_gmt":"2026-02-11T11:02:37","guid":{"rendered":"https:\/\/rahtek-dz.com\/product\/thermcool-hot-poche-de-gel\/"},"modified":"2026-02-11T12:02:37","modified_gmt":"2026-02-11T11:02:37","slug":"thermcool-hot-poche-de-gel","status":"publish","type":"product","link":"https:\/\/rahtek-dz.com\/ar\/product\/thermcool-hot-poche-de-gel\/","title":{"rendered":"\u0643\u064a\u0633 \u062c\u0644 \u062b\u064a\u0631\u0645 \u0643\u0648\u0644 \u0648\u0633\u0627\u062e\u0646"},"content":{"rendered":"<p>La poche de gel ThermCool &#038; Hot est un coussin thermique qui aide \u00e0 soulager la douleur par la thermoth\u00e9rapie , c&rsquo;est-\u00e0-dire par le chaud ou le froid selon le besoin. C&rsquo;est un accessoire simple d&rsquo;utilisation et r\u00e9utilisable. poche de gel thermcool &#038; hot : les bienfaits de la thermoth\u00e9rapie La thermoth\u00e9rapie fait partie des m\u00e9thodes non m\u00e9dicamenteuses pour soulager les douleurs, qu&rsquo;elles soient d&rsquo;origine traumatique, musculaire ou articulaire. ThermCool &#038; Hot est une poche chaud\/froid qui peut \u00eatre utilis\u00e9e par les particuliers en\u00a0cas de douleurs articulaires ou musculaires, ainsi que pour les premiers soins lors des blessures sportives. A chaud, cette poche de gel exerce une action d\u00e9contractante et est indiqu\u00e9e dans des situations telles que le lumbago, le torticolis, les rhumatismes ou l&rsquo;hypothermie. A froid, elle procure un effet anesth\u00e9siant et convient pour les h\u00e9matomes, les entorses, les traumatismes et l&rsquo;hyperthermie. les diff\u00e9rents mod\u00e8les de la poche de gel thermcool &#038; hot La poche de gel ThermCool &#038; Hot est propos\u00e9e en plusieurs versions : ThermCool &#038; Hot Multi-Zones a une forme rectangulaire\u00a0et peut, comme son nom l&rsquo;indique, \u00eatre appliqu\u00e9e sur toutes les parties du corps qui pr\u00e9sentent une douleur. Le format Multi-Zones Pocket assure les m\u00eames fonctions mais peut se glisser plus facilement dans un sac de sport ou une trousse de secours. ThermCool &#038; Hot Flex Plus dispose de trois compartiments et offre une grande flexibilit\u00e9. ThermCool &#038; Hot Grand Mod\u00e8le est id\u00e9al pour les zones \u00e9tendues. Cette version est fournie avec une housse dot\u00e9e d&rsquo;une sangle de 70 cm de longueur pour un maintien optimal de la poche de gel sur la zone douloureuse. ThermCool &#038; Hot Dentaire permet d&rsquo;\u00eatre soulag\u00e9 en cas de maux de dents ou d&rsquo;inconfort li\u00e9 \u00e0 un appareil orthodontique, apr\u00e8s une extraction dentaire ou une intervention chirurgicale. Cette version dispose de 2 poches thermiques et d&rsquo;une housse de taille ajustable. ThermCool &#038; Hot Masque oculaire est conseill\u00e9 pour les yeux gonfl\u00e9s, les poches et les cernes, les dysfonctionnements meibomiens (dysfonctionnement des glandes de Meibomius), et en post-chirurgie des paupi\u00e8res. Ce masque oculaire thermique poss\u00e8de une sangle pour permettre un ajustement optimal. ThermCool &#038; Hot Kids est une poche de gel sp\u00e9cialement cr\u00e9\u00e9e pour les enfants. En version Dragon ou L\u00e9opard, elle soulage les petits bobos tels que les coups, bleus, bosses et gonflements. Elle est fournie avec une sangle \u00e9lastique pour un bon maintien sur la zone \u00e0 traiter. Avis du \t\t\t\t\t\t\t                                                                                pharmacien \t\t\t\t\t\t\t                                                                                sur ThermCool &#038; Hot Poche de Gel Pour une utilisation de la poche ThermCool &#038; Hot \u00e0 froid, placez-la au moins 1h30\/2h au cong\u00e9lateur. Vous pouvez ensuite l&rsquo;appliquer directement sur la zone douloureuse, ou au d\u00e9but par pr\u00e9caution sur un tissu.  Pour un usage \u00e0 chaud, 2 options s&rsquo;offrent \u00e0 vous : \u00e0 l&rsquo;eau : plongez la poche de gel dans l&rsquo;eau bouillante au maximum 5 minutes. Retirez-la de l&rsquo;eau et s\u00e9chez-la. Vous pouvez l&rsquo;appliquer directement sur la zone douloureuse, ou au d\u00e9but par pr\u00e9caution sur un tissu. Testez la temp\u00e9rature de la poche avant de l&rsquo;appliquer sur votre peau. au micro-ondes : placez la poche ThermCool &#038; Hot dans le four \u00e0 micro-ondes \u00e0 650 W pendant 1,5 minutes au maximum. Retirez la poche et secouez-la afin de r\u00e9partir uniform\u00e9ment la chaleur. Vous pouvez appliquer la poche directement sur la zone douloureuse, ou au d\u00e9but par pr\u00e9caution sur un tissu. Marque Therm Cool R\u00e9f\u00e9rence(s) 3614790000996, 3614790001009, 3614790001016, 3614790001023, 3614790001306, 3614790001313, 3614790001320, 3614790001337 Mis \u00e0 jour le : 13\/01\/2026<\/p>","protected":false},"excerpt":{"rendered":"<p>La poche de gel ThermCool &#038; Hot est un coussin thermique qui aide \u00e0 soulager la douleur par la thermoth\u00e9rapie<\/p>","protected":false},"featured_media":17049,"comment_status":"open","ping_status":"closed","template":"","meta":{"_acf_changed":false},"product_brand":[],"product_cat":[275],"product_tag":[],"class_list":{"0":"post-17050","1":"product","2":"type-product","3":"status-publish","4":"has-post-thumbnail","6":"product_cat-aide-technique","8":"first","9":"instock","10":"shipping-taxable","11":"product-type-simple"},"acf":[],"df_price":"","df_sale_price":"","df_regular_price":"","df_image_link":"https:\/\/rahtek-dz.com\/wp-content\/uploads\/2026\/02\/w-501-h-501-zc-2-thermcool-hot-poche-de-gel-bausch-and-lomb25-1744032531.jpg-300x300.webp","_links":{"self":[{"href":"https:\/\/rahtek-dz.com\/ar\/wp-json\/wp\/v2\/product\/17050","targetHints":{"allow":["GET"]}}],"collection":[{"href":"https:\/\/rahtek-dz.com\/ar\/wp-json\/wp\/v2\/product"}],"about":[{"href":"https:\/\/rahtek-dz.com\/ar\/wp-json\/wp\/v2\/types\/product"}],"replies":[{"embeddable":true,"href":"https:\/\/rahtek-dz.com\/ar\/wp-json\/wp\/v2\/comments?post=17050"}],"wp:featuredmedia":[{"embeddable":true,"href":"https:\/\/rahtek-dz.com\/ar\/wp-json\/wp\/v2\/media\/17049"}],"wp:attachment":[{"href":"https:\/\/rahtek-dz.com\/ar\/wp-json\/wp\/v2\/media?parent=17050"}],"wp:term":[{"taxonomy":"product_brand","embeddable":true,"href":"https:\/\/rahtek-dz.com\/ar\/wp-json\/wp\/v2\/product_brand?post=17050"},{"taxonomy":"product_cat","embeddable":true,"href":"https:\/\/rahtek-dz.com\/ar\/wp-json\/wp\/v2\/product_cat?post=17050"},{"taxonomy":"product_tag","embeddable":true,"href":"https:\/\/rahtek-dz.com\/ar\/wp-json\/wp\/v2\/product_tag?post=17050"}],"curies":[{"name":"wp","href":"https:\/\/api.w.org\/{rel}","templated":true}]}}