{"id":17052,"date":"2026-02-11T12:02:37","date_gmt":"2026-02-11T11:02:37","guid":{"rendered":"https:\/\/rahtek-dz.com\/product\/bronchokod-sirop-toux-grasse\/"},"modified":"2026-02-11T12:02:37","modified_gmt":"2026-02-11T11:02:37","slug":"bronchokod-sirop-toux-grasse","status":"publish","type":"product","link":"https:\/\/rahtek-dz.com\/ar\/product\/bronchokod-sirop-toux-grasse\/","title":{"rendered":"\u0634\u0631\u0627\u0628 \u0628\u0631\u0648\u0646\u0643\u0648\u0643\u0648\u062f \u0644\u0644\u0633\u0639\u0627\u0644 \u0627\u0644\u0635\u062f\u0631\u064a"},"content":{"rendered":"<p>Le Sirop toux grasse Bronchokod est un m\u00e9dicament \u00e0 base de carbocist\u00e9ine , utilis\u00e9 dans le traitement de la toux grasse chez l\u2019adulte , ou chez l&rsquo;enfant afin de fluidifier les s\u00e9cr\u00e9tions bronchiques et de faciliter l\u2019expectoration. UTILISATION Du sirop pour la toux grasse\u00a0BRONCHOKOD Le sirop\u00a0Bronchokod est un fluidifiant des s\u00e9cr\u00e9tions &#8211; ou mucosit\u00e9s &#8211; pr\u00e9sentes dans les bronches en cas d&rsquo;affection respiratoire r\u00e9cente avec difficult\u00e9 d&rsquo;expectoration . Ce m\u00e9dicament permet de faciliter l&rsquo;\u00e9vacuation de ces s\u00e9cr\u00e9tions bronchiques par la toux. Pharmacie des Drakkars propose \u00e9galement le g\u00e9n\u00e9rique Carbocist\u00e9ine 5% , ainsi qu&rsquo; Ambroxol , en sirop et en comprim\u00e9s. Le principe actif du sirop pour enfants\u00a0Bronchokod\u00a0est la\u00a0carbocist\u00e9ine, dos\u00e9e \u00e0 2 grammes pour 100 ml de sirop. Il est donc utilis\u00e9 dans les \u00e9pisodes de toux grasse avec difficult\u00e9 \u00e0 cracher, notamment lors des bronchites aigu\u00ebs. Pr\u00e9sentations propos\u00e9es par votre pharmacie en ligne : Bronchokod sirop adulte 5% &#8211; flacon de 250ml sans sucre ; Bronchokod sirop enfant 2% &#8211; flacon de 125ml. Avis du \t\t\t\t\t\t\t                                                                                pharmacien \t\t\t\t\t\t\t                                                                                sur Bronchokod Sirop Toux Grasse Le m\u00e9dicament pour la toux grasse Bronchokod 5% est indiqu\u00e9 chez l&rsquo;adulte et l&rsquo;adolescent de plus de 15 ans en cas d&rsquo;affection respiratoire r\u00e9cente avec difficult\u00e9 d&rsquo;expectoration (difficult\u00e9 \u00e0 rejeter en crachant les s\u00e9cr\u00e9tions bronchiques).  Bronchokod 2% est quant \u00e0 lui utilis\u00e9 pour les enfants \u00e0 partir de 2 ans. COMMENT UTILISER LE M\u00c9DICAMENT BRONCHOKOD POUR SOIGNER LA TOUX GRASSE ? Pr\u00e9cautions d\u2019emploi et posologie : Adultes Le sirop toux grasse Bronchokod existe c hez l&rsquo;adulte : carboci st\u00e9ine 5% en flacon avec ou sans sucre, ou en sachets. Le sirop Bronchokod adulte est r\u00e9serv\u00e9 \u00e0 l&rsquo;adulte et \u00e0 l&rsquo;adolescent de plus de 15 ans, il s&rsquo;utilise \u00e0 raison de 1 cuill\u00e8re \u00e0 soupe de 15 ml contient 750 mg de carbocist\u00e9ine. La posologie usuelle est de 750 mg par prise \u00e0 raison de 3 prises par jour , soit 1 cuill\u00e8re \u00e0 soupe (15 ml) 3 fois par jour.  La dur\u00e9e de traitement doit \u00eatre br\u00e8ve et ne pas exc\u00e9der 5 jours . Enfants Le dosage de\u00a0Bronchokod\u00a0doit \u00eatre adapt\u00e9 en fonction de l&rsquo;\u00e2ge de votre enfant : Enfants de plus de 5 ans : une cuill\u00e8re-mesure (soit 5 ml), 3 fois par jour. Enfants de 2 \u00e0 5 ans : une cuill\u00e8re-mesure (soit 5 ml), 2 fois par jour. Contre-indications du sirop pour toux grasse Bronchokod : L&rsquo;effet du sirop toux grasse Bronchokod pendant la grossesse ou l&rsquo;allaitement est mal connu. Par prudence, son usage est d\u00e9conseill\u00e9 chez la femme enceinte ou chez celle qui allaite .  Ce m\u00e9dicament ne doit pas \u00eatre utilis\u00e9 chez l&rsquo;enfant de moins de 2 ans Effets secondaires possibles : Comme tout m\u00e9dicament, Bronchokod\u00a0est susceptible de provoquer des effets secondaires qui ne se produisent pas syst\u00e9matiquement : Douleurs d&rsquo;estomac, naus\u00e9es, diarrh\u00e9e, pouvant n\u00e9cessiter une r\u00e9duction des doses. Saignement du tube digestif n\u00e9cessitant l&rsquo;arr\u00eat du traitement ; R\u00e9action allergique cutan\u00e9e (d\u00e9mangeaisons, \u00e9ruption cutan\u00e9e, urticaire&#8230;) ; Exceptionnellement : \u00e9ruption cutan\u00e9e bulleuse potentiellement grave. Quand utiliser le sirop pour la toux grasse Bronchokod ? La solution Bronchokod sirop toux grasse ne peut \u00eatre utilis\u00e9 en cas de bronchite chronique que sur avis m\u00e9dical.  N&rsquo;utilisez pas d&rsquo;antitussif en plus de ce m\u00e9dicament sans l&rsquo;avis de votre m\u00e9decin ou de votre pharmacien.  Si les s\u00e9cr\u00e9tions persistent au-del\u00e0 de quelques jours, si elles se colorent ou si vous avez de la fi\u00e8vre, consultez votre m\u00e9decin.  Des pr\u00e9cautions sont n\u00e9cessaires chez la personne \u00e2g\u00e9e, chez les personnes ayant un ant\u00e9c\u00e9dent d&rsquo;ulc\u00e8re de l&rsquo;estomac ou du duod\u00e9num ou en cas d&rsquo;association avec un m\u00e9dicament susceptible de provoquer un saignement du tube digestif.  Ce sirop toux grasse pour adultes contient du sucre (saccharose) en quantit\u00e9 notable. Marque EG Labo R\u00e9f\u00e9rence(s) 3400930091173, 3400935502506 Ancienne(s) d\u00e9signation(s) produit 3400941520372 Forme gal\u00e9nique sirop Excipient \u00e0 effet notoire sodium &#8211; saccharose &#8211; p-hydroxybenzoate de m\u00e9thyle Excipient sodium hydroxyde &#8211; eau purifi\u00e9e &#8211; caramel ar\u00f4me Substance Active carbocist\u00e9ine Mol\u00e9cules sodium hydroxyde &#8211; sodium &#8211; saccharose &#8211; p-hydroxybenzoate de m\u00e9thyle &#8211; eau purifi\u00e9e &#8211; carbocist\u00e9ine (50.0 mg) &#8211; caramel ar\u00f4me Indications Troubles de la s\u00e9cr\u00e9tion bronchique &#8211; Toux &#8211; Bronchite aigu\u00eb Aromatisant caramel ar\u00f4me Mis \u00e0 jour le : 27\/01\/2026<\/p>","protected":false},"excerpt":{"rendered":"<p>Le Sirop toux grasse Bronchokod est un m\u00e9dicament \u00e0 base de carbocist\u00e9ine , utilis\u00e9 dans le traitement de la toux<\/p>","protected":false},"featured_media":17051,"comment_status":"open","ping_status":"closed","template":"","meta":{"_acf_changed":false},"product_brand":[],"product_cat":[275],"product_tag":[],"class_list":{"0":"post-17052","1":"product","2":"type-product","3":"status-publish","4":"has-post-thumbnail","6":"product_cat-aide-technique","8":"first","9":"instock","10":"shipping-taxable","11":"product-type-simple"},"acf":[],"df_price":"","df_sale_price":"","df_regular_price":"","df_image_link":"https:\/\/rahtek-dz.com\/wp-content\/uploads\/2026\/02\/w-501-h-501-zc-2-bronchokod-sirop-toux-grasse-eg-labo6-1751633457.jpg-300x300.webp","_links":{"self":[{"href":"https:\/\/rahtek-dz.com\/ar\/wp-json\/wp\/v2\/product\/17052","targetHints":{"allow":["GET"]}}],"collection":[{"href":"https:\/\/rahtek-dz.com\/ar\/wp-json\/wp\/v2\/product"}],"about":[{"href":"https:\/\/rahtek-dz.com\/ar\/wp-json\/wp\/v2\/types\/product"}],"replies":[{"embeddable":true,"href":"https:\/\/rahtek-dz.com\/ar\/wp-json\/wp\/v2\/comments?post=17052"}],"wp:featuredmedia":[{"embeddable":true,"href":"https:\/\/rahtek-dz.com\/ar\/wp-json\/wp\/v2\/media\/17051"}],"wp:attachment":[{"href":"https:\/\/rahtek-dz.com\/ar\/wp-json\/wp\/v2\/media?parent=17052"}],"wp:term":[{"taxonomy":"product_brand","embeddable":true,"href":"https:\/\/rahtek-dz.com\/ar\/wp-json\/wp\/v2\/product_brand?post=17052"},{"taxonomy":"product_cat","embeddable":true,"href":"https:\/\/rahtek-dz.com\/ar\/wp-json\/wp\/v2\/product_cat?post=17052"},{"taxonomy":"product_tag","embeddable":true,"href":"https:\/\/rahtek-dz.com\/ar\/wp-json\/wp\/v2\/product_tag?post=17052"}],"curies":[{"name":"wp","href":"https:\/\/api.w.org\/{rel}","templated":true}]}}