{"id":17054,"date":"2026-02-11T12:02:37","date_gmt":"2026-02-11T11:02:37","guid":{"rendered":"https:\/\/rahtek-dz.com\/product\/cattier-soin-levres-anti-age-lissant-bio\/"},"modified":"2026-02-11T12:02:37","modified_gmt":"2026-02-11T11:02:37","slug":"cattier-soin-levres-anti-age-lissant-bio","status":"publish","type":"product","link":"https:\/\/rahtek-dz.com\/ar\/product\/cattier-soin-levres-anti-age-lissant-bio\/","title":{"rendered":"Cattier Soin L\u00e8vres Anti-Age Lissant Bio"},"content":{"rendered":"<p>Le soin l\u00e8vres anti-\u00e2ge lissant propos\u00e9 par la marque Cattier est un produit certifi\u00e9 bio et destin\u00e9 aux personnes qui souhaitent pr\u00e9server la jeunesse de leur bouche. Il contient, entre autres actifs, des huiles d&rsquo;olive et de baobab. propri\u00e9t\u00e9s du soin l\u00e8vres anti-\u00e2ge cattier Ce stick l\u00e8vres anti-\u00e2ge permet d&rsquo;hydrater mais surtout de lisser les l\u00e8vres . Il offre \u00e9galement une action adoucissante, contribue \u00e0 prot\u00e9ger les l\u00e8vres des agressions ext\u00e9rieures (vent, froid, pollution&#8230;) et leur apporte un confort imm\u00e9diat. La formule du soin l\u00e8vres anti-\u00e2ge Cattier est enrichie en cire d&rsquo;abeille, huiles v\u00e9g\u00e9tales (olive, baobab, jojoba et ricin) et beurre de mangue. Ces ingr\u00e9dients ont \u00e9t\u00e9 s\u00e9lectionn\u00e9s pour leur richesses en acides gras et leur vertus nourrissantes, adoucissantes et r\u00e9g\u00e9n\u00e9rantes. Ils sont associ\u00e9s \u00e0 un actif anti-\u00e2ge, Sepilift DHP,\u00a0qui permet de lisser les ridules , redensifier les l\u00e8vres et les rendre plus fermes. Dot\u00e9 d&rsquo;une texture onctueuse, ce stick l\u00e8vres Cattier glisse sur les l\u00e8vres et poss\u00e8de un l\u00e9ger go\u00fbt aux notes sucr\u00e9es et vanill\u00e9es qui permet d&rsquo;allier soin et gourmandise. Caract\u00e9ristiques : Labellis\u00e9 Cosmebio Certifi\u00e9 Ecocert Cosmos Organic Fabriqu\u00e9 en France Pr\u00e9sentation disponible pour le soin l\u00e8vres anti-\u00e2ge Cattier sur notre pharmacie en ligne : Stick de 4 g Avis du \t\t\t\t\t\t\t                                                                                pharmacien \t\t\t\t\t\t\t                                                                                sur Cattier Soin L\u00e8vres Anti-Age Lissant Bio Utilisez le soin l\u00e8vres anti-\u00e2ge lissant Cattier au quotidien, plusieurs fois par jour si besoin. Appliquez le soin directement \u00e0 l&rsquo;aide du stick, en couche fine. Conservez le produit \u00e0 l&rsquo;abri de la chaleur. Marque Cattier R\u00e9f\u00e9rence(s) 3283950920810 Mis \u00e0 jour le : 07\/02\/2026<\/p>","protected":false},"excerpt":{"rendered":"<p>Le soin l\u00e8vres anti-\u00e2ge lissant propos\u00e9 par la marque Cattier est un produit certifi\u00e9 bio et destin\u00e9 aux personnes qui<\/p>","protected":false},"featured_media":17053,"comment_status":"open","ping_status":"closed","template":"","meta":{"_acf_changed":false},"product_brand":[],"product_cat":[275],"product_tag":[],"class_list":{"0":"post-17054","1":"product","2":"type-product","3":"status-publish","4":"has-post-thumbnail","6":"product_cat-aide-technique","8":"first","9":"instock","10":"shipping-taxable","11":"product-type-simple"},"acf":[],"df_price":"","df_sale_price":"","df_regular_price":"","df_image_link":"https:\/\/rahtek-dz.com\/wp-content\/uploads\/2026\/02\/w-501-h-501-zc-2-3283950920810-ld-0031-front-6368ed3f6915a.jpg-300x300.webp","_links":{"self":[{"href":"https:\/\/rahtek-dz.com\/ar\/wp-json\/wp\/v2\/product\/17054","targetHints":{"allow":["GET"]}}],"collection":[{"href":"https:\/\/rahtek-dz.com\/ar\/wp-json\/wp\/v2\/product"}],"about":[{"href":"https:\/\/rahtek-dz.com\/ar\/wp-json\/wp\/v2\/types\/product"}],"replies":[{"embeddable":true,"href":"https:\/\/rahtek-dz.com\/ar\/wp-json\/wp\/v2\/comments?post=17054"}],"wp:featuredmedia":[{"embeddable":true,"href":"https:\/\/rahtek-dz.com\/ar\/wp-json\/wp\/v2\/media\/17053"}],"wp:attachment":[{"href":"https:\/\/rahtek-dz.com\/ar\/wp-json\/wp\/v2\/media?parent=17054"}],"wp:term":[{"taxonomy":"product_brand","embeddable":true,"href":"https:\/\/rahtek-dz.com\/ar\/wp-json\/wp\/v2\/product_brand?post=17054"},{"taxonomy":"product_cat","embeddable":true,"href":"https:\/\/rahtek-dz.com\/ar\/wp-json\/wp\/v2\/product_cat?post=17054"},{"taxonomy":"product_tag","embeddable":true,"href":"https:\/\/rahtek-dz.com\/ar\/wp-json\/wp\/v2\/product_tag?post=17054"}],"curies":[{"name":"wp","href":"https:\/\/api.w.org\/{rel}","templated":true}]}}