{"id":17056,"date":"2026-02-11T12:02:37","date_gmt":"2026-02-11T11:02:37","guid":{"rendered":"https:\/\/rahtek-dz.com\/product\/biscuits-sanavi\/"},"modified":"2026-02-11T12:02:37","modified_gmt":"2026-02-11T11:02:37","slug":"biscuits-sanavi","status":"publish","type":"product","link":"https:\/\/rahtek-dz.com\/ar\/product\/biscuits-sanavi\/","title":{"rendered":"Biscuits Sanavi"},"content":{"rendered":"<p>Les biscuits\u00a0Sanavi sont des biscuits hypoprotidiques pour les personnes suivant un r\u00e9gime faible en prot\u00e9ines ; go\u00fbt fraise ou caramel selon vos pr\u00e9f\u00e9rences. Biscuits SANAVI \u00e0 faible teneur en proteines Les biscuits de la gamme Sanavi par Taranis s&#8217;emportent facilement avec vous, pour un pause douceur \u00e0 tout moment de la journ\u00e9e. Ils peuvent \u00e9galement \u00eatre utilis\u00e9s pour des bouillies ou pour des charlottes aux fruits. Ingr\u00e9dients Biscuits Sanavi fraise :\u00a0Garniture de fraise : 34% (sucre, sirop de glucose et de fructose, pulpe de fraise,\u00a0 g\u00e9lifiant : pectine, fibre de pomme,\u00a0 acidifiant : acide citrique, \u00e9paississant : alginate de sodium, ar\u00f4me, correcteur d\u2019acidit\u00e9 : phosphate tricalcique, conservateur : sorbate de potassium), amidon de ma\u00efs, graisse v\u00e9g\u00e9tale (noix de coco, tournesol), sucre de canne, amidon de bl\u00e9 , amidon de riz, f\u00e9cule de pomme de terre, huile d\u2019olive extra vierge, \u00e9paississant (gomme guar, E461), colorant: caramel de sucre, \u00e9mulsifiant (l\u00e9cithine de tournesol), ar\u00f4me, antioxydant (E306). Biscuits Sanavi Caramel : Amidon de bl\u00e9 , sucre de canne, f\u00e9cule de pomme de terre, amidon de ma\u00efs, maltodextrine, huile de tournesol \u00e0 haute teneur en acide ol\u00e9ique, fibre di\u00e9t\u00e9tique (inuline), amidon modifi\u00e9 de tapioca, \u00e9mulsifiants (E471, E475 et l\u00e9cithine de tournesol), agents levants (E450i, E500ii), caramel de sucre (0,4 %), \u00e9paississant (m\u00e9thylcellulose), ar\u00f4me, antioxydant (E306) VALEURS NUTRITIONNELLES BISCUITS HYPOPROTIDIQUES SANAVI Biscuits\u00a0Sanavi fraise Valeurs nutritionnelles moyennes Pour 100 g de produit Valeur \u00e9nerg\u00e9tique 1652 kJ (392 kcal) Mati\u00e8res grasses 6.2 g Dont acides gras satur\u00e9s 0.9 g Glucides 79.0 g Dont sucres 23.7 g Fibres alimentaires 9.2 g Prot\u00e9ines 0.35 g Dont Ph\u00e9nylalanine 8.9 mg M\u00e9thionine 1.9 mg Leucine 6.7 mg Thr\u00e9onine 4.2 mg Isoleucine 3.1 mg Lysine 10.9 mg Valine 5.3 mg Tyrosine 3.0 mg Arginine 4.7 mg Sel 0.4 g Sels min\u00e9raux Potassium 23.0 mg Phosphore 141 mg Biscuits\u00a0Sanavi caramel Valeurs nutritionnelles moyennes Pour 100 g de produit Valeur \u00e9nerg\u00e9tique 1652 kJ (392 kcal) Mati\u00e8res grasses 6.2 g Dont acides gras satur\u00e9s 0.9 g Glucides 79.0 g Dont sucres 23.7 g Fibres alimentaires 9.2 g Prot\u00e9ines 0.35 g Dont Ph\u00e9nylalanine 8.9 mg M\u00e9thionine 1.9 mg Leucine 6.7 mg Thr\u00e9onine 4.2 mg Isoleucine 3.1 mg Lysine 10.9 mg Valine 5.3 mg Tyrosine 3.0 mg Arginine 4.7 mg Sel 0.4 g Sels min\u00e9raux Potassium 23.0 mg Phosphore 141 mg Avis du \t\t\t\t\t\t\t                                                                                pharmacien \t\t\t\t\t\t\t                                                                                sur Biscuits Sanavi Pr\u00e9cautions : les biscuits Sanavi sont adapt\u00e9es pour les besoins nutritionnels en cas de r\u00e9gime\u00a0\u00e0 teneur r\u00e9duite en protides . Aliment di\u00e9t\u00e9tique destin\u00e9 \u00e0 des fins m\u00e9dicales sp\u00e9ciales, pauvre en prot\u00e9ines . Aliment incomplet , ne peut \u00eatre utilis\u00e9 comme seule source d\u2019alimentation. A utiliser sous contr\u00f4le m\u00e9dical . Ne convient pas aux enfants et adultes en bonne sant\u00e9, ni aux enfants de moins de 3 ans .  Conserver dans un endroit sec et \u00e0 temp\u00e9rature ambiante avant ouverture. \u00c0 consommer dans les 24 heures apr\u00e8s ouverture du sachet. Conditionnement propos\u00e9 par votre pharmacie en ligne : Biscuits Sanavi Fraise : Bo\u00eete de\u00a0125 g contenant 6 biscuits; Biscuits Sanavi Caramel : Bo\u00eete de\u00a0125g contenant 15 biscuits (8,3g); Retrouvez touts les produits hypoprotidiques Taranis sur notre Pharmacie en ligne. Vous aimerez peut-\u00eatre aussi les pauses dessert\u00a0Taranis go\u00fbt caramel ou fraise. Marque Taranis R\u00e9f\u00e9rence(s) 8425887005023, 8425887005054 Mis \u00e0 jour le : 09\/10\/2024<\/p>","protected":false},"excerpt":{"rendered":"<p>Les biscuits\u00a0Sanavi sont des biscuits hypoprotidiques pour les personnes suivant un r\u00e9gime faible en prot\u00e9ines ; go\u00fbt fraise ou caramel<\/p>","protected":false},"featured_media":17055,"comment_status":"open","ping_status":"closed","template":"","meta":{"_acf_changed":false},"product_brand":[],"product_cat":[275],"product_tag":[],"class_list":{"0":"post-17056","1":"product","2":"type-product","3":"status-publish","4":"has-post-thumbnail","6":"product_cat-aide-technique","8":"first","9":"instock","10":"shipping-taxable","11":"product-type-simple"},"acf":[],"df_price":"","df_sale_price":"","df_regular_price":"","df_image_link":"https:\/\/rahtek-dz.com\/wp-content\/uploads\/2026\/02\/w-501-h-501-zc-2-biscuits-sanavi-taranis6-1729519501.jpg-300x300.webp","_links":{"self":[{"href":"https:\/\/rahtek-dz.com\/ar\/wp-json\/wp\/v2\/product\/17056","targetHints":{"allow":["GET"]}}],"collection":[{"href":"https:\/\/rahtek-dz.com\/ar\/wp-json\/wp\/v2\/product"}],"about":[{"href":"https:\/\/rahtek-dz.com\/ar\/wp-json\/wp\/v2\/types\/product"}],"replies":[{"embeddable":true,"href":"https:\/\/rahtek-dz.com\/ar\/wp-json\/wp\/v2\/comments?post=17056"}],"wp:featuredmedia":[{"embeddable":true,"href":"https:\/\/rahtek-dz.com\/ar\/wp-json\/wp\/v2\/media\/17055"}],"wp:attachment":[{"href":"https:\/\/rahtek-dz.com\/ar\/wp-json\/wp\/v2\/media?parent=17056"}],"wp:term":[{"taxonomy":"product_brand","embeddable":true,"href":"https:\/\/rahtek-dz.com\/ar\/wp-json\/wp\/v2\/product_brand?post=17056"},{"taxonomy":"product_cat","embeddable":true,"href":"https:\/\/rahtek-dz.com\/ar\/wp-json\/wp\/v2\/product_cat?post=17056"},{"taxonomy":"product_tag","embeddable":true,"href":"https:\/\/rahtek-dz.com\/ar\/wp-json\/wp\/v2\/product_tag?post=17056"}],"curies":[{"name":"wp","href":"https:\/\/api.w.org\/{rel}","templated":true}]}}