{"id":17060,"date":"2026-02-11T12:02:37","date_gmt":"2026-02-11T11:02:37","guid":{"rendered":"https:\/\/rahtek-dz.com\/product\/oral-b-io-6\/"},"modified":"2026-02-11T12:02:37","modified_gmt":"2026-02-11T11:02:37","slug":"oral-b-io-6","status":"publish","type":"product","link":"https:\/\/rahtek-dz.com\/ar\/product\/oral-b-io-6\/","title":{"rendered":"Oral B iO 6"},"content":{"rendered":"<p>Oral B iO 6 est une brosse \u00e0 dents connect\u00e9e avec capteur de pression, 5 modes de brossage diff\u00e9rents et un affichage interactif pour suivre votre brossage en direct. Elle \u00e9limine jusqu&rsquo;\u00e0 100% de plaque dentaire en plus*. La brosse \u00e0 dents Oral B iO 6 nettoie les dents en douceur et dispose de nombreuses fonctionnalit\u00e9s. Pourquoi choisir la brosse \u00e0 dents oral b iO 6 ? La brosse \u00e0 dent iO 6 se distingue par une technologie avanc\u00e9e : 5 modes de brossage diff\u00e9rents : propret\u00e9, propret\u00e9 intense, douceur, soin des gencives et blancheur. Un affichage interactif qui vous indique : le mode de nettoyage s\u00e9lectionn\u00e9, le minuteur, une alerte pour le changement de vos brossettes, et une indication du niveau de batterie. Un capteur de pression intelligent\u00a0qui contribue \u00e0 prot\u00e9ger les gencives. En effet, ce capteur indique quand le brossage est trop appuy\u00e9 (lumi\u00e8re rouge) ou au contraire quand il ne l&rsquo;est pas assez (lumi\u00e8re blanche). Un niveau de pression optimal est signal\u00e9 par une lumi\u00e8re verte. Enfin, l &lsquo;application li\u00e9e \u00e0 votre brosse \u00e0 dents vous donne des conseils de brossage en temps r\u00e9el et vous permet de ne louper aucun endroit, pour une sant\u00e9 bucco-dentaire parfaite ! Comment fonctionne la technologie iO 6 ? Dot\u00e9e de la technologie iO , cette brosse \u00e0 dents Oral B\u00a0repose sur une motorisation magn\u00e9tique qui g\u00e9n\u00e8re des micro-vibrations parvenant jusqu&rsquo;\u00e0 la pointe des brins. La technologie iO vient aussi synchroniser l&rsquo;action nettoyante de ces micro-vibrations et le mouvement de balayage de la t\u00eate. Cette brosse \u00e0 dents \u00e9lectrique exerce un mouvement oscillant-rotatif qui permet d&rsquo; \u00e9liminer la plaque dentaire de mani\u00e8re efficace, y compris dans les zones difficiles d&rsquo;acc\u00e8s comme les espaces interdentaires ou les molaires. Cela pr\u00e9vient les probl\u00e8mes de gencives (gingivite, parodontite) ainsi que la mauvaise haleine. Notre pharmacie vous propose la brosse \u00e0 dents \u00e9lectrique Oral-B iO 6\u00a0dans un coffret comprenant la brosse \u00e0 dents avec une brossette sur le manche et une brossette de rechange (soit 2 au total), un chargeur et un \u00e9tui de voyage . Avis du \t\t\t\t\t\t\t                                                                                pharmacien \t\t\t\t\t\t\t                                                                                sur Oral B iO 6 Pour une hygi\u00e8ne bucco-dentaire optimale, brossez-vous les dents 3 fois par jour avec la brosse \u00e0 dents \u00e9lectrique Oral B iO6 (id\u00e9alement apr\u00e8s chaque repas).  Utilisez un dentifrice adapt\u00e9 \u00e0 vos \u00e9ventuelles probl\u00e9matiques bucco-dentaires et compl\u00e9tez le brossage des dents par l&rsquo;utilisation d&rsquo;un bain de bouche ou de brossettes interdentaires\u00a0iO .  Pour rappel, il est conseill\u00e9 de consulter un dentiste au moins 1 fois par an afin de faire un bilan bucco-dentaire complet.  * par rapport \u00e0 une brosse \u00e0 dents manuelle Marque Oral-B iO R\u00e9f\u00e9rence(s) 8700216822169, 8700216822169+8700216456968 Mis \u00e0 jour le : 21\/10\/2025<\/p>","protected":false},"excerpt":{"rendered":"<p>Oral B iO 6 est une brosse \u00e0 dents connect\u00e9e avec capteur de pression, 5 modes de brossage diff\u00e9rents et<\/p>","protected":false},"featured_media":17059,"comment_status":"open","ping_status":"closed","template":"","meta":{"_acf_changed":false},"product_brand":[],"product_cat":[275],"product_tag":[],"class_list":{"0":"post-17060","1":"product","2":"type-product","3":"status-publish","4":"has-post-thumbnail","6":"product_cat-aide-technique","8":"first","9":"instock","10":"shipping-taxable","11":"product-type-simple"},"acf":[],"df_price":"","df_sale_price":"","df_regular_price":"","df_image_link":"https:\/\/rahtek-dz.com\/wp-content\/uploads\/2026\/02\/w-501-h-501-zc-2-oral-b-io-6-oral-b12-1757342411.jpg-300x300.webp","_links":{"self":[{"href":"https:\/\/rahtek-dz.com\/ar\/wp-json\/wp\/v2\/product\/17060","targetHints":{"allow":["GET"]}}],"collection":[{"href":"https:\/\/rahtek-dz.com\/ar\/wp-json\/wp\/v2\/product"}],"about":[{"href":"https:\/\/rahtek-dz.com\/ar\/wp-json\/wp\/v2\/types\/product"}],"replies":[{"embeddable":true,"href":"https:\/\/rahtek-dz.com\/ar\/wp-json\/wp\/v2\/comments?post=17060"}],"wp:featuredmedia":[{"embeddable":true,"href":"https:\/\/rahtek-dz.com\/ar\/wp-json\/wp\/v2\/media\/17059"}],"wp:attachment":[{"href":"https:\/\/rahtek-dz.com\/ar\/wp-json\/wp\/v2\/media?parent=17060"}],"wp:term":[{"taxonomy":"product_brand","embeddable":true,"href":"https:\/\/rahtek-dz.com\/ar\/wp-json\/wp\/v2\/product_brand?post=17060"},{"taxonomy":"product_cat","embeddable":true,"href":"https:\/\/rahtek-dz.com\/ar\/wp-json\/wp\/v2\/product_cat?post=17060"},{"taxonomy":"product_tag","embeddable":true,"href":"https:\/\/rahtek-dz.com\/ar\/wp-json\/wp\/v2\/product_tag?post=17060"}],"curies":[{"name":"wp","href":"https:\/\/api.w.org\/{rel}","templated":true}]}}