{"id":17062,"date":"2026-02-11T12:02:37","date_gmt":"2026-02-11T11:02:37","guid":{"rendered":"https:\/\/rahtek-dz.com\/product\/smebiocta-confort-lp299v\/"},"modified":"2026-02-11T12:02:37","modified_gmt":"2026-02-11T11:02:37","slug":"smebiocta-confort-lp299v","status":"publish","type":"product","link":"https:\/\/rahtek-dz.com\/ar\/product\/smebiocta-confort-lp299v\/","title":{"rendered":"Smebiocta Confort LP299V"},"content":{"rendered":"<p>Smebiocta Confort LP299V est un compl\u00e9ment alimentaire contenant la souche Lactobacillus plantarum 299v et qui est pr\u00e9sent\u00e9 sous forme de g\u00e9lules v\u00e9g\u00e9tales. Mode d&rsquo;action de Smebiocta Confort LP299V Smebiocta Confort est compos\u00e9 d&rsquo;une souche sp\u00e9cifique qui a \u00e9t\u00e9 rigoureusement \u00e9tudi\u00e9e,\u00a0s\u00e9lectionn\u00e9e et document\u00e9e par Ipsen , \u00e0 savoir Lactobacillus plantarum 299v (LP299V).\u00a0Cette souche est naturellement pr\u00e9sente dans la muqueuse intestinale des humains, et fait partie int\u00e9grante de notre alimentation depuis plus d&rsquo;1,5 millions d&rsquo;ann\u00e9es, bien que son apport ait tendance \u00e0 diminuer avec le d\u00e9veloppement du mode de vie moderne. Chaque g\u00e9lule v\u00e9g\u00e9tale est compos\u00e9e de 10 milliards de LP299V. Afin de garantir ce dosage \u00e0 10 milliards d&rsquo;Unit\u00e9s Formant Colonies (UFC) pendant toute la dur\u00e9e de vie du produit, la g\u00e9lule Smebiocta est prot\u00e9g\u00e9e par un blister ultra-confort double aluminium, ce qui permet aux souches d&rsquo;atteindre l&rsquo;intestin sans \u00eatre impact\u00e9es par l&rsquo;acidit\u00e9 gastrique ou biliaire. D\u00e9velopp\u00e9 pour les adultes et les enfants d\u00e8s l&rsquo;\u00e2ge de 6 ans, le compl\u00e9ment alimentaire Smebiocta Confort LP299V a \u00e9t\u00e9 formul\u00e9 sans gluten et sans lactose pour \u00eatre adapt\u00e9 aux personnes qui suivent un r\u00e9gime sp\u00e9cifique ne contenant pas cette prot\u00e9ine ou ce glucide. Pr\u00e9sentation propos\u00e9e par votre pharmacie en ligne :\u00a0 Bo\u00eete de 30 g\u00e9lules v\u00e9g\u00e9tales Smebiocta. Avis du \t\t\t\t\t\t\t                                                                                pharmacien \t\t\t\t\t\t\t                                                                                sur Smebiocta Confort LP299V Renseignements les plus fr\u00e9quemment demand\u00e9s par nos patients au comptoir de notre Pharmacie des Drakkars : Comment prendre Smebiocta ? Prendre 1 \u00e0 2\u00a0g\u00e9lules de Smebiocta Confort LP299V par jour, par voie orale, en cure de 4 semaines \u00e0 renouveler si n\u00e9cessaire. Une g\u00e9lule doit \u00eatre aval\u00e9e avec un verre d&rsquo;eau, \u00e0 jeun ou pendant un repas, indiff\u00e9remment. Cependant, afin d&rsquo;obtenir des r\u00e9sultats plus rapides, nous vous recommandons d&rsquo;effectuer la prise le matin \u00e0 jeun, puisqu&rsquo;il s&rsquo;agit du moment de la journ\u00e9e le plus optimal car la dur\u00e9e du transit est r\u00e9duite, et favorise ainsi le passage rapide vers l&rsquo;intestin. Quelles sont les pr\u00e9cautions d&#8217;emploi ? Le format des g\u00e9lules Smebiocta Confort n&rsquo;est pas adapt\u00e9 aux enfants de moins de 6 ans. Ipsen rappelle \u00e9galement que ce produit est un compl\u00e9ment alimentaire et non un m\u00e9dicament, il doit par cons\u00e9quent \u00eatre utilis\u00e9 dans le cadre d&rsquo;un mode de vie sain et d&rsquo;une alimentation qui soit vari\u00e9e et \u00e9quilibr\u00e9e. La dose journali\u00e8re recommand\u00e9e ne doit pas \u00eatre d\u00e9pass\u00e9e. Pour davantage de pr\u00e9cisions au sujet de Smebiocta LP299V , demander conseil \u00e0 un m\u00e9decin ou \u00e0 un pharmacien.  En ce qui concerne la conservation, l&rsquo;\u00e9tui devra \u00eatre stock\u00e9 \u00e0 l&rsquo;abri de la chaleur et de l&rsquo;humidit\u00e9, tout en prenant soin de bien le placer hors de la port\u00e9e des jeunes enfants.  Tous les produits du Laboratoire Ipsen vous sont propos\u00e9s sur le site de notre Pharmacie des Drakkars. Marque Ipsen R\u00e9f\u00e9rence(s) 3665585000318 Mis \u00e0 jour le : 22\/01\/2025<\/p>","protected":false},"excerpt":{"rendered":"<p>Smebiocta Confort LP299V est un compl\u00e9ment alimentaire contenant la souche Lactobacillus plantarum 299v et qui est pr\u00e9sent\u00e9 sous forme de<\/p>","protected":false},"featured_media":17061,"comment_status":"open","ping_status":"closed","template":"","meta":{"_acf_changed":false},"product_brand":[],"product_cat":[275],"product_tag":[],"class_list":{"0":"post-17062","1":"product","2":"type-product","3":"status-publish","4":"has-post-thumbnail","6":"product_cat-aide-technique","8":"first","9":"instock","10":"shipping-taxable","11":"product-type-simple"},"acf":[],"df_price":"","df_sale_price":"","df_regular_price":"","df_image_link":"https:\/\/rahtek-dz.com\/wp-content\/uploads\/2026\/02\/w-501-h-501-zc-2-smebiocta-confort-lp299v-ipsen4-1679560339.jpg-300x300.webp","_links":{"self":[{"href":"https:\/\/rahtek-dz.com\/ar\/wp-json\/wp\/v2\/product\/17062","targetHints":{"allow":["GET"]}}],"collection":[{"href":"https:\/\/rahtek-dz.com\/ar\/wp-json\/wp\/v2\/product"}],"about":[{"href":"https:\/\/rahtek-dz.com\/ar\/wp-json\/wp\/v2\/types\/product"}],"replies":[{"embeddable":true,"href":"https:\/\/rahtek-dz.com\/ar\/wp-json\/wp\/v2\/comments?post=17062"}],"wp:featuredmedia":[{"embeddable":true,"href":"https:\/\/rahtek-dz.com\/ar\/wp-json\/wp\/v2\/media\/17061"}],"wp:attachment":[{"href":"https:\/\/rahtek-dz.com\/ar\/wp-json\/wp\/v2\/media?parent=17062"}],"wp:term":[{"taxonomy":"product_brand","embeddable":true,"href":"https:\/\/rahtek-dz.com\/ar\/wp-json\/wp\/v2\/product_brand?post=17062"},{"taxonomy":"product_cat","embeddable":true,"href":"https:\/\/rahtek-dz.com\/ar\/wp-json\/wp\/v2\/product_cat?post=17062"},{"taxonomy":"product_tag","embeddable":true,"href":"https:\/\/rahtek-dz.com\/ar\/wp-json\/wp\/v2\/product_tag?post=17062"}],"curies":[{"name":"wp","href":"https:\/\/api.w.org\/{rel}","templated":true}]}}