{"id":17142,"date":"2026-02-11T12:02:44","date_gmt":"2026-02-11T11:02:44","guid":{"rendered":"https:\/\/rahtek-dz.com\/product\/amylmetacresol-alcool-dichlorobenzylique\/"},"modified":"2026-02-11T12:02:44","modified_gmt":"2026-02-11T11:02:44","slug":"amylmetacresol-alcool-dichlorobenzylique","status":"publish","type":"product","link":"https:\/\/rahtek-dz.com\/ar\/product\/amylmetacresol-alcool-dichlorobenzylique\/","title":{"rendered":"Amylmetacresol \/ Alcool dichlorobenzylique"},"content":{"rendered":"<p>Amylm\u00e9tacr\u00e9sol\/Alcool dichlorobenzylique est un m\u00e9dicament indiqu\u00e9 chez l&rsquo;adulte et l&rsquo;enfant de plus de 6 ans en cas de mal de gorge peu intense et sans fi\u00e8vre. Pourquoi utiliser amylm\u00e9tacr\u00e9sol\/Alcool dichlorobenzylique ? Ce m\u00e9dicament repose sur l&rsquo;association de 2 antiseptiques locaux pour lutter contre les infections \u00e0 l&rsquo;origine de maux de gorge peu intense sans fi\u00e8vre. Il est pr\u00e9sent\u00e9 sous la forme de pastilles \u00e0 sucer parfum miel-citron, sans sucre. Comment utiliser amylm\u00e9tacr\u00e9sol\/alcool dichlorobenzylique ? La dose la plus faible et la dur\u00e9e de traitement la plus courte doivent \u00eatre choisies en fonction de l&rsquo;am\u00e9lioration des sympt\u00f4mes. La posologie moyenne est de 3 \u00e0 6 pastilles par jour en respectant un intervalle de 2 \u00e0 3 heures minimum entre chaque pastille. Il ne faut pas d\u00e9passer 6 pastilles par jour. Il est recommand\u00e9 de sucer la pastille (ne pas la croquer ni l&rsquo;avaler) \u00e0 distance des repas. Si les symptomes persistent au del\u00e0 de 3 jours et\/ou si de la fi\u00e8vre appara\u00eet, il est recommand\u00e9 de consulter un m\u00e9decin. Contre-indications \u00e0 amylm\u00e9tacr\u00e9sol\/alcool dichlorobenzylique Ce m\u00e9dicament est contre-indiqu\u00e9 en cas d&rsquo;hypersensibilit\u00e9 aux substances actives ou \u00e0 l&rsquo;un des excipients.\u00a0Il est \u00e9galement contre-indiqu\u00e9 chez l&rsquo;enfant de moins de 6 ans et est d\u00e9conseill\u00e9 chez la femme enceinte. Marque Mylan R\u00e9f\u00e9rence(s) 3400930162569, 3400930162828 Forme gal\u00e9nique pastille Substance Active amylm\u00e9tacr\u00e9sol &#8211; alcool dichlorobenzylique Excipient acide tartrique &#8211; citron essence &#8211; jaune de quinol\u00e9ine &#8211; menthe essence &#8211; miel ar\u00f4me &#8211; saccharine sodique Excipient \u00e0 effet notoire isomalt &#8211; jaune orang\u00e9 S &#8211; maltitol Aromatisant citron essence &#8211; menthe essence &#8211; miel ar\u00f4me Mol\u00e9cules saccharine sodique &#8211; acide tartrique &#8211; alcool dichlorobenzylique (1.2 mg) &#8211; amylm\u00e9tacr\u00e9sol (0.6 mg) &#8211; citron essence &#8211; isomalt &#8211; jaune de quinol\u00e9ine &#8211; jaune orang\u00e9 S &#8211; maltitol &#8211; menthe essence &#8211; miel ar\u00f4me Indications Angine &#8211; Stomatite Mis \u00e0 jour le : 29\/10\/2025<\/p>","protected":false},"excerpt":{"rendered":"<p>Amylm\u00e9tacr\u00e9sol\/Alcool dichlorobenzylique est un m\u00e9dicament indiqu\u00e9 chez l&rsquo;adulte et l&rsquo;enfant de plus de 6 ans en cas de mal de<\/p>","protected":false},"featured_media":17141,"comment_status":"open","ping_status":"closed","template":"","meta":{"_acf_changed":false},"product_brand":[],"product_cat":[275],"product_tag":[],"class_list":{"0":"post-17142","1":"product","2":"type-product","3":"status-publish","4":"has-post-thumbnail","6":"product_cat-aide-technique","8":"first","9":"instock","10":"shipping-taxable","11":"product-type-simple"},"acf":[],"df_price":"","df_sale_price":"","df_regular_price":"","df_image_link":"https:\/\/rahtek-dz.com\/wp-content\/uploads\/2026\/02\/w-501-h-501-zc-2-amylmetacresol-0-6mg-alcool-dichlorobenzylique-1-2mg-mylan7-1744714599.jpg-300x300.webp","_links":{"self":[{"href":"https:\/\/rahtek-dz.com\/ar\/wp-json\/wp\/v2\/product\/17142","targetHints":{"allow":["GET"]}}],"collection":[{"href":"https:\/\/rahtek-dz.com\/ar\/wp-json\/wp\/v2\/product"}],"about":[{"href":"https:\/\/rahtek-dz.com\/ar\/wp-json\/wp\/v2\/types\/product"}],"replies":[{"embeddable":true,"href":"https:\/\/rahtek-dz.com\/ar\/wp-json\/wp\/v2\/comments?post=17142"}],"wp:featuredmedia":[{"embeddable":true,"href":"https:\/\/rahtek-dz.com\/ar\/wp-json\/wp\/v2\/media\/17141"}],"wp:attachment":[{"href":"https:\/\/rahtek-dz.com\/ar\/wp-json\/wp\/v2\/media?parent=17142"}],"wp:term":[{"taxonomy":"product_brand","embeddable":true,"href":"https:\/\/rahtek-dz.com\/ar\/wp-json\/wp\/v2\/product_brand?post=17142"},{"taxonomy":"product_cat","embeddable":true,"href":"https:\/\/rahtek-dz.com\/ar\/wp-json\/wp\/v2\/product_cat?post=17142"},{"taxonomy":"product_tag","embeddable":true,"href":"https:\/\/rahtek-dz.com\/ar\/wp-json\/wp\/v2\/product_tag?post=17142"}],"curies":[{"name":"wp","href":"https:\/\/api.w.org\/{rel}","templated":true}]}}