{"id":17150,"date":"2026-02-11T12:02:45","date_gmt":"2026-02-11T11:02:45","guid":{"rendered":"https:\/\/rahtek-dz.com\/product\/solacy-pediatrique\/"},"modified":"2026-02-11T12:02:45","modified_gmt":"2026-02-11T11:02:45","slug":"solacy-pediatrique","status":"publish","type":"product","link":"https:\/\/rahtek-dz.com\/ar\/product\/solacy-pediatrique\/","title":{"rendered":"Solacy P\u00e9diatrique"},"content":{"rendered":"<p>Description  du m\u00e9dicament Solacy P\u00e9diatrique SOLACY PEDIATRIQUE INDICATIONS Solacy p\u00e9diatrique est un m\u00e9dicament indiqu\u00e9 dans le traitement symptomatique d&rsquo;appoint des affections rhinopharyng\u00e9es de l&rsquo;enfant de plus de 6\u00a0mois. SOLACY PEDIATRIQUE POSOLOGIE R\u00e9serv\u00e9 au nourrisson de plus de 6\u00a0mois et \u00e0 l&rsquo;enfant. Il est imp\u00e9ratif de dissoudre le comprim\u00e9 dans un peu d&rsquo;eau ou tout autre liquide froid, car la prise de comprim\u00e9 non d\u00e9lit\u00e9 chez l&rsquo;enfant de moins de 6\u00a0ans peut entra\u00eener une fausse-route. A prendre de pr\u00e9f\u00e9rence au cours du repas. De 6 \u00e0 30\u00a0mois\u00a0: 1\u00a0comprim\u00e9 par jour, pendant 3\u00a0mois. De 30\u00a0mois \u00e0 5\u00a0ans\u00a0: 2\u00a0comprim\u00e9s par jour, pendant 3\u00a0mois. A partir de 5\u00a0ans\u00a0: 3\u00a0comprim\u00e9s par jour, pendant 3\u00a0mois. PR\u00c9SENTATIONS DE SOLACY PEDIATRIQUE PROPOS\u00c9ES PAR VOTRE PHARMACIE EN LIGNE Solacy p\u00e9diatrique comprim\u00e9 (blanc cr\u00e8me) pour suspension buvable en bo\u00eete de 60, sous plaquettes thermoform\u00e9es. Avis du \t\t\t\t\t\t\t                                                                                pharmacien \t\t\t\t\t\t\t                                                                                sur Solacy P\u00e9diatrique L&rsquo;avis de nos pharmaciens et les questions pos\u00e9es dans notre pharmacie sur ce m\u00e9dicament : C&rsquo;est quoi Solacy pediatrique ? Ce m\u00e9dicament contient du soufre, de la vitamine A et des levures. Cette association vise \u00e0 r\u00e9duire l&rsquo;inflammation de la muqueuse du nez et de la gorge. Il\u00a0est\u00a0utilis\u00e9 dans le traitement d&rsquo;appoint des rhinopharyngites chroniques, il vise \u00e0 diminuer la fr\u00e9quence et l&rsquo;intensit\u00e9 des rhumes et autres affection orl de votre enfant ou b\u00e9b\u00e9. Comment prendre Solacy p\u00e9diatrique ? Solacy p\u00e9diatrique se pr\u00e9sente sous forme de comprim\u00e9s \u00e0 dissoudre dans un peu d&rsquo;eau ou un autre liquide froid, sa prise se fait de pr\u00e9f\u00e9rence au cours du repas. \u00b7 de 6 mois \u00e0 30 mois : 1 comprim\u00e9 par jour, pendant 3 mois, \u00b7 de 30 mois \u00e0 5 ans : 2 comprim\u00e9s par jour, pendant 3 mois, \u00b7 \u00e0 partir de 5 ans : 3 comprim\u00e9s par jour, pendant 3 mois Marque GrimberG R\u00e9f\u00e9rence(s) 3400933371548 Excipient butylhydroxytolu\u00e8ne &#8211; pip\u00e9ronal ac\u00e9tate &#8211; 4-heptanone &#8211; non-2-ynoate de m\u00e9thyle &#8211; maltodextrine &#8211; amidon de ma\u00efs &#8211; acide citrique anhydre &#8211; butyryllactate de butyl-isobutyrate de cinnamyle &#8211; acide butyrique &#8211; diac\u00e9tyle &#8211; 2-\u00e9thoxynaphtal\u00e8ne &#8211; \u00e9thyle isoval\u00e9rate &#8211; g\u00e9latine &#8211; gomme arabique &#8211; sodium cyclamate &#8211; magn\u00e9sium st\u00e9arate &#8211; \u00e9thylmaltol &#8211; salicylate de m\u00e9thyle &#8211; gamma-und\u00e9calactone &#8211; benzald\u00e9hyde &#8211; \u00e9thylvanille &#8211; vanilline &#8211; maltol &#8211; acide citrique &#8211; fraise ar\u00f4me &#8211; pip\u00e9ronal &#8211; cellulose microcristalline Aromatisant vanilline &#8211; 4-heptanone &#8211; acide butyrique &#8211; benzald\u00e9hyde &#8211; butyryllactate de butyl-isobutyrate de cinnamyle &#8211; diac\u00e9tyle &#8211; \u00e9thyle isoval\u00e9rate &#8211; \u00e9thylmaltol &#8211; non-2-ynoate de m\u00e9thyle &#8211; pip\u00e9ronal &#8211; pip\u00e9ronal ac\u00e9tate &#8211; \u00e9thylvanille &#8211; 2-\u00e9thoxynaphtal\u00e8ne &#8211; gamma-und\u00e9calactone &#8211; gomme arabique &#8211; maltodextrine &#8211; maltol &#8211; salicylate de m\u00e9thyle &#8211; fraise ar\u00f4me Mol\u00e9cules pip\u00e9ronal ac\u00e9tate &#8211; non-2-ynoate de m\u00e9thyle &#8211; levure Saccharomyces cerevisiae (38.7 mg) &#8211; butyryllactate de butyl-isobutyrate de cinnamyle &#8211; butylhydroxytolu\u00e8ne &#8211; amidon de ma\u00efs &#8211; acide citrique anhydre &#8211; acide butyrique &#8211; 4-heptanone &#8211; 2-\u00e9thoxynaphtal\u00e8ne &#8211; cystine (36.3 mg) &#8211; diac\u00e9tyle &#8211; \u00e9thyle isoval\u00e9rate &#8211; g\u00e9latine &#8211; saccharomyces cerevisiae dess\u00e9ch\u00e9 (38.7 mg) &#8211; r\u00e9tinol ac\u00e9tate &#8211; glucose &#8211; sodium cyclamate &#8211; magn\u00e9sium st\u00e9arate &#8211; maltodextrine &#8211; \u00e9thylmaltol &#8211; benzald\u00e9hyde &#8211; gomme arabique &#8211; L-cystine (36.3 mg) &#8211; saccharose &#8211; r\u00e9tinol ac\u00e9tate (2.0 mg) &#8211; gamma-und\u00e9calactone &#8211; saccharomyces cerevisiae (38.7 mg) &#8211; salicylate de m\u00e9thyle &#8211; \u00e9thylvanille &#8211; vanilline &#8211; maltol &#8211; acide citrique &#8211; fraise ar\u00f4me &#8211; soufre pr\u00e9cipit\u00e9 (11.0 mg) &#8211; pip\u00e9ronal &#8211; cellulose microcristalline Substance Active cystine &#8211; levure Saccharomyces cerevisiae &#8211; saccharomyces cerevisiae dess\u00e9ch\u00e9 &#8211; L-cystine &#8211; saccharomyces cerevisiae &#8211; soufre pr\u00e9cipit\u00e9 &#8211; r\u00e9tinol ac\u00e9tate Excipient \u00e0 effet notoire maltodextrine &#8211; glucose &#8211; saccharose Forme gal\u00e9nique comprim\u00e9 pour suspension buvable Indications Rhinite chronique Mis \u00e0 jour le : 26\/09\/2025<\/p>","protected":false},"excerpt":{"rendered":"<p>Description du m\u00e9dicament Solacy P\u00e9diatrique SOLACY PEDIATRIQUE INDICATIONS Solacy p\u00e9diatrique est un m\u00e9dicament indiqu\u00e9 dans le traitement symptomatique d&rsquo;appoint des<\/p>","protected":false},"featured_media":17149,"comment_status":"open","ping_status":"closed","template":"","meta":{"_acf_changed":false},"product_brand":[],"product_cat":[275],"product_tag":[],"class_list":{"0":"post-17150","1":"product","2":"type-product","3":"status-publish","4":"has-post-thumbnail","6":"product_cat-aide-technique","8":"first","9":"instock","10":"shipping-taxable","11":"product-type-simple"},"acf":[],"df_price":"","df_sale_price":"","df_regular_price":"","df_image_link":"https:\/\/rahtek-dz.com\/wp-content\/uploads\/2026\/02\/w-501-h-501-zc-2-solacy-pediatriques-affections-rhinopharyngees-60-comprimes-grimberg5-1679927361.jpg-300x300.webp","_links":{"self":[{"href":"https:\/\/rahtek-dz.com\/ar\/wp-json\/wp\/v2\/product\/17150","targetHints":{"allow":["GET"]}}],"collection":[{"href":"https:\/\/rahtek-dz.com\/ar\/wp-json\/wp\/v2\/product"}],"about":[{"href":"https:\/\/rahtek-dz.com\/ar\/wp-json\/wp\/v2\/types\/product"}],"replies":[{"embeddable":true,"href":"https:\/\/rahtek-dz.com\/ar\/wp-json\/wp\/v2\/comments?post=17150"}],"wp:featuredmedia":[{"embeddable":true,"href":"https:\/\/rahtek-dz.com\/ar\/wp-json\/wp\/v2\/media\/17149"}],"wp:attachment":[{"href":"https:\/\/rahtek-dz.com\/ar\/wp-json\/wp\/v2\/media?parent=17150"}],"wp:term":[{"taxonomy":"product_brand","embeddable":true,"href":"https:\/\/rahtek-dz.com\/ar\/wp-json\/wp\/v2\/product_brand?post=17150"},{"taxonomy":"product_cat","embeddable":true,"href":"https:\/\/rahtek-dz.com\/ar\/wp-json\/wp\/v2\/product_cat?post=17150"},{"taxonomy":"product_tag","embeddable":true,"href":"https:\/\/rahtek-dz.com\/ar\/wp-json\/wp\/v2\/product_tag?post=17150"}],"curies":[{"name":"wp","href":"https:\/\/api.w.org\/{rel}","templated":true}]}}