{"id":17152,"date":"2026-02-11T12:02:45","date_gmt":"2026-02-11T11:02:45","guid":{"rendered":"https:\/\/rahtek-dz.com\/product\/pranarom-aromaforce-spray-assainissant-orange-douce-ravintsara-bio\/"},"modified":"2026-02-11T12:02:45","modified_gmt":"2026-02-11T11:02:45","slug":"pranarom-aromaforce-spray-assainissant-orange-douce-ravintsara-bio","status":"publish","type":"product","link":"https:\/\/rahtek-dz.com\/ar\/product\/pranarom-aromaforce-spray-assainissant-orange-douce-ravintsara-bio\/","title":{"rendered":"Pranarom Aromaforce \u0631\u0630\u0627\u0630 \u0627\u0644\u062a\u0639\u0642\u064a\u0645 \u0627\u0644\u0639\u0636\u0648\u064a \u0628\u0627\u0644\u0628\u0631\u062a\u0642\u0627\u0644 \u0627\u0644\u062d\u0644\u0648 Ravintsara"},"content":{"rendered":"<p>Le spray assainissant Aromaforce Pranarom est une formule pr\u00eate \u00e0 l&#8217;emploi compos\u00e9e \u00e0 base d&rsquo;huiles essentielles\u00a0naturelles qui assainit l&rsquo;air. Spray assainissant Pranarom Aromaforce pour assainir l&rsquo;air Pour \u00e9liminer les virus en quelques secondes, pour \u00e9liminer les bact\u00e9ries en quelques minutes ou tout simplement pour rafraichir l&rsquo;atmosph\u00e8re, d\u00e9couvrez le spray assainissant Pranarom Aromaforce . Il permet\u00a0d&rsquo;\u00e9liminer les odeurs de cigarette, de cuisine et\u00a0de retrouver naturellement un air purifi\u00e9 tout en\u00a0limitant\u00a0les sources d&rsquo;allergie et de g\u00eane respiratoire. Le laboratoire Pranarom a associ\u00e9 13 huiles essentielles d&rsquo;origine biologique pour cr\u00e9er la formule du sprau assainissant Aromaforce. Ce spray\u00a0est efficace pour aider \u00e0 \u00e9liminer les virus, les bact\u00e9ries ainsi que les champignons.\u00a0Il permet la d\u00e9sinfection , la purification et l&rsquo; assainissement de l&rsquo;air . Aromaforce renferme les huiles essentielles issues de l&rsquo;agriculture Biologique\u00a0de Orange douce, Bois de H\u00f4, Niaouli, Eucalyptus globuleux, Ravintsara, Mandravasarotra, G\u00e9ranium d\u2019Egypte, Ylang-ylang, Eucalyptus citronn\u00e9, Citronnelle de Madagascar, Giroflier, Katrafay, Patchouli, Gingembre, Helichryse de Madagascar, Ravensare. C&rsquo;est un produit de parapharmacie id\u00e9al pour assainir, purifier et d\u00e9sinfecter l&rsquo;air ambiant . Produit certifi\u00e9 Bio. Formule V\u00e9gan. Les pr\u00e9sentations propos\u00e9es par votre pharmacie en ligne pour le spray assainissant Pranarom\u00a0Aromaforce : flacon spray de 75 ml, 150 ml ou 400 ml. Avis du \t\t\t\t\t\t\t                                                                                pharmacien \t\t\t\t\t\t\t                                                                                sur Pranarom Aromaforce Spray Assainissant Orange Douce Ravintsara Bio Vaporiser pendant 5 secondes en circulant dans une pi\u00e8ce bien ventil\u00e9e, 2 \u00e0 3 fois par jour, pour assainir une pi\u00e8ce d&rsquo;environ 20 m 2 .  En cas de pr\u00e9sence d&rsquo;enfants de moins de 3 ans et de femmes enceintes, vaporisez le spray en leur absence, 30 minutes avant leur retour dans la pi\u00e8ce. Pr\u00e9cautions d&#8217;emploi :\u00a0Se laver les mains apr\u00e8s utilisation. \u00c9viter le contact avec les yeux et la peau. \u00c9viter la manipulation par la femme enceinte ou allaitante. Tenir hors de la port\u00e9e des jeunes enfants. A\u00e9rosol inflammable. R\u00e9cipient sous pression, peut \u00e9clater sous l&rsquo;effet de la chaleur. Provoque une irritation cutan\u00e9e. Peut provoquer une allergie cutan\u00e9e. Provoque une s\u00e9v\u00e8re irritation des yeux. Toxique pour les organismes aquatiques, entra\u00eene des effets n\u00e9fastes \u00e0 long terme. Ne pas fumer. Ne pas vaporiser sur une flamme nue ou sur une source d&rsquo;ignition. Ne pas perforer, ne pas br\u00fbler m\u00eame apr\u00e8s usage. Prot\u00e9ger du rayonnement solaire. D\u00e9conseill\u00e9 aux personnes sensibles (asthmatiques, allergiques ou ayant des ant\u00e9c\u00e9dents de convulsions). Ne pas rejeter dans l&rsquo;environnement. Guides \t\t\t\t\t\t                                                                                      de Pranarom Aromaforce Spray Assainissant Orange Douce Ravintsara Bio Guides pratiques La diffusion des huiles essentielles : que faut-il savoir ? La diffusion atmosph\u00e9rique est une des techniques d&rsquo;utilisation des huiles essentielles. Purifier et assainir l&rsquo;air, se relaxer, &#8230; Marque Aromaforce R\u00e9f\u00e9rence(s) 5420008528187, 5420008541575, 5420008544835 Ancienne(s) d\u00e9signation(s) produit 5420008544699 BIO BIO Mis \u00e0 jour le : 02\/02\/2026<\/p>","protected":false},"excerpt":{"rendered":"<p>Le spray assainissant Aromaforce Pranarom est une formule pr\u00eate \u00e0 l&#8217;emploi compos\u00e9e \u00e0 base d&rsquo;huiles essentielles\u00a0naturelles qui assainit l&rsquo;air. Spray<\/p>","protected":false},"featured_media":17151,"comment_status":"open","ping_status":"closed","template":"","meta":{"_acf_changed":false},"product_brand":[],"product_cat":[275],"product_tag":[],"class_list":{"0":"post-17152","1":"product","2":"type-product","3":"status-publish","4":"has-post-thumbnail","6":"product_cat-aide-technique","8":"first","9":"instock","10":"shipping-taxable","11":"product-type-simple"},"acf":[],"df_price":"","df_sale_price":"","df_regular_price":"","df_image_link":"https:\/\/rahtek-dz.com\/wp-content\/uploads\/2026\/02\/w-501-h-501-zc-2-pranarom-aromaforce-spray-assainissant-orange-douce-ravintsara-bio-aromaforce7-1738072069.jpg-300x300.webp","_links":{"self":[{"href":"https:\/\/rahtek-dz.com\/ar\/wp-json\/wp\/v2\/product\/17152","targetHints":{"allow":["GET"]}}],"collection":[{"href":"https:\/\/rahtek-dz.com\/ar\/wp-json\/wp\/v2\/product"}],"about":[{"href":"https:\/\/rahtek-dz.com\/ar\/wp-json\/wp\/v2\/types\/product"}],"replies":[{"embeddable":true,"href":"https:\/\/rahtek-dz.com\/ar\/wp-json\/wp\/v2\/comments?post=17152"}],"wp:featuredmedia":[{"embeddable":true,"href":"https:\/\/rahtek-dz.com\/ar\/wp-json\/wp\/v2\/media\/17151"}],"wp:attachment":[{"href":"https:\/\/rahtek-dz.com\/ar\/wp-json\/wp\/v2\/media?parent=17152"}],"wp:term":[{"taxonomy":"product_brand","embeddable":true,"href":"https:\/\/rahtek-dz.com\/ar\/wp-json\/wp\/v2\/product_brand?post=17152"},{"taxonomy":"product_cat","embeddable":true,"href":"https:\/\/rahtek-dz.com\/ar\/wp-json\/wp\/v2\/product_cat?post=17152"},{"taxonomy":"product_tag","embeddable":true,"href":"https:\/\/rahtek-dz.com\/ar\/wp-json\/wp\/v2\/product_tag?post=17152"}],"curies":[{"name":"wp","href":"https:\/\/api.w.org\/{rel}","templated":true}]}}