{"id":17154,"date":"2026-02-11T12:02:45","date_gmt":"2026-02-11T11:02:45","guid":{"rendered":"https:\/\/rahtek-dz.com\/product\/velpeau-orthese-de-coude\/"},"modified":"2026-02-11T12:02:45","modified_gmt":"2026-02-11T11:02:45","slug":"velpeau-orthese-de-coude","status":"publish","type":"product","link":"https:\/\/rahtek-dz.com\/ar\/product\/velpeau-orthese-de-coude\/","title":{"rendered":"\u062f\u0639\u0627\u0645\u0629 \u0643\u0648\u0639 \u0641\u064a\u0644\u0628\u0648"},"content":{"rendered":"<p>Vous souffrez de douleurs, d&rsquo;une entorse, d&rsquo;arthrose ou encore d&rsquo;arthrite au niveau de votre coude ? Ne manquez pas la toute nouvelle orth\u00e8se de coude Velpeau ECO 2 con\u00e7ues par Lohmann &#038; Rauscher ! B\u00e9n\u00e9ficiant d&rsquo;une conception de grande qualit\u00e9 et soucieuse de l&rsquo;environnement, l&rsquo; orth\u00e8se de coude Velpeau est un dispositif m\u00e9dical destin\u00e9 \u00e0 apporter un soutien et un soulagement optimal \u00e0 celles et ceux qui souffrent de douleurs ou de g\u00eane articulaires au niveau du coude . Gr\u00e2ce \u00e0 son action \u00e0 la fois compressive et chauffante , cette orth\u00e8se aide \u00e0 r\u00e9duire les douleurs et \u00e0 stabiliser l\u2019articulation dans tous vos mouvements. Elle est id\u00e9ale pour les personnes souffrant de blessures telles que des entorses b\u00e9nignes , ou de pathologies chroniques comme l&rsquo;arthrose ou l&rsquo;arthrite. Sa conception permet une utilisation sur le coude droit ou gauche, et s&rsquo;adapte \u00e0 toutes les morphologies gr\u00e2ce aux diff\u00e9rentes tailles propos\u00e9es. Quels sont les int\u00e9r\u00eats de l&rsquo;orth\u00e8se de coude Velpeau ? La conception de cette orth\u00e8se refl\u00e8te l&rsquo;engagement \u00e9cologique de la marque. Produite en France, l\u2019orth\u00e8se de coude Velpeau est en effet compos\u00e9e d&rsquo;au moins 80% de mat\u00e9riaux recycl\u00e9s . Ce bandage tricot\u00e9 offre une compression efficace qui stabilise le coude tout en restant agr\u00e9able \u00e0 porter, sans vous g\u00eaner dans vos mouvements. Recommand\u00e9e en cas de douleurs aigu\u00ebs ou chroniques, l&rsquo;orth\u00e8se de coude Velpeau est \u00e9galement utile en cas de d\u00e9but d\u2019arthrose ou d\u2019arthrite , avec ou sans \u00e9panchement articulaire. Sa conception aide \u00e0 att\u00e9nuer les irritations, afin de favoriser une r\u00e9cup\u00e9ration plus rapide apr\u00e8s une blessure ou un soulagement des affections inflammatoires. L\u2019orth\u00e8se de coude Velpeau a \u00e9galement \u00e9t\u00e9 pens\u00e9e pour un confort optimal. Sa texture douce et respirante permet un port prolong\u00e9 sans g\u00eane, ce qui en fait un accessoire pratique pour les activit\u00e9s quotidiennes. Elle \u00e9pouse parfaitement la forme du coude, et vous apportera un maintien discret sous vos v\u00eatements, tout en assurant une protection et une stabilit\u00e9 fiables. L&rsquo;orth\u00e8se de coude Velpeau ECO 2 de Lohmann est \u00e0 retrouver en conditionnement \u00e0 l&rsquo;unit\u00e9 sur notre pharmacie en ligne, et disponible en diff\u00e9rentes tailles, \u00e0 choisir en fonction de votre tour de coude : S : 22 \u00e0 25 cm M : 25 \u00e0 28 cm L : 28 \u00e0 32 cm Avis du \t\t\t\t\t\t\t                                                                                pharmacien \t\t\t\t\t\t\t                                                                                sur Velpeau Orth\u00e8se de Coude Les orth\u00e8ses s\u2019utilisent occasionnellement en compl\u00e9ment d\u2019un traitement m\u00e9dical, pharmacologique ou r\u00e9\u00e9ducatif. Marque Lohmann R\u00e9f\u00e9rence(s) 4068225055898, 4068225055911, 4068225055935 Mis \u00e0 jour le : 09\/09\/2024<\/p>","protected":false},"excerpt":{"rendered":"<p>Vous souffrez de douleurs, d&rsquo;une entorse, d&rsquo;arthrose ou encore d&rsquo;arthrite au niveau de votre coude ? Ne manquez pas la<\/p>","protected":false},"featured_media":17153,"comment_status":"open","ping_status":"closed","template":"","meta":{"_acf_changed":false},"product_brand":[],"product_cat":[275],"product_tag":[],"class_list":{"0":"post-17154","1":"product","2":"type-product","3":"status-publish","4":"has-post-thumbnail","6":"product_cat-aide-technique","8":"first","9":"instock","10":"shipping-taxable","11":"product-type-simple"},"acf":[],"df_price":"","df_sale_price":"","df_regular_price":"","df_image_link":"https:\/\/rahtek-dz.com\/wp-content\/uploads\/2026\/02\/w-501-h-501-zc-2-velpeau-orthese-de-coude-lohmann1-1725530482.jpg-300x300.webp","_links":{"self":[{"href":"https:\/\/rahtek-dz.com\/ar\/wp-json\/wp\/v2\/product\/17154","targetHints":{"allow":["GET"]}}],"collection":[{"href":"https:\/\/rahtek-dz.com\/ar\/wp-json\/wp\/v2\/product"}],"about":[{"href":"https:\/\/rahtek-dz.com\/ar\/wp-json\/wp\/v2\/types\/product"}],"replies":[{"embeddable":true,"href":"https:\/\/rahtek-dz.com\/ar\/wp-json\/wp\/v2\/comments?post=17154"}],"wp:featuredmedia":[{"embeddable":true,"href":"https:\/\/rahtek-dz.com\/ar\/wp-json\/wp\/v2\/media\/17153"}],"wp:attachment":[{"href":"https:\/\/rahtek-dz.com\/ar\/wp-json\/wp\/v2\/media?parent=17154"}],"wp:term":[{"taxonomy":"product_brand","embeddable":true,"href":"https:\/\/rahtek-dz.com\/ar\/wp-json\/wp\/v2\/product_brand?post=17154"},{"taxonomy":"product_cat","embeddable":true,"href":"https:\/\/rahtek-dz.com\/ar\/wp-json\/wp\/v2\/product_cat?post=17154"},{"taxonomy":"product_tag","embeddable":true,"href":"https:\/\/rahtek-dz.com\/ar\/wp-json\/wp\/v2\/product_tag?post=17154"}],"curies":[{"name":"wp","href":"https:\/\/api.w.org\/{rel}","templated":true}]}}