{"id":17156,"date":"2026-02-11T12:02:45","date_gmt":"2026-02-11T11:02:45","guid":{"rendered":"https:\/\/rahtek-dz.com\/product\/cake-taranis\/"},"modified":"2026-02-11T12:02:45","modified_gmt":"2026-02-11T11:02:45","slug":"cake-taranis","status":"publish","type":"product","link":"https:\/\/rahtek-dz.com\/ar\/product\/cake-taranis\/","title":{"rendered":"Cake Taranis"},"content":{"rendered":"<p>Les cakes Taranis \u00e0 faible teneur en prot\u00e9ines sont destin\u00e9s aux personnes n\u00e9cessitant un r\u00e9gime hypoprotidique , notamment en cas de maladies du catabolisme des acides amin\u00e9s ou d&rsquo;insuffisance r\u00e9nale. Leur texture moelleuse et leur format pratique en font une option id\u00e9ale, que ce soit pour une collation rapide ou un en-cas \u00e0 emporter. Cake Taranis : un go\u00fbter\u00a0faible en prot\u00e9ine et PRATIQUE \u00c0 EMPORTER Cake Taranis saveur abricot Le cake saveur abricot de Taranis est une fusion parfaite de douceur et de fra\u00eecheur. L&rsquo;abricot conf\u00e8re une d\u00e9licieuse saveur fruit\u00e9e, compl\u00e9t\u00e9e par la texture moelleuse du cake,\u00a0pour un plaisir gourmand sans compromis. Cake Taranis saveur\u00a0citron Pour une touche rafra\u00eechissante, optez pour le cake saveur citron de Taranis. L&rsquo;acidit\u00e9 subtile du citron se marie harmonieusement avec la douceur de la p\u00e2te. INGR\u00c9DIENTS\u00a0 ET VALEURS NUTRITIONNELLES CAKE TARANIS Ingr\u00e9dients F\u00e9cule de pomme de terre,\u00a0sucre, huile de palme non hydrog\u00e9n\u00e9e,\u00a0dextrose, eau, amidon de ma\u00efs, stabilisant (glyc\u00e9rol), \u00e9paississants (farine de\u00a0graines de caroube, gomme xanthane),\u00a0\u00e9mulsifiants (mono et diglyc\u00e9rides d\u2019acides gras, l\u00e9cithine de colza), poudre \u00e0\u00a0lever (diphosphate disodique, carbonate acide de sodium, phosphate monocalcique),\u00a0ar\u00f4mes (contient alcool), sel. Traces possibles\u00a0de\u00a0lait, d\u2019oeufs\u00a0et de\u00a0fruits \u00e0 coque. Pour le cake Taranis saveur citron, pr\u00e9sence d&rsquo;ar\u00f4me naturel de\u00a0citron (0,2%) e n plus de la liste pr\u00e9c\u00e9dente. Cakes formul\u00e9s sans gluten valeurs nutritionnelles cake taranis Valeurs nutritionnelles moyennes Pour 100g de produit Pour une portion (40g) Valeur \u00e9nerg\u00e9tique 1562 kJ (372 kcal) 625 kJ (149 kcal) Mati\u00e8res grasses 15.2 g 6.1 g Dont acides gras satur\u00e9s 7.6 g 3.0 g Glucides 58.0 g 32.0 g Dont sucres 27.1 g 10.8 g Fibres alimentaires 1.3 g 0.5 g Prot\u00e9ines 0.2 g 0.1 g Dont Ph\u00e9nylalanine 5.5 mg 2.2 mg M\u00e9thionine 4.5 mg 1.8 mg Leucine 12.0 mg 4.8 mg Thr\u00e9orine 5.4 mg 2.2 mg Isoleucine 5.2 mg 2.1 mg Lysine 3.0 mg 1.2 mg Valine 7.3 mg 2.9 mg Cystine 3.6 mg 1.4 mg Tyrosine 3.8 mg 1.5 mg Arginine 7.5 mg 3.0 mg Sel 0.73 g 0.29 g Sels min\u00e9raux Sodium 290 mg 116 mg Potassium 23.8 mg 9.5 mg Chlorure 140 mg 56.0 mg Calcium 19.0 mg 7.6 mg Phosphore 160 mg 64.0 mg Magn\u00e9sium 4.0 mg 1.6 mg Avis du \t\t\t\t\t\t\t                                                                                pharmacien \t\t\t\t\t\t\t                                                                                sur Cake Taranis Pr\u00e9cautions : les cakes Taranis sont adapt\u00e9es pour les besoins nutritionnels en cas de r\u00e9gime \u00e0 teneur r\u00e9duite en protides . Aliment di\u00e9t\u00e9tique destin\u00e9 \u00e0 des fins m\u00e9dicales sp\u00e9ciales , pauvre en prot\u00e9ines. Aliment incomplet , ne peut \u00eatre utilis\u00e9 comme seule source d\u2019alimentation. A utiliser sous contr\u00f4le m\u00e9dical . Ne convient pas aux enfants et adultes en bonne sant\u00e9, ni aux enfants de moins de 3 ans .  Conserver dans un endroit frais et sec, \u00e0 l&rsquo;abri de la lumi\u00e8re directe du soleil. Dur\u00e9e de vie : 11 mois Conditionnement propos\u00e9 par votre pharmacie en ligne : bo\u00eete de\u00a06 cakes de 40g, saveur abricot ou citron.  Retrouvez touts les produits hypoprotidiques Taranis sur notre Pharmacie en ligne. Vous aimerez peut-\u00eatre aussi les pauses dessert\u00a0Taranis go\u00fbt caramel ou fraise. Marque Taranis R\u00e9f\u00e9rence(s) 3551102150102, 3551102354791 Ancienne(s) d\u00e9signation(s) produit 3551101359476, 3551101359490, 3551102150119 Mis \u00e0 jour le : 23\/01\/2026<\/p>","protected":false},"excerpt":{"rendered":"<p>Les cakes Taranis \u00e0 faible teneur en prot\u00e9ines sont destin\u00e9s aux personnes n\u00e9cessitant un r\u00e9gime hypoprotidique , notamment en cas<\/p>","protected":false},"featured_media":17155,"comment_status":"open","ping_status":"closed","template":"","meta":{"_acf_changed":false},"product_brand":[],"product_cat":[275],"product_tag":[],"class_list":{"0":"post-17156","1":"product","2":"type-product","3":"status-publish","4":"has-post-thumbnail","6":"product_cat-aide-technique","8":"first","9":"instock","10":"shipping-taxable","11":"product-type-simple"},"acf":[],"df_price":"","df_sale_price":"","df_regular_price":"","df_image_link":"https:\/\/rahtek-dz.com\/wp-content\/uploads\/2026\/02\/w-501-h-501-zc-2-cake-taranis-taranis9-1769414307.jpg-300x300.webp","_links":{"self":[{"href":"https:\/\/rahtek-dz.com\/ar\/wp-json\/wp\/v2\/product\/17156","targetHints":{"allow":["GET"]}}],"collection":[{"href":"https:\/\/rahtek-dz.com\/ar\/wp-json\/wp\/v2\/product"}],"about":[{"href":"https:\/\/rahtek-dz.com\/ar\/wp-json\/wp\/v2\/types\/product"}],"replies":[{"embeddable":true,"href":"https:\/\/rahtek-dz.com\/ar\/wp-json\/wp\/v2\/comments?post=17156"}],"wp:featuredmedia":[{"embeddable":true,"href":"https:\/\/rahtek-dz.com\/ar\/wp-json\/wp\/v2\/media\/17155"}],"wp:attachment":[{"href":"https:\/\/rahtek-dz.com\/ar\/wp-json\/wp\/v2\/media?parent=17156"}],"wp:term":[{"taxonomy":"product_brand","embeddable":true,"href":"https:\/\/rahtek-dz.com\/ar\/wp-json\/wp\/v2\/product_brand?post=17156"},{"taxonomy":"product_cat","embeddable":true,"href":"https:\/\/rahtek-dz.com\/ar\/wp-json\/wp\/v2\/product_cat?post=17156"},{"taxonomy":"product_tag","embeddable":true,"href":"https:\/\/rahtek-dz.com\/ar\/wp-json\/wp\/v2\/product_tag?post=17156"}],"curies":[{"name":"wp","href":"https:\/\/api.w.org\/{rel}","templated":true}]}}